{"id":3838,"date":"2023-04-15T15:28:41","date_gmt":"2023-04-15T13:28:41","guid":{"rendered":"https:\/\/macustica.com\/datenschutz-bestimmungen\/"},"modified":"2023-08-05T23:17:54","modified_gmt":"2023-08-05T21:17:54","slug":"datenschutz-bestimmungen","status":"publish","type":"page","link":"https:\/\/macustica.com\/de\/datenschutz-bestimmungen\/","title":{"rendered":"Datenschutz-Bestimmungen"},"content":{"rendered":"\t\t<div data-elementor-type=\"wp-page\" data-elementor-id=\"3838\" class=\"elementor elementor-3838 elementor-945\" data-elementor-post-type=\"page\">\n\t\t\t\t<div class=\"elementor-element elementor-element-27c1851 e-flex e-con-boxed e-con e-parent\" data-id=\"27c1851\" data-element_type=\"container\">\n\t\t\t\t\t<div class=\"e-con-inner\">\n\t\t\t\t<div class=\"elementor-element elementor-element-314fb82 elementor-widget elementor-widget-heading\" data-id=\"314fb82\" data-element_type=\"widget\" data-widget_type=\"heading.default\">\n\t\t\t\t<div class=\"elementor-widget-container\">\n\t\t\t\t\t<h1 class=\"elementor-heading-title elementor-size-default\">Datenschutz-Bestimmungen<\/h1>\t\t\t\t<\/div>\n\t\t\t\t<\/div>\n\t\t\t\t<div class=\"elementor-element elementor-element-b6ebd03 elementor-widget elementor-widget-text-editor\" data-id=\"b6ebd03\" data-element_type=\"widget\" data-widget_type=\"text-editor.default\">\n\t\t\t\t<div class=\"elementor-widget-container\">\n\t\t\t\t\t\t\t\t\t<h3>1. Datenschutz-Bestimmungen<\/h3>\n<p>Mac\u00fastica informiert die Benutzer der Website \u00fcber ihre Richtlinien zur Behandlung und zum Schutz personenbezogener Daten von Benutzern und Kunden, die m\u00f6glicherweise beim Surfen auf der Website oder beim Beauftragen von Diensten \u00fcber die Website erfasst werden.<br \/>In diesem Sinne garantiert Mac\u00fastica die Einhaltung der geltenden Vorschriften zum Schutz personenbezogener Daten, die im Organgesetz 15\/1999 vom 13. Dezember zum Schutz personenbezogener Daten und im K\u00f6niglichen Erlass 1720\/2007 vom 21. Dezember zur Genehmigung der Entwicklungsverordnung zum Ausdruck kommen die LOPD.<br \/>Die Nutzung dieser Website setzt die Annahme dieser Datenschutzrichtlinie voraus.<\/p>\n<h3>2. Erhebung, Zweck und Datenverarbeitung<\/h3>\n<p>Mac\u00fastica ist verpflichtet, die Nutzer seiner Website \u00fcber die Erhebung personenbezogener Daten zu informieren, die entweder per E-Mail oder durch Ausf\u00fcllen der auf der Website enthaltenen Formulare erfolgen kann. In diesem Sinne gilt Mac\u00fastica als verantwortlich f\u00fcr die Daten, die auf die oben beschriebene Weise erhoben werden.<br \/>Im Gegenzug informiert Mac\u00fastica die Benutzer dar\u00fcber, dass der Zweck der Verarbeitung der erfassten Daten Folgendes umfasst: Die Bearbeitung von Anfragen der Benutzer, die Aufnahme in die Kontaktliste, die Erbringung von Dienstleistungen, die Verwaltung der Gesch\u00e4ftsbeziehung und andere Zwecke (ANGEBEN).<br \/>Als Verarbeitung personenbezogener Daten gelten die Vorg\u00e4nge, Verfahren und technischen Verfahren, die automatisiert oder nicht automatisiert durchgef\u00fchrt werden und die Erhebung, Speicherung, \u00c4nderung, \u00dcbertragung und andere Aktionen in Bezug auf personenbezogene Daten erm\u00f6glichen.<br \/>Alle personenbezogenen Daten, die \u00fcber die Mac\u00fastica-Website erfasst werden und daher als Verarbeitung personenbezogener Daten gelten, werden in die von Mac\u00fastica bei der spanischen Datenschutzbeh\u00f6rde angemeldeten Dateien aufgenommen.<\/p>\n<h3>3. Weitergabe von Informationen an Dritte<\/h3>\n<p>Mac\u00fastica informiert die Nutzer dar\u00fcber, dass ihre personenbezogenen Daten nicht an Drittorganisationen weitergegeben werden, es sei denn, die Weitergabe der Daten ist durch eine gesetzliche Verpflichtung gedeckt oder die Erbringung einer Dienstleistung erfordert die Notwendigkeit eines Vertragsverh\u00e4ltnisses mit einer f\u00fcr die Behandlung verantwortlichen Person . Im letzteren Fall erfolgt die Weitergabe der Daten an den Dritten nur, wenn Mac\u00fastica die ausdr\u00fcckliche Zustimmung des Nutzers vorliegt.<\/p>\n<h3>4. Rechte der Nutzer<\/h3>\n<p>Das Organgesetz 15\/1999 vom 13. Dezember zum Schutz personenbezogener Daten gew\u00e4hrt interessierten Parteien die M\u00f6glichkeit, eine Reihe von Rechten im Zusammenhang mit der Verarbeitung ihrer personenbezogenen Daten auszu\u00fcben. Soweit die Daten des Nutzers von Mac\u00fastica verarbeitet werden. Nutzer k\u00f6nnen ihre Rechte auf Zugang, Berichtigung, L\u00f6schung und Widerspruch gem\u00e4\u00df den Bestimmungen der geltenden Rechtsvorschriften zum Schutz personenbezogener Daten aus\u00fcben.<br \/>Um von diesen Rechten Gebrauch machen zu k\u00f6nnen, muss sich der Nutzer schriftlich unter Vorlage eines Identit\u00e4tsnachweises (Personalausweis oder Reisepass) an folgende Adresse wenden:<\/p>\n<p>Musik, Cami de Can Blau 10-A 07400 Alcudia Illes Balears<\/p>\n<p>oder die Adresse, die im Allgemeinen Datenschutzregister ersetzt wird. Diese Mitteilung muss folgende Informationen enthalten: Vor- und Nachname des Nutzers, Antragsanfrage, Adresse und unterst\u00fctzende Daten.<br \/>Die Aus\u00fcbung der Rechte muss durch den Nutzer selbst erfolgen. Sie k\u00f6nnen jedoch von einer bevollm\u00e4chtigten Person als gesetzlichem Vertreter der bevollm\u00e4chtigten Person ausgef\u00fchrt werden. In diesem Fall m\u00fcssen die Unterlagen vorgelegt werden, die diese Vertretung des Interessenten belegen.<\/p>\n\t\t\t\t\t\t\t\t<\/div>\n\t\t\t\t<\/div>\n\t\t\t\t\t<\/div>\n\t\t\t\t<\/div>\n\t\t\t\t<\/div>\n\t\t","protected":false},"excerpt":{"rendered":"<p>Datenschutz-Bestimmungen 1. Datenschutz-Bestimmungen Mac\u00fastica informiert die Benutzer der Website \u00fcber ihre Richtlinien zur Behandlung und zum Schutz personenbezogener Daten von Benutzern und Kunden, die m\u00f6glicherweise beim Surfen auf der Website oder beim Beauftragen von Diensten \u00fcber die Website erfasst werden.In diesem Sinne garantiert Mac\u00fastica die Einhaltung der geltenden Vorschriften zum Schutz personenbezogener Daten, die im [&hellip;]<\/p>\n","protected":false},"author":1,"featured_media":0,"parent":0,"menu_order":0,"comment_status":"closed","ping_status":"closed","template":"","meta":{"site-sidebar-layout":"no-sidebar","site-content-layout":"page-builder","ast-site-content-layout":"","site-content-style":"default","site-sidebar-style":"default","ast-global-header-display":"","ast-banner-title-visibility":"","ast-main-header-display":"","ast-hfb-above-header-display":"","ast-hfb-below-header-display":"","ast-hfb-mobile-header-display":"","site-post-title":"disabled","ast-breadcrumbs-content":"","ast-featured-img":"disabled","footer-sml-layout":"","theme-transparent-header-meta":"default","adv-header-id-meta":"","stick-header-meta":"default","header-above-stick-meta":"","header-main-stick-meta":"","header-below-stick-meta":"","astra-migrate-meta-layouts":"default","ast-page-background-enabled":"default","ast-page-background-meta":{"desktop":{"background-color":"","background-image":"","background-repeat":"repeat","background-position":"center center","background-size":"auto","background-attachment":"scroll","background-type":"","background-media":"","overlay-type":"","overlay-color":"","overlay-opacity":"","overlay-gradient":""},"tablet":{"background-color":"","background-image":"","background-repeat":"repeat","background-position":"center center","background-size":"auto","background-attachment":"scroll","background-type":"","background-media":"","overlay-type":"","overlay-color":"","overlay-opacity":"","overlay-gradient":""},"mobile":{"background-color":"","background-image":"","background-repeat":"repeat","background-position":"center center","background-size":"auto","background-attachment":"scroll","background-type":"","background-media":"","overlay-type":"","overlay-color":"","overlay-opacity":"","overlay-gradient":""}},"ast-content-background-meta":{"desktop":{"background-color":"var(--ast-global-color-5)","background-image":"","background-repeat":"repeat","background-position":"center center","background-size":"auto","background-attachment":"scroll","background-type":"","background-media":"","overlay-type":"","overlay-color":"","overlay-opacity":"","overlay-gradient":""},"tablet":{"background-color":"var(--ast-global-color-5)","background-image":"","background-repeat":"repeat","background-position":"center center","background-size":"auto","background-attachment":"scroll","background-type":"","background-media":"","overlay-type":"","overlay-color":"","overlay-opacity":"","overlay-gradient":""},"mobile":{"background-color":"var(--ast-global-color-5)","background-image":"","background-repeat":"repeat","background-position":"center center","background-size":"auto","background-attachment":"scroll","background-type":"","background-media":"","overlay-type":"","overlay-color":"","overlay-opacity":"","overlay-gradient":""}},"footnotes":""},"class_list":["post-3838","page","type-page","status-publish","hentry"],"yoast_head":"<!-- This site is optimized with the Yoast SEO plugin v26.4 - https:\/\/yoast.com\/wordpress\/plugins\/seo\/ -->\n<title>Datenschutz-Bestimmungen - Macustica<\/title>\n<meta name=\"description\" content=\"Konsultieren Sie unsere Datenschutzbestimmungen.\" \/>\n<meta name=\"robots\" content=\"noindex, follow\" \/>\n<meta property=\"og:locale\" content=\"de_DE\" \/>\n<meta property=\"og:type\" content=\"article\" \/>\n<meta property=\"og:title\" content=\"Datenschutz-Bestimmungen - Macustica\" \/>\n<meta property=\"og:description\" content=\"Konsultieren Sie unsere Datenschutzbestimmungen.\" \/>\n<meta property=\"og:url\" content=\"https:\/\/macustica.com\/de\/datenschutz-bestimmungen\/\" \/>\n<meta property=\"og:site_name\" content=\"Macustica\" \/>\n<meta property=\"article:publisher\" content=\"https:\/\/www.facebook.com\/macusticaingenieria\/?ref=bookmarks\" \/>\n<meta property=\"article:modified_time\" content=\"2023-08-05T21:17:54+00:00\" \/>\n<meta name=\"twitter:card\" content=\"summary_large_image\" \/>\n<meta name=\"twitter:site\" content=\"@m_acustica\" \/>\n<meta name=\"twitter:label1\" content=\"Gesch\u00e4tzte Lesezeit\" \/>\n\t<meta name=\"twitter:data1\" content=\"3\u00a0Minuten\" \/>\n<script type=\"application\/ld+json\" class=\"yoast-schema-graph\">{\"@context\":\"https:\/\/schema.org\",\"@graph\":[{\"@type\":\"WebPage\",\"@id\":\"https:\/\/macustica.com\/de\/datenschutz-bestimmungen\/\",\"url\":\"https:\/\/macustica.com\/de\/datenschutz-bestimmungen\/\",\"name\":\"Datenschutz-Bestimmungen - Macustica\",\"isPartOf\":{\"@id\":\"https:\/\/macustica.com\/de\/#website\"},\"datePublished\":\"2023-04-15T13:28:41+00:00\",\"dateModified\":\"2023-08-05T21:17:54+00:00\",\"description\":\"Konsultieren Sie unsere Datenschutzbestimmungen.\",\"breadcrumb\":{\"@id\":\"https:\/\/macustica.com\/de\/datenschutz-bestimmungen\/#breadcrumb\"},\"inLanguage\":\"de\",\"potentialAction\":[{\"@type\":\"ReadAction\",\"target\":[\"https:\/\/macustica.com\/de\/datenschutz-bestimmungen\/\"]}]},{\"@type\":\"BreadcrumbList\",\"@id\":\"https:\/\/macustica.com\/de\/datenschutz-bestimmungen\/#breadcrumb\",\"itemListElement\":[{\"@type\":\"ListItem\",\"position\":1,\"name\":\"Portada\",\"item\":\"https:\/\/macustica.com\/de\/startseite\/\"},{\"@type\":\"ListItem\",\"position\":2,\"name\":\"Datenschutz-Bestimmungen\"}]},{\"@type\":\"WebSite\",\"@id\":\"https:\/\/macustica.com\/de\/#website\",\"url\":\"https:\/\/macustica.com\/de\/\",\"name\":\"Macustica\",\"description\":\"\",\"publisher\":{\"@id\":\"https:\/\/macustica.com\/de\/#organization\"},\"potentialAction\":[{\"@type\":\"SearchAction\",\"target\":{\"@type\":\"EntryPoint\",\"urlTemplate\":\"https:\/\/macustica.com\/de\/?s={search_term_string}\"},\"query-input\":{\"@type\":\"PropertyValueSpecification\",\"valueRequired\":true,\"valueName\":\"search_term_string\"}}],\"inLanguage\":\"de\"},{\"@type\":\"Organization\",\"@id\":\"https:\/\/macustica.com\/de\/#organization\",\"name\":\"Mac\u00fastica\",\"alternateName\":\"Mac\u00fastica\",\"url\":\"https:\/\/macustica.com\/de\/\",\"logo\":{\"@type\":\"ImageObject\",\"inLanguage\":\"de\",\"@id\":\"https:\/\/macustica.com\/de\/#\/schema\/logo\/image\/\",\"url\":\"https:\/\/macustica.com\/wp-content\/uploads\/2023\/03\/logo-macustica.png\",\"contentUrl\":\"https:\/\/macustica.com\/wp-content\/uploads\/2023\/03\/logo-macustica.png\",\"width\":300,\"height\":85,\"caption\":\"Mac\u00fastica\"},\"image\":{\"@id\":\"https:\/\/macustica.com\/de\/#\/schema\/logo\/image\/\"},\"sameAs\":[\"https:\/\/www.facebook.com\/macusticaingenieria\/?ref=bookmarks\",\"https:\/\/x.com\/m_acustica\",\"https:\/\/www.instagram.com\/macustica\/\",\"https:\/\/www.linkedin.com\/company\/15081962?trk=tyah&trkInfo=clickedVerticalcompanyclickedEntityId15081962idx1-1-1tarId1472140082122tasmacustica\"]}]}<\/script>\n<!-- \/ Yoast SEO plugin. -->","yoast_head_json":{"title":"Datenschutz-Bestimmungen - Macustica","description":"Konsultieren Sie unsere Datenschutzbestimmungen.","robots":{"index":"noindex","follow":"follow"},"og_locale":"de_DE","og_type":"article","og_title":"Datenschutz-Bestimmungen - Macustica","og_description":"Konsultieren Sie unsere Datenschutzbestimmungen.","og_url":"https:\/\/macustica.com\/de\/datenschutz-bestimmungen\/","og_site_name":"Macustica","article_publisher":"https:\/\/www.facebook.com\/macusticaingenieria\/?ref=bookmarks","article_modified_time":"2023-08-05T21:17:54+00:00","twitter_card":"summary_large_image","twitter_site":"@m_acustica","twitter_misc":{"Gesch\u00e4tzte Lesezeit":"3\u00a0Minuten"},"schema":{"@context":"https:\/\/schema.org","@graph":[{"@type":"WebPage","@id":"https:\/\/macustica.com\/de\/datenschutz-bestimmungen\/","url":"https:\/\/macustica.com\/de\/datenschutz-bestimmungen\/","name":"Datenschutz-Bestimmungen - Macustica","isPartOf":{"@id":"https:\/\/macustica.com\/de\/#website"},"datePublished":"2023-04-15T13:28:41+00:00","dateModified":"2023-08-05T21:17:54+00:00","description":"Konsultieren Sie unsere Datenschutzbestimmungen.","breadcrumb":{"@id":"https:\/\/macustica.com\/de\/datenschutz-bestimmungen\/#breadcrumb"},"inLanguage":"de","potentialAction":[{"@type":"ReadAction","target":["https:\/\/macustica.com\/de\/datenschutz-bestimmungen\/"]}]},{"@type":"BreadcrumbList","@id":"https:\/\/macustica.com\/de\/datenschutz-bestimmungen\/#breadcrumb","itemListElement":[{"@type":"ListItem","position":1,"name":"Portada","item":"https:\/\/macustica.com\/de\/startseite\/"},{"@type":"ListItem","position":2,"name":"Datenschutz-Bestimmungen"}]},{"@type":"WebSite","@id":"https:\/\/macustica.com\/de\/#website","url":"https:\/\/macustica.com\/de\/","name":"Macustica","description":"","publisher":{"@id":"https:\/\/macustica.com\/de\/#organization"},"potentialAction":[{"@type":"SearchAction","target":{"@type":"EntryPoint","urlTemplate":"https:\/\/macustica.com\/de\/?s={search_term_string}"},"query-input":{"@type":"PropertyValueSpecification","valueRequired":true,"valueName":"search_term_string"}}],"inLanguage":"de"},{"@type":"Organization","@id":"https:\/\/macustica.com\/de\/#organization","name":"Mac\u00fastica","alternateName":"Mac\u00fastica","url":"https:\/\/macustica.com\/de\/","logo":{"@type":"ImageObject","inLanguage":"de","@id":"https:\/\/macustica.com\/de\/#\/schema\/logo\/image\/","url":"https:\/\/macustica.com\/wp-content\/uploads\/2023\/03\/logo-macustica.png","contentUrl":"https:\/\/macustica.com\/wp-content\/uploads\/2023\/03\/logo-macustica.png","width":300,"height":85,"caption":"Mac\u00fastica"},"image":{"@id":"https:\/\/macustica.com\/de\/#\/schema\/logo\/image\/"},"sameAs":["https:\/\/www.facebook.com\/macusticaingenieria\/?ref=bookmarks","https:\/\/x.com\/m_acustica","https:\/\/www.instagram.com\/macustica\/","https:\/\/www.linkedin.com\/company\/15081962?trk=tyah&trkInfo=clickedVerticalcompanyclickedEntityId15081962idx1-1-1tarId1472140082122tasmacustica"]}]}},"_links":{"self":[{"href":"https:\/\/macustica.com\/de\/wp-json\/wp\/v2\/pages\/3838","targetHints":{"allow":["GET"]}}],"collection":[{"href":"https:\/\/macustica.com\/de\/wp-json\/wp\/v2\/pages"}],"about":[{"href":"https:\/\/macustica.com\/de\/wp-json\/wp\/v2\/types\/page"}],"author":[{"embeddable":true,"href":"https:\/\/macustica.com\/de\/wp-json\/wp\/v2\/users\/1"}],"replies":[{"embeddable":true,"href":"https:\/\/macustica.com\/de\/wp-json\/wp\/v2\/comments?post=3838"}],"version-history":[{"count":1,"href":"https:\/\/macustica.com\/de\/wp-json\/wp\/v2\/pages\/3838\/revisions"}],"predecessor-version":[{"id":3839,"href":"https:\/\/macustica.com\/de\/wp-json\/wp\/v2\/pages\/3838\/revisions\/3839"}],"wp:attachment":[{"href":"https:\/\/macustica.com\/de\/wp-json\/wp\/v2\/media?parent=3838"}],"curies":[{"name":"wp","href":"https:\/\/api.w.org\/{rel}","templated":true}]}}