{"id":3832,"date":"2023-04-15T15:26:26","date_gmt":"2023-04-15T13:26:26","guid":{"rendered":"https:\/\/macustica.com\/cookie-richtlinie\/"},"modified":"2023-08-05T23:02:03","modified_gmt":"2023-08-05T21:02:03","slug":"cookie-richtlinie","status":"publish","type":"page","link":"https:\/\/macustica.com\/de\/cookie-richtlinie\/","title":{"rendered":"Cookie-Richtlinie"},"content":{"rendered":"\t\t<div data-elementor-type=\"wp-page\" data-elementor-id=\"3832\" class=\"elementor elementor-3832 elementor-939\" data-elementor-post-type=\"page\">\n\t\t\t\t<div class=\"elementor-element elementor-element-160d01d e-flex e-con-boxed e-con e-parent\" data-id=\"160d01d\" data-element_type=\"container\">\n\t\t\t\t\t<div class=\"e-con-inner\">\n\t\t\t\t<div class=\"elementor-element elementor-element-8e1e1aa elementor-widget elementor-widget-heading\" data-id=\"8e1e1aa\" data-element_type=\"widget\" data-widget_type=\"heading.default\">\n\t\t\t\t<div class=\"elementor-widget-container\">\n\t\t\t\t\t<h1 class=\"elementor-heading-title elementor-size-default\">Cookie-Richtlinie<\/h1>\t\t\t\t<\/div>\n\t\t\t\t<\/div>\n\t\t\t\t<div class=\"elementor-element elementor-element-0ad0d38 elementor-widget elementor-widget-text-editor\" data-id=\"0ad0d38\" data-element_type=\"widget\" data-widget_type=\"text-editor.default\">\n\t\t\t\t<div class=\"elementor-widget-container\">\n\t\t\t\t\t\t\t\t\t<div class=\"entry-content\">\n<p>Der Zweck dieser Cookie-Richtlinie besteht darin, Sie klar und pr\u00e4zise \u00fcber die auf der Mac\u00fastica-Website verwendeten Cookies zu informieren.<\/p>\n<h3>Was sind Cookies?<\/h3>\n<p>Ein Cookie ist ein kleines Textst\u00fcck, das von den von Ihnen besuchten Websites an Ihren Browser gesendet wird und es der Website erm\u00f6glicht, sich Informationen \u00fcber Ihren Besuch zu merken, wie z. B. Ihre bevorzugte Sprache und andere Optionen, um Ihren n\u00e4chsten Besuch zu erleichtern und die Website zu Ihren Favoriten zu machen finde es am n\u00fctzlichsten. Cookies spielen eine sehr wichtige Rolle und tragen zu einem besseren Surferlebnis f\u00fcr den Benutzer bei.<\/p>\n<h3>Cookie-Typen<\/h3>\n<p>Je nachdem, wer die Dom\u00e4ne ist, von der aus die Cookies gesendet und die erhaltenen Daten verarbeitet werden, k\u00f6nnen zwei Arten unterschieden werden: eigene Cookies und Cookies von Drittanbietern.<br \/>Es gibt auch eine zweite Klassifizierung nach der Dauer, die sie im Browser des Kunden gespeichert bleiben, n\u00e4mlich Sitzungscookies oder dauerhafte Cookies.<br \/>Schlie\u00dflich gibt es eine weitere Klassifizierung mit f\u00fcnf Arten von Cookies entsprechend dem Zweck, f\u00fcr den die erhaltenen Daten verarbeitet werden: technische Cookies, Personalisierungs-Cookies, Analyse-Cookies, Werbe-Cookies und verhaltensbezogene Werbe-Cookies.<br \/>Weitere Informationen hierzu finden Sie im Leitfaden zur Verwendung von Cookies der spanischen Datenschutzbeh\u00f6rde.<\/p>\n<h3>Im Internet verwendete Cookies<\/h3>\n<p>Nachfolgend sind die auf diesem Portal verwendeten Cookies sowie deren Art und Funktion aufgef\u00fchrt:<br \/>Die Mac\u00fastica-Website verwendet Google Analytics, einen von Google entwickelten Webanalysedienst, der die Messung und Analyse der Navigation auf Webseiten erm\u00f6glicht. In Ihrem Browser k\u00f6nnen Sie Cookies von diesem Dienst sehen. Nach der bisherigen Typologie handelt es sich dabei um eigene Cookies, Sitzungscookies und Analysecookies.<br \/>Durch die Webanalyse werden Informationen \u00fcber die Anzahl der Benutzer, die auf das Web zugreifen, die Anzahl der aufgerufenen Seiten, die H\u00e4ufigkeit und Wiederholung der Besuche, deren Dauer, den verwendeten Browser, den Betreiber, der den Dienst bereitstellt, die Sprache und das von Ihnen verwendete Endger\u00e4t gewonnen Nutzung und die Stadt, der Ihre IP-Adresse zugeordnet ist. Informationen, die einen besseren und passenderen Service dieses Portals erm\u00f6glichen.<br \/>Um die Anonymit\u00e4t zu gew\u00e4hrleisten, anonymisiert Google Ihre Informationen, indem es die IP-Adresse vor der Speicherung k\u00fcrzt, sodass Google Analytics nicht dazu verwendet wird, personenbezogene Daten von Website-Besuchern zu ermitteln oder zu sammeln. Google darf die von Google Analytics gesammelten Informationen nur dann an Dritte weitergeben, wenn Google dazu gesetzlich verpflichtet ist. Gem\u00e4\u00df den Nutzungsbedingungen von Google Analytics wird Google Ihre IP-Adresse nicht mit anderen Daten von Google in Verbindung bringen.<\/p>\n<h3>Akzeptanz der Cookie-Richtlinie<\/h3>\n<p>Durch Klicken auf die Schaltfl\u00e4che \u201eAkzeptieren\u201c wird davon ausgegangen, dass Sie der Verwendung von Cookies zustimmen.<br \/>So \u00e4ndern Sie die Cookie-Einstellungen<br \/>Sie k\u00f6nnen Cookies von Mac\u00fastica oder jeder anderen Webseite mit Ihrem Browser einschr\u00e4nken, blockieren oder l\u00f6schen. In jedem Browser ist die Bedienung anders, die \u201eHilfe\u201c-Funktion zeigt Ihnen, wie es geht.<\/p>\n<\/div>\n\t\t\t\t\t\t\t\t<\/div>\n\t\t\t\t<\/div>\n\t\t\t\t\t<\/div>\n\t\t\t\t<\/div>\n\t\t\t\t<\/div>\n\t\t","protected":false},"excerpt":{"rendered":"<p>Cookie-Richtlinie Der Zweck dieser Cookie-Richtlinie besteht darin, Sie klar und pr\u00e4zise \u00fcber die auf der Mac\u00fastica-Website verwendeten Cookies zu informieren. Was sind Cookies? Ein Cookie ist ein kleines Textst\u00fcck, das von den von Ihnen besuchten Websites an Ihren Browser gesendet wird und es der Website erm\u00f6glicht, sich Informationen \u00fcber Ihren Besuch zu merken, wie z. [&hellip;]<\/p>\n","protected":false},"author":1,"featured_media":0,"parent":0,"menu_order":0,"comment_status":"closed","ping_status":"closed","template":"","meta":{"site-sidebar-layout":"no-sidebar","site-content-layout":"page-builder","ast-site-content-layout":"","site-content-style":"default","site-sidebar-style":"default","ast-global-header-display":"","ast-banner-title-visibility":"","ast-main-header-display":"","ast-hfb-above-header-display":"","ast-hfb-below-header-display":"","ast-hfb-mobile-header-display":"","site-post-title":"disabled","ast-breadcrumbs-content":"","ast-featured-img":"disabled","footer-sml-layout":"","theme-transparent-header-meta":"default","adv-header-id-meta":"","stick-header-meta":"default","header-above-stick-meta":"","header-main-stick-meta":"","header-below-stick-meta":"","astra-migrate-meta-layouts":"default","ast-page-background-enabled":"default","ast-page-background-meta":{"desktop":{"background-color":"","background-image":"","background-repeat":"repeat","background-position":"center center","background-size":"auto","background-attachment":"scroll","background-type":"","background-media":"","overlay-type":"","overlay-color":"","overlay-opacity":"","overlay-gradient":""},"tablet":{"background-color":"","background-image":"","background-repeat":"repeat","background-position":"center center","background-size":"auto","background-attachment":"scroll","background-type":"","background-media":"","overlay-type":"","overlay-color":"","overlay-opacity":"","overlay-gradient":""},"mobile":{"background-color":"","background-image":"","background-repeat":"repeat","background-position":"center center","background-size":"auto","background-attachment":"scroll","background-type":"","background-media":"","overlay-type":"","overlay-color":"","overlay-opacity":"","overlay-gradient":""}},"ast-content-background-meta":{"desktop":{"background-color":"var(--ast-global-color-5)","background-image":"","background-repeat":"repeat","background-position":"center center","background-size":"auto","background-attachment":"scroll","background-type":"","background-media":"","overlay-type":"","overlay-color":"","overlay-opacity":"","overlay-gradient":""},"tablet":{"background-color":"var(--ast-global-color-5)","background-image":"","background-repeat":"repeat","background-position":"center center","background-size":"auto","background-attachment":"scroll","background-type":"","background-media":"","overlay-type":"","overlay-color":"","overlay-opacity":"","overlay-gradient":""},"mobile":{"background-color":"var(--ast-global-color-5)","background-image":"","background-repeat":"repeat","background-position":"center center","background-size":"auto","background-attachment":"scroll","background-type":"","background-media":"","overlay-type":"","overlay-color":"","overlay-opacity":"","overlay-gradient":""}},"footnotes":""},"class_list":["post-3832","page","type-page","status-publish","hentry"],"yoast_head":"<!-- This site is optimized with the Yoast SEO plugin v26.4 - https:\/\/yoast.com\/wordpress\/plugins\/seo\/ -->\n<title>Cookie-Richtlinie - Macustica<\/title>\n<meta name=\"description\" content=\"Konsultieren Sie unsere Cookie-Richtlinie.\" \/>\n<meta name=\"robots\" content=\"noindex, follow\" \/>\n<meta property=\"og:locale\" content=\"de_DE\" \/>\n<meta property=\"og:type\" content=\"article\" \/>\n<meta property=\"og:title\" content=\"Cookie-Richtlinie - Macustica\" \/>\n<meta property=\"og:description\" content=\"Konsultieren Sie unsere Cookie-Richtlinie.\" \/>\n<meta property=\"og:url\" content=\"https:\/\/macustica.com\/de\/cookie-richtlinie\/\" \/>\n<meta property=\"og:site_name\" content=\"Macustica\" \/>\n<meta property=\"article:publisher\" content=\"https:\/\/www.facebook.com\/macusticaingenieria\/?ref=bookmarks\" \/>\n<meta property=\"article:modified_time\" content=\"2023-08-05T21:02:03+00:00\" \/>\n<meta name=\"twitter:card\" content=\"summary_large_image\" \/>\n<meta name=\"twitter:site\" content=\"@m_acustica\" \/>\n<meta name=\"twitter:label1\" content=\"Gesch\u00e4tzte Lesezeit\" \/>\n\t<meta name=\"twitter:data1\" content=\"2\u00a0Minuten\" \/>\n<script type=\"application\/ld+json\" class=\"yoast-schema-graph\">{\"@context\":\"https:\/\/schema.org\",\"@graph\":[{\"@type\":\"WebPage\",\"@id\":\"https:\/\/macustica.com\/de\/cookie-richtlinie\/\",\"url\":\"https:\/\/macustica.com\/de\/cookie-richtlinie\/\",\"name\":\"Cookie-Richtlinie - Macustica\",\"isPartOf\":{\"@id\":\"https:\/\/macustica.com\/de\/#website\"},\"datePublished\":\"2023-04-15T13:26:26+00:00\",\"dateModified\":\"2023-08-05T21:02:03+00:00\",\"description\":\"Konsultieren Sie unsere Cookie-Richtlinie.\",\"breadcrumb\":{\"@id\":\"https:\/\/macustica.com\/de\/cookie-richtlinie\/#breadcrumb\"},\"inLanguage\":\"de\",\"potentialAction\":[{\"@type\":\"ReadAction\",\"target\":[\"https:\/\/macustica.com\/de\/cookie-richtlinie\/\"]}]},{\"@type\":\"BreadcrumbList\",\"@id\":\"https:\/\/macustica.com\/de\/cookie-richtlinie\/#breadcrumb\",\"itemListElement\":[{\"@type\":\"ListItem\",\"position\":1,\"name\":\"Portada\",\"item\":\"https:\/\/macustica.com\/de\/startseite\/\"},{\"@type\":\"ListItem\",\"position\":2,\"name\":\"Cookie-Richtlinie\"}]},{\"@type\":\"WebSite\",\"@id\":\"https:\/\/macustica.com\/de\/#website\",\"url\":\"https:\/\/macustica.com\/de\/\",\"name\":\"Macustica\",\"description\":\"\",\"publisher\":{\"@id\":\"https:\/\/macustica.com\/de\/#organization\"},\"potentialAction\":[{\"@type\":\"SearchAction\",\"target\":{\"@type\":\"EntryPoint\",\"urlTemplate\":\"https:\/\/macustica.com\/de\/?s={search_term_string}\"},\"query-input\":{\"@type\":\"PropertyValueSpecification\",\"valueRequired\":true,\"valueName\":\"search_term_string\"}}],\"inLanguage\":\"de\"},{\"@type\":\"Organization\",\"@id\":\"https:\/\/macustica.com\/de\/#organization\",\"name\":\"Mac\u00fastica\",\"alternateName\":\"Mac\u00fastica\",\"url\":\"https:\/\/macustica.com\/de\/\",\"logo\":{\"@type\":\"ImageObject\",\"inLanguage\":\"de\",\"@id\":\"https:\/\/macustica.com\/de\/#\/schema\/logo\/image\/\",\"url\":\"https:\/\/macustica.com\/wp-content\/uploads\/2023\/03\/logo-macustica.png\",\"contentUrl\":\"https:\/\/macustica.com\/wp-content\/uploads\/2023\/03\/logo-macustica.png\",\"width\":300,\"height\":85,\"caption\":\"Mac\u00fastica\"},\"image\":{\"@id\":\"https:\/\/macustica.com\/de\/#\/schema\/logo\/image\/\"},\"sameAs\":[\"https:\/\/www.facebook.com\/macusticaingenieria\/?ref=bookmarks\",\"https:\/\/x.com\/m_acustica\",\"https:\/\/www.instagram.com\/macustica\/\",\"https:\/\/www.linkedin.com\/company\/15081962?trk=tyah&trkInfo=clickedVerticalcompanyclickedEntityId15081962idx1-1-1tarId1472140082122tasmacustica\"]}]}<\/script>\n<!-- \/ Yoast SEO plugin. -->","yoast_head_json":{"title":"Cookie-Richtlinie - Macustica","description":"Konsultieren Sie unsere Cookie-Richtlinie.","robots":{"index":"noindex","follow":"follow"},"og_locale":"de_DE","og_type":"article","og_title":"Cookie-Richtlinie - Macustica","og_description":"Konsultieren Sie unsere Cookie-Richtlinie.","og_url":"https:\/\/macustica.com\/de\/cookie-richtlinie\/","og_site_name":"Macustica","article_publisher":"https:\/\/www.facebook.com\/macusticaingenieria\/?ref=bookmarks","article_modified_time":"2023-08-05T21:02:03+00:00","twitter_card":"summary_large_image","twitter_site":"@m_acustica","twitter_misc":{"Gesch\u00e4tzte Lesezeit":"2\u00a0Minuten"},"schema":{"@context":"https:\/\/schema.org","@graph":[{"@type":"WebPage","@id":"https:\/\/macustica.com\/de\/cookie-richtlinie\/","url":"https:\/\/macustica.com\/de\/cookie-richtlinie\/","name":"Cookie-Richtlinie - Macustica","isPartOf":{"@id":"https:\/\/macustica.com\/de\/#website"},"datePublished":"2023-04-15T13:26:26+00:00","dateModified":"2023-08-05T21:02:03+00:00","description":"Konsultieren Sie unsere Cookie-Richtlinie.","breadcrumb":{"@id":"https:\/\/macustica.com\/de\/cookie-richtlinie\/#breadcrumb"},"inLanguage":"de","potentialAction":[{"@type":"ReadAction","target":["https:\/\/macustica.com\/de\/cookie-richtlinie\/"]}]},{"@type":"BreadcrumbList","@id":"https:\/\/macustica.com\/de\/cookie-richtlinie\/#breadcrumb","itemListElement":[{"@type":"ListItem","position":1,"name":"Portada","item":"https:\/\/macustica.com\/de\/startseite\/"},{"@type":"ListItem","position":2,"name":"Cookie-Richtlinie"}]},{"@type":"WebSite","@id":"https:\/\/macustica.com\/de\/#website","url":"https:\/\/macustica.com\/de\/","name":"Macustica","description":"","publisher":{"@id":"https:\/\/macustica.com\/de\/#organization"},"potentialAction":[{"@type":"SearchAction","target":{"@type":"EntryPoint","urlTemplate":"https:\/\/macustica.com\/de\/?s={search_term_string}"},"query-input":{"@type":"PropertyValueSpecification","valueRequired":true,"valueName":"search_term_string"}}],"inLanguage":"de"},{"@type":"Organization","@id":"https:\/\/macustica.com\/de\/#organization","name":"Mac\u00fastica","alternateName":"Mac\u00fastica","url":"https:\/\/macustica.com\/de\/","logo":{"@type":"ImageObject","inLanguage":"de","@id":"https:\/\/macustica.com\/de\/#\/schema\/logo\/image\/","url":"https:\/\/macustica.com\/wp-content\/uploads\/2023\/03\/logo-macustica.png","contentUrl":"https:\/\/macustica.com\/wp-content\/uploads\/2023\/03\/logo-macustica.png","width":300,"height":85,"caption":"Mac\u00fastica"},"image":{"@id":"https:\/\/macustica.com\/de\/#\/schema\/logo\/image\/"},"sameAs":["https:\/\/www.facebook.com\/macusticaingenieria\/?ref=bookmarks","https:\/\/x.com\/m_acustica","https:\/\/www.instagram.com\/macustica\/","https:\/\/www.linkedin.com\/company\/15081962?trk=tyah&trkInfo=clickedVerticalcompanyclickedEntityId15081962idx1-1-1tarId1472140082122tasmacustica"]}]}},"_links":{"self":[{"href":"https:\/\/macustica.com\/de\/wp-json\/wp\/v2\/pages\/3832","targetHints":{"allow":["GET"]}}],"collection":[{"href":"https:\/\/macustica.com\/de\/wp-json\/wp\/v2\/pages"}],"about":[{"href":"https:\/\/macustica.com\/de\/wp-json\/wp\/v2\/types\/page"}],"author":[{"embeddable":true,"href":"https:\/\/macustica.com\/de\/wp-json\/wp\/v2\/users\/1"}],"replies":[{"embeddable":true,"href":"https:\/\/macustica.com\/de\/wp-json\/wp\/v2\/comments?post=3832"}],"version-history":[{"count":1,"href":"https:\/\/macustica.com\/de\/wp-json\/wp\/v2\/pages\/3832\/revisions"}],"predecessor-version":[{"id":3833,"href":"https:\/\/macustica.com\/de\/wp-json\/wp\/v2\/pages\/3832\/revisions\/3833"}],"wp:attachment":[{"href":"https:\/\/macustica.com\/de\/wp-json\/wp\/v2\/media?parent=3832"}],"curies":[{"name":"wp","href":"https:\/\/api.w.org\/{rel}","templated":true}]}}