{"id":3826,"date":"2023-07-31T17:00:47","date_gmt":"2023-07-31T15:00:47","guid":{"rendered":"https:\/\/macustica.com\/akustiktechnik\/"},"modified":"2023-08-05T22:40:28","modified_gmt":"2023-08-05T20:40:28","slug":"akustiktechnik","status":"publish","type":"page","link":"https:\/\/macustica.com\/de\/akustiktechnik\/","title":{"rendered":"Akustiktechnik"},"content":{"rendered":"\t\t<div data-elementor-type=\"wp-page\" data-elementor-id=\"3826\" class=\"elementor elementor-3826 elementor-1805\" data-elementor-post-type=\"page\">\n\t\t\t\t<div class=\"elementor-element elementor-element-424935a e-flex e-con-boxed e-con e-parent\" data-id=\"424935a\" data-element_type=\"container\" data-settings=\"{&quot;background_background&quot;:&quot;classic&quot;}\">\n\t\t\t\t\t<div class=\"e-con-inner\">\n\t\t<div class=\"elementor-element elementor-element-8ed9b7a e-flex e-con-boxed e-con e-parent\" data-id=\"8ed9b7a\" data-element_type=\"container\">\n\t\t\t\t\t<div class=\"e-con-inner\">\n\t\t\t\t<div class=\"elementor-element elementor-element-562da54 elementor-widget elementor-widget-image\" data-id=\"562da54\" data-element_type=\"widget\" data-widget_type=\"image.default\">\n\t\t\t\t<div class=\"elementor-widget-container\">\n\t\t\t\t\t\t\t\t\t\t\t\t\t\t\t<img fetchpriority=\"high\" decoding=\"async\" width=\"500\" height=\"164\" src=\"https:\/\/macustica.com\/wp-content\/uploads\/2023\/07\/logo-macustica-blanco.png\" class=\"attachment-large size-large wp-image-3475\" alt=\"\" srcset=\"https:\/\/macustica.com\/wp-content\/uploads\/2023\/07\/logo-macustica-blanco.png 500w, https:\/\/macustica.com\/wp-content\/uploads\/2023\/07\/logo-macustica-blanco-300x98.png 300w\" sizes=\"(max-width: 500px) 100vw, 500px\" \/>\t\t\t\t\t\t\t\t\t\t\t\t\t\t\t<\/div>\n\t\t\t\t<\/div>\n\t\t\t\t\t<\/div>\n\t\t\t\t<\/div>\n\t\t<div class=\"elementor-element elementor-element-439090c e-flex e-con-boxed e-con e-parent\" data-id=\"439090c\" data-element_type=\"container\">\n\t\t\t\t\t<div class=\"e-con-inner\">\n\t\t<div class=\"elementor-element elementor-element-446e548 e-flex e-con-boxed e-con e-parent\" data-id=\"446e548\" data-element_type=\"container\">\n\t\t\t\t\t<div class=\"e-con-inner\">\n\t\t\t\t<div class=\"elementor-element elementor-element-223ebd4 elementor-widget elementor-widget-heading\" data-id=\"223ebd4\" data-element_type=\"widget\" data-widget_type=\"heading.default\">\n\t\t\t\t<div class=\"elementor-widget-container\">\n\t\t\t\t\t<h1 class=\"elementor-heading-title elementor-size-default\">AKUSTIKTECHNIK<\/h1>\t\t\t\t<\/div>\n\t\t\t\t<\/div>\n\t\t\t\t<div class=\"elementor-element elementor-element-246e2d0 elementor-widget elementor-widget-text-editor\" data-id=\"246e2d0\" data-element_type=\"widget\" data-widget_type=\"text-editor.default\">\n\t\t\t\t<div class=\"elementor-widget-container\">\n\t\t\t\t\t\t\t\t\t<p>Akustische Studien. L\u00e4rmkarten und Fl\u00e4chennutzungsplanung. Konditionierung von Restaurants, Cafeterien, Bars, Speises\u00e4len und gro\u00dfen Gewerbefl\u00e4chen. Industrielle Anwendungen f\u00fcr Klimatisierung, Bel\u00fcftung, Absaugung, industrielle K\u00fchlger\u00e4te usw. Sportzentrum. Hotels und musikalische Aktivit\u00e4ten.<\/p>\n<p><strong>Wir sind sicher, dass es f\u00fcr Ihr Problem eine L\u00f6sung gibt<\/strong><\/p>\n\t\t\t\t\t\t\t\t<\/div>\n\t\t\t\t<\/div>\n\t\t\t\t<div class=\"elementor-element elementor-element-a74543e elementor-widget elementor-widget-html\" data-id=\"a74543e\" data-element_type=\"widget\" data-widget_type=\"html.default\">\n\t\t\t\t<div class=\"elementor-widget-container\">\n\t\t\t\t\t<a target=\"_blank\" href=\"tel:0034692319767\" class=\"btn-tel-landing\">\n    <i class=\"fa fa-phone\"><\/i> Rufen Sie uns unter 692 31 97 67 an\n<\/a>\n\n<a target=\"_blank\" href=\"https:\/\/wa.me\/697635751\" class=\"btn-wa-landing\">\n    <i class=\"faB fa-whatsapp\"><\/i> Schreiben Sie uns per WhatsApp\n<\/a>\t\t\t\t<\/div>\n\t\t\t\t<\/div>\n\t\t\t\t\t<\/div>\n\t\t\t\t<\/div>\n\t\t<div class=\"elementor-element elementor-element-3a66f22 e-flex e-con-boxed e-con e-parent\" data-id=\"3a66f22\" data-element_type=\"container\">\n\t\t\t\t\t<div class=\"e-con-inner\">\n\t\t\t\t<div class=\"elementor-element elementor-element-8d34657 elementor-widget elementor-widget-shortcode\" data-id=\"8d34657\" data-element_type=\"widget\" data-widget_type=\"shortcode.default\">\n\t\t\t\t<div class=\"elementor-widget-container\">\n\t\t\t\t\t\t\t<div class=\"elementor-shortcode\">\n<div class=\"wpcf7 no-js\" id=\"wpcf7-f3983-o1\" lang=\"de-DE\" dir=\"ltr\" data-wpcf7-id=\"3983\">\n<div class=\"screen-reader-response\"><p role=\"status\" aria-live=\"polite\" aria-atomic=\"true\"><\/p> <ul><\/ul><\/div>\n<form action=\"\/de\/wp-json\/wp\/v2\/pages\/3826#wpcf7-f3983-o1\" method=\"post\" class=\"wpcf7-form init\" aria-label=\"Kontaktformular\" novalidate=\"novalidate\" data-status=\"init\">\n<fieldset class=\"hidden-fields-container\"><input type=\"hidden\" name=\"_wpcf7\" value=\"3983\" \/><input type=\"hidden\" name=\"_wpcf7_version\" value=\"6.1.3\" \/><input type=\"hidden\" name=\"_wpcf7_locale\" value=\"de_DE\" \/><input type=\"hidden\" name=\"_wpcf7_unit_tag\" value=\"wpcf7-f3983-o1\" \/><input type=\"hidden\" name=\"_wpcf7_container_post\" value=\"0\" \/><input type=\"hidden\" name=\"_wpcf7_posted_data_hash\" value=\"\" \/><input type=\"hidden\" name=\"_wpcf7_recaptcha_response\" value=\"\" \/>\n<\/fieldset>\n<div class=\"formulario landing\">\n\t<div class=\"fila1\">\n\t\t<div class=\"campo\">\n\t\t\t<p><span class=\"wpcf7-form-control-wrap\" data-name=\"eqpa\"><input size=\"40\" maxlength=\"400\" class=\"wpcf7-form-control wpcf7-text wpcf7-validates-as-required\" aria-required=\"true\" aria-invalid=\"false\" placeholder=\"Wie k\u00f6nnen wir Ihnen helfen? *\" value=\"\" type=\"text\" name=\"eqpa\" \/><\/span>\n\t\t\t<\/p>\n\t\t<\/div>\n\t<\/div>\n\t<div class=\"fila1\">\n\t\t<div class=\"campo\">\n\t\t\t<p><span class=\"wpcf7-form-control-wrap\" data-name=\"tn\"><input size=\"40\" maxlength=\"400\" class=\"wpcf7-form-control wpcf7-text wpcf7-validates-as-required\" aria-required=\"true\" aria-invalid=\"false\" placeholder=\"Name *\" value=\"\" type=\"text\" name=\"tn\" \/><\/span>\n\t\t\t<\/p>\n\t\t<\/div>\n\t<\/div>\n\t<div class=\"fila1\">\n\t\t<div class=\"campo\">\n\t\t\t<p><span class=\"wpcf7-form-control-wrap\" data-name=\"your-email\"><input size=\"40\" maxlength=\"400\" class=\"wpcf7-form-control wpcf7-email wpcf7-validates-as-required wpcf7-text wpcf7-validates-as-email\" aria-required=\"true\" aria-invalid=\"false\" placeholder=\"Email *\" value=\"\" type=\"email\" name=\"your-email\" \/><\/span>\n\t\t\t<\/p>\n\t\t<\/div>\n\t<\/div>\n\t<div class=\"fila1\">\n\t\t<div class=\"campo\">\n\t\t\t<p><span class=\"wpcf7-form-control-wrap\" data-name=\"your-message\"><textarea cols=\"40\" rows=\"10\" maxlength=\"2000\" class=\"wpcf7-form-control wpcf7-textarea wpcf7-validates-as-required\" aria-required=\"true\" aria-invalid=\"false\" placeholder=\"Legen Sie Ihr Problem offen *\" name=\"your-message\"><\/textarea><\/span>\n\t\t\t<\/p>\n\t\t<\/div>\n\t<\/div>\n\t<div class=\"fila1\">\n\t\t<div class=\"aviso\">\n\t\t\t<p><span class=\"wpcf7-form-control-wrap\" data-name=\"rgpd\"><span class=\"wpcf7-form-control wpcf7-acceptance\"><span class=\"wpcf7-list-item\"><label><input type=\"checkbox\" name=\"rgpd\" value=\"1\" aria-invalid=\"false\" \/><span class=\"wpcf7-list-item-label\">Ich habe die Datenschutzerkl\u00e4rung gelesen und akzeptiere sie<\/span><\/label><\/span><\/span><\/span>\n\t\t\t<\/p>\n\t\t<\/div>\n\t<\/div>\n\t<div class=\"fila1\">\n\t\t<div class=\"aviso\">\n\t\t\t<p>Diese Website ist durch reCAPTCHA gesch\u00fctzt und es gelten die <a href=\"https:\/\/policies.google.com\/privacy\" target=\"_blank\">Datenschutzbestimmungen<\/a> und <a href=\"https:\/\/policies.google.com\/terms\" target=\"_blank\">Nutzungsbedingungen<\/a> von Google.\n\t\t\t<\/p>\n\t\t<\/div>\n\t<\/div>\n\t<div class=\"enviar\">\n\t\t<p><input class=\"wpcf7-form-control wpcf7-submit has-spinner\" type=\"submit\" value=\"Env\u00eda tu consulta\" \/>\n\t\t<\/p>\n\t<\/div>\n<\/div><p style=\"display: none !important;\" class=\"akismet-fields-container\" data-prefix=\"_wpcf7_ak_\"><label>&#916;<textarea name=\"_wpcf7_ak_hp_textarea\" cols=\"45\" rows=\"8\" maxlength=\"100\"><\/textarea><\/label><input type=\"hidden\" id=\"ak_js_1\" name=\"_wpcf7_ak_js\" value=\"83\"\/><script>document.getElementById( \"ak_js_1\" ).setAttribute( \"value\", ( new Date() ).getTime() );<\/script><\/p><div class=\"wpcf7-response-output\" aria-hidden=\"true\"><\/div>\n<\/form>\n<\/div>\n<\/div>\n\t\t\t\t\t\t<\/div>\n\t\t\t\t<\/div>\n\t\t\t\t\t<\/div>\n\t\t\t\t<\/div>\n\t\t\t\t\t<\/div>\n\t\t\t\t<\/div>\n\t\t\t\t\t<\/div>\n\t\t\t\t<\/div>\n\t\t\t\t<\/div>\n\t\t","protected":false},"excerpt":{"rendered":"<p>AKUSTIKTECHNIK Akustische Studien. L\u00e4rmkarten und Fl\u00e4chennutzungsplanung. Konditionierung von Restaurants, Cafeterien, Bars, Speises\u00e4len und gro\u00dfen Gewerbefl\u00e4chen. Industrielle Anwendungen f\u00fcr Klimatisierung, Bel\u00fcftung, Absaugung, industrielle K\u00fchlger\u00e4te usw. Sportzentrum. Hotels und musikalische Aktivit\u00e4ten. Wir sind sicher, dass es f\u00fcr Ihr Problem eine L\u00f6sung gibt Rufen Sie uns unter 692 31 97 67 an Schreiben Sie uns per WhatsApp<\/p>\n","protected":false},"author":1,"featured_media":0,"parent":0,"menu_order":0,"comment_status":"closed","ping_status":"closed","template":"elementor_canvas","meta":{"site-sidebar-layout":"no-sidebar","site-content-layout":"page-builder","ast-site-content-layout":"","site-content-style":"default","site-sidebar-style":"default","ast-global-header-display":"","ast-banner-title-visibility":"","ast-main-header-display":"","ast-hfb-above-header-display":"","ast-hfb-below-header-display":"","ast-hfb-mobile-header-display":"","site-post-title":"disabled","ast-breadcrumbs-content":"","ast-featured-img":"disabled","footer-sml-layout":"","theme-transparent-header-meta":"default","adv-header-id-meta":"","stick-header-meta":"default","header-above-stick-meta":"","header-main-stick-meta":"","header-below-stick-meta":"","astra-migrate-meta-layouts":"default","ast-page-background-enabled":"default","ast-page-background-meta":{"desktop":{"background-color":"","background-image":"","background-repeat":"repeat","background-position":"center center","background-size":"auto","background-attachment":"scroll","background-type":"","background-media":"","overlay-type":"","overlay-color":"","overlay-opacity":"","overlay-gradient":""},"tablet":{"background-color":"","background-image":"","background-repeat":"repeat","background-position":"center center","background-size":"auto","background-attachment":"scroll","background-type":"","background-media":"","overlay-type":"","overlay-color":"","overlay-opacity":"","overlay-gradient":""},"mobile":{"background-color":"","background-image":"","background-repeat":"repeat","background-position":"center center","background-size":"auto","background-attachment":"scroll","background-type":"","background-media":"","overlay-type":"","overlay-color":"","overlay-opacity":"","overlay-gradient":""}},"ast-content-background-meta":{"desktop":{"background-color":"var(--ast-global-color-5)","background-image":"","background-repeat":"repeat","background-position":"center center","background-size":"auto","background-attachment":"scroll","background-type":"","background-media":"","overlay-type":"","overlay-color":"","overlay-opacity":"","overlay-gradient":""},"tablet":{"background-color":"var(--ast-global-color-5)","background-image":"","background-repeat":"repeat","background-position":"center center","background-size":"auto","background-attachment":"scroll","background-type":"","background-media":"","overlay-type":"","overlay-color":"","overlay-opacity":"","overlay-gradient":""},"mobile":{"background-color":"var(--ast-global-color-5)","background-image":"","background-repeat":"repeat","background-position":"center center","background-size":"auto","background-attachment":"scroll","background-type":"","background-media":"","overlay-type":"","overlay-color":"","overlay-opacity":"","overlay-gradient":""}},"footnotes":""},"class_list":["post-3826","page","type-page","status-publish","hentry"],"yoast_head":"<!-- This site is optimized with the Yoast SEO plugin v26.4 - https:\/\/yoast.com\/wordpress\/plugins\/seo\/ -->\n<title>Akustiktechnik - Macustica<\/title>\n<meta name=\"description\" content=\"Wir k\u00fcmmern uns um die Akustikstudien, L\u00e4rmkarten und Raumplanung sowie die Konditionierung der R\u00e4umlichkeiten.\" \/>\n<meta name=\"robots\" content=\"index, follow, max-snippet:-1, max-image-preview:large, max-video-preview:-1\" \/>\n<link rel=\"canonical\" href=\"https:\/\/macustica.com\/de\/akustiktechnik\/\" \/>\n<meta property=\"og:locale\" content=\"de_DE\" \/>\n<meta property=\"og:type\" content=\"article\" \/>\n<meta property=\"og:title\" content=\"Akustiktechnik - Macustica\" \/>\n<meta property=\"og:description\" content=\"Wir k\u00fcmmern uns um die Akustikstudien, L\u00e4rmkarten und Raumplanung sowie die Konditionierung der R\u00e4umlichkeiten.\" \/>\n<meta property=\"og:url\" content=\"https:\/\/macustica.com\/de\/akustiktechnik\/\" \/>\n<meta property=\"og:site_name\" content=\"Macustica\" \/>\n<meta property=\"article:publisher\" content=\"https:\/\/www.facebook.com\/macusticaingenieria\/?ref=bookmarks\" \/>\n<meta property=\"article:modified_time\" content=\"2023-08-05T20:40:28+00:00\" \/>\n<meta property=\"og:image\" content=\"https:\/\/macustica.com\/wp-content\/uploads\/2023\/07\/logo-macustica-blanco.png\" \/>\n<meta name=\"twitter:card\" content=\"summary_large_image\" \/>\n<meta name=\"twitter:site\" content=\"@m_acustica\" \/>\n<script type=\"application\/ld+json\" class=\"yoast-schema-graph\">{\"@context\":\"https:\/\/schema.org\",\"@graph\":[{\"@type\":\"WebPage\",\"@id\":\"https:\/\/macustica.com\/de\/akustiktechnik\/\",\"url\":\"https:\/\/macustica.com\/de\/akustiktechnik\/\",\"name\":\"Akustiktechnik - Macustica\",\"isPartOf\":{\"@id\":\"https:\/\/macustica.com\/de\/#website\"},\"primaryImageOfPage\":{\"@id\":\"https:\/\/macustica.com\/de\/akustiktechnik\/#primaryimage\"},\"image\":{\"@id\":\"https:\/\/macustica.com\/de\/akustiktechnik\/#primaryimage\"},\"thumbnailUrl\":\"https:\/\/macustica.com\/wp-content\/uploads\/2023\/07\/logo-macustica-blanco.png\",\"datePublished\":\"2023-07-31T15:00:47+00:00\",\"dateModified\":\"2023-08-05T20:40:28+00:00\",\"description\":\"Wir k\u00fcmmern uns um die Akustikstudien, L\u00e4rmkarten und Raumplanung sowie die Konditionierung der R\u00e4umlichkeiten.\",\"breadcrumb\":{\"@id\":\"https:\/\/macustica.com\/de\/akustiktechnik\/#breadcrumb\"},\"inLanguage\":\"de\",\"potentialAction\":[{\"@type\":\"ReadAction\",\"target\":[\"https:\/\/macustica.com\/de\/akustiktechnik\/\"]}]},{\"@type\":\"ImageObject\",\"inLanguage\":\"de\",\"@id\":\"https:\/\/macustica.com\/de\/akustiktechnik\/#primaryimage\",\"url\":\"https:\/\/macustica.com\/wp-content\/uploads\/2023\/07\/logo-macustica-blanco.png\",\"contentUrl\":\"https:\/\/macustica.com\/wp-content\/uploads\/2023\/07\/logo-macustica-blanco.png\"},{\"@type\":\"BreadcrumbList\",\"@id\":\"https:\/\/macustica.com\/de\/akustiktechnik\/#breadcrumb\",\"itemListElement\":[{\"@type\":\"ListItem\",\"position\":1,\"name\":\"Portada\",\"item\":\"https:\/\/macustica.com\/de\/startseite\/\"},{\"@type\":\"ListItem\",\"position\":2,\"name\":\"Akustiktechnik\"}]},{\"@type\":\"WebSite\",\"@id\":\"https:\/\/macustica.com\/de\/#website\",\"url\":\"https:\/\/macustica.com\/de\/\",\"name\":\"Macustica\",\"description\":\"\",\"publisher\":{\"@id\":\"https:\/\/macustica.com\/de\/#organization\"},\"potentialAction\":[{\"@type\":\"SearchAction\",\"target\":{\"@type\":\"EntryPoint\",\"urlTemplate\":\"https:\/\/macustica.com\/de\/?s={search_term_string}\"},\"query-input\":{\"@type\":\"PropertyValueSpecification\",\"valueRequired\":true,\"valueName\":\"search_term_string\"}}],\"inLanguage\":\"de\"},{\"@type\":\"Organization\",\"@id\":\"https:\/\/macustica.com\/de\/#organization\",\"name\":\"Mac\u00fastica\",\"alternateName\":\"Mac\u00fastica\",\"url\":\"https:\/\/macustica.com\/de\/\",\"logo\":{\"@type\":\"ImageObject\",\"inLanguage\":\"de\",\"@id\":\"https:\/\/macustica.com\/de\/#\/schema\/logo\/image\/\",\"url\":\"https:\/\/macustica.com\/wp-content\/uploads\/2023\/03\/logo-macustica.png\",\"contentUrl\":\"https:\/\/macustica.com\/wp-content\/uploads\/2023\/03\/logo-macustica.png\",\"width\":300,\"height\":85,\"caption\":\"Mac\u00fastica\"},\"image\":{\"@id\":\"https:\/\/macustica.com\/de\/#\/schema\/logo\/image\/\"},\"sameAs\":[\"https:\/\/www.facebook.com\/macusticaingenieria\/?ref=bookmarks\",\"https:\/\/x.com\/m_acustica\",\"https:\/\/www.instagram.com\/macustica\/\",\"https:\/\/www.linkedin.com\/company\/15081962?trk=tyah&trkInfo=clickedVerticalcompanyclickedEntityId15081962idx1-1-1tarId1472140082122tasmacustica\"]}]}<\/script>\n<!-- \/ Yoast SEO plugin. -->","yoast_head_json":{"title":"Akustiktechnik - Macustica","description":"Wir k\u00fcmmern uns um die Akustikstudien, L\u00e4rmkarten und Raumplanung sowie die Konditionierung der R\u00e4umlichkeiten.","robots":{"index":"index","follow":"follow","max-snippet":"max-snippet:-1","max-image-preview":"max-image-preview:large","max-video-preview":"max-video-preview:-1"},"canonical":"https:\/\/macustica.com\/de\/akustiktechnik\/","og_locale":"de_DE","og_type":"article","og_title":"Akustiktechnik - Macustica","og_description":"Wir k\u00fcmmern uns um die Akustikstudien, L\u00e4rmkarten und Raumplanung sowie die Konditionierung der R\u00e4umlichkeiten.","og_url":"https:\/\/macustica.com\/de\/akustiktechnik\/","og_site_name":"Macustica","article_publisher":"https:\/\/www.facebook.com\/macusticaingenieria\/?ref=bookmarks","article_modified_time":"2023-08-05T20:40:28+00:00","og_image":[{"url":"https:\/\/macustica.com\/wp-content\/uploads\/2023\/07\/logo-macustica-blanco.png","type":"","width":"","height":""}],"twitter_card":"summary_large_image","twitter_site":"@m_acustica","schema":{"@context":"https:\/\/schema.org","@graph":[{"@type":"WebPage","@id":"https:\/\/macustica.com\/de\/akustiktechnik\/","url":"https:\/\/macustica.com\/de\/akustiktechnik\/","name":"Akustiktechnik - Macustica","isPartOf":{"@id":"https:\/\/macustica.com\/de\/#website"},"primaryImageOfPage":{"@id":"https:\/\/macustica.com\/de\/akustiktechnik\/#primaryimage"},"image":{"@id":"https:\/\/macustica.com\/de\/akustiktechnik\/#primaryimage"},"thumbnailUrl":"https:\/\/macustica.com\/wp-content\/uploads\/2023\/07\/logo-macustica-blanco.png","datePublished":"2023-07-31T15:00:47+00:00","dateModified":"2023-08-05T20:40:28+00:00","description":"Wir k\u00fcmmern uns um die Akustikstudien, L\u00e4rmkarten und Raumplanung sowie die Konditionierung der R\u00e4umlichkeiten.","breadcrumb":{"@id":"https:\/\/macustica.com\/de\/akustiktechnik\/#breadcrumb"},"inLanguage":"de","potentialAction":[{"@type":"ReadAction","target":["https:\/\/macustica.com\/de\/akustiktechnik\/"]}]},{"@type":"ImageObject","inLanguage":"de","@id":"https:\/\/macustica.com\/de\/akustiktechnik\/#primaryimage","url":"https:\/\/macustica.com\/wp-content\/uploads\/2023\/07\/logo-macustica-blanco.png","contentUrl":"https:\/\/macustica.com\/wp-content\/uploads\/2023\/07\/logo-macustica-blanco.png"},{"@type":"BreadcrumbList","@id":"https:\/\/macustica.com\/de\/akustiktechnik\/#breadcrumb","itemListElement":[{"@type":"ListItem","position":1,"name":"Portada","item":"https:\/\/macustica.com\/de\/startseite\/"},{"@type":"ListItem","position":2,"name":"Akustiktechnik"}]},{"@type":"WebSite","@id":"https:\/\/macustica.com\/de\/#website","url":"https:\/\/macustica.com\/de\/","name":"Macustica","description":"","publisher":{"@id":"https:\/\/macustica.com\/de\/#organization"},"potentialAction":[{"@type":"SearchAction","target":{"@type":"EntryPoint","urlTemplate":"https:\/\/macustica.com\/de\/?s={search_term_string}"},"query-input":{"@type":"PropertyValueSpecification","valueRequired":true,"valueName":"search_term_string"}}],"inLanguage":"de"},{"@type":"Organization","@id":"https:\/\/macustica.com\/de\/#organization","name":"Mac\u00fastica","alternateName":"Mac\u00fastica","url":"https:\/\/macustica.com\/de\/","logo":{"@type":"ImageObject","inLanguage":"de","@id":"https:\/\/macustica.com\/de\/#\/schema\/logo\/image\/","url":"https:\/\/macustica.com\/wp-content\/uploads\/2023\/03\/logo-macustica.png","contentUrl":"https:\/\/macustica.com\/wp-content\/uploads\/2023\/03\/logo-macustica.png","width":300,"height":85,"caption":"Mac\u00fastica"},"image":{"@id":"https:\/\/macustica.com\/de\/#\/schema\/logo\/image\/"},"sameAs":["https:\/\/www.facebook.com\/macusticaingenieria\/?ref=bookmarks","https:\/\/x.com\/m_acustica","https:\/\/www.instagram.com\/macustica\/","https:\/\/www.linkedin.com\/company\/15081962?trk=tyah&trkInfo=clickedVerticalcompanyclickedEntityId15081962idx1-1-1tarId1472140082122tasmacustica"]}]}},"_links":{"self":[{"href":"https:\/\/macustica.com\/de\/wp-json\/wp\/v2\/pages\/3826","targetHints":{"allow":["GET"]}}],"collection":[{"href":"https:\/\/macustica.com\/de\/wp-json\/wp\/v2\/pages"}],"about":[{"href":"https:\/\/macustica.com\/de\/wp-json\/wp\/v2\/types\/page"}],"author":[{"embeddable":true,"href":"https:\/\/macustica.com\/de\/wp-json\/wp\/v2\/users\/1"}],"replies":[{"embeddable":true,"href":"https:\/\/macustica.com\/de\/wp-json\/wp\/v2\/comments?post=3826"}],"version-history":[{"count":1,"href":"https:\/\/macustica.com\/de\/wp-json\/wp\/v2\/pages\/3826\/revisions"}],"predecessor-version":[{"id":3827,"href":"https:\/\/macustica.com\/de\/wp-json\/wp\/v2\/pages\/3826\/revisions\/3827"}],"wp:attachment":[{"href":"https:\/\/macustica.com\/de\/wp-json\/wp\/v2\/media?parent=3826"}],"curies":[{"name":"wp","href":"https:\/\/api.w.org\/{rel}","templated":true}]}}