{"id":3813,"date":"2023-04-15T15:24:24","date_gmt":"2023-04-15T13:24:24","guid":{"rendered":"https:\/\/macustica.com\/rechtliche-warnung\/"},"modified":"2023-08-05T18:03:04","modified_gmt":"2023-08-05T16:03:04","slug":"rechtliche-warnung","status":"publish","type":"page","link":"https:\/\/macustica.com\/de\/rechtliche-warnung\/","title":{"rendered":"Rechtliche Warnung"},"content":{"rendered":"\t\t<div data-elementor-type=\"wp-page\" data-elementor-id=\"3813\" class=\"elementor elementor-3813 elementor-931\" data-elementor-post-type=\"page\">\n\t\t\t\t<div class=\"elementor-element elementor-element-3937f8d e-flex e-con-boxed e-con e-parent\" data-id=\"3937f8d\" data-element_type=\"container\">\n\t\t\t\t\t<div class=\"e-con-inner\">\n\t\t\t\t<div class=\"elementor-element elementor-element-00e08e4 elementor-widget elementor-widget-heading\" data-id=\"00e08e4\" data-element_type=\"widget\" data-widget_type=\"heading.default\">\n\t\t\t\t<div class=\"elementor-widget-container\">\n\t\t\t\t\t<h1 class=\"elementor-heading-title elementor-size-default\">Rechtliche Warnung<\/h1>\t\t\t\t<\/div>\n\t\t\t\t<\/div>\n\t\t\t\t<div class=\"elementor-element elementor-element-db6599d elementor-widget elementor-widget-text-editor\" data-id=\"db6599d\" data-element_type=\"widget\" data-widget_type=\"text-editor.default\">\n\t\t\t\t<div class=\"elementor-widget-container\">\n\t\t\t\t\t\t\t\t\t<div class=\"entry-content\">\n<h3>1. IDENTIFIZIERENDE DATEN<\/h3>\n<p>In \u00dcbereinstimmung mit der Informationspflicht gem\u00e4\u00df Artikel 10 des Gesetzes 34\/2002 vom 11. Juli \u00fcber Dienste der Informationsgesellschaft und des elektronischen Gesch\u00e4ftsverkehrs werden im Folgenden die folgenden Informationen wiedergegeben: Das Unternehmen, dem die Webdom\u00e4ne geh\u00f6rt, ist Mac\u00fastica S.L. (im Folgenden Mac\u00fastica), mit der Adresse f\u00fcr diese Zwecke: Cami de Can Blau 10-A 07400 Alcudia Illes Balears CIF-Nummer: E57979825. Kontakt-E-Mail: info@macustica.com der Website.<\/p>\n<h3>2. BENUTZER<\/h3>\n<p>Der Zugriff und\/oder die Nutzung dieses Mac\u00fastica-Portals gelten als Bedingung f\u00fcr den BENUTZER, der durch diesen Zugriff und\/oder die Nutzung die hier wiedergegebenen Allgemeinen Nutzungsbedingungen akzeptiert. Die oben genannten Bedingungen gelten unabh\u00e4ngig von den Allgemeinen Vertragsbedingungen, die in ihrem Fall zwingend sind.<\/p>\n<h3>3. NUTZUNG DES PORTALS<\/h3>\n<p>www.macustica.com bietet Zugriff auf eine Vielzahl von Informationen, Diensten, Programmen oder Daten (im Folgenden \u201edie Inhalte\u201c) im Internet, die Mac\u00fastica oder seinen Lizenzgebern geh\u00f6ren und auf die der BENUTZER Zugriff haben kann. Der NUTZER \u00fcbernimmt die Verantwortung f\u00fcr die Nutzung des Portals. Diese Verantwortung erstreckt sich auch auf die Registrierung, die f\u00fcr den Zugriff auf bestimmte Dienste oder Inhalte erforderlich ist.<br \/>In diesem Register ist der NUTZER f\u00fcr die Bereitstellung wahrheitsgem\u00e4\u00dfer und rechtm\u00e4\u00dfiger Informationen verantwortlich. Als Folge dieser Registrierung kann dem NUTZER ein Passwort zur Verf\u00fcgung gestellt werden, f\u00fcr das er verantwortlich ist.<br \/>Sie verpflichten sich, diese sorgf\u00e4ltig und vertraulich zu nutzen. Der NUTZER verpflichtet sich, die Inhalte und Dienste (z. B. Chat-Dienste, Diskussionsforen oder Newsgroups), die \u00fcber sein Portal angeboten werden und die lediglich illustrativen, aber nicht einschr\u00e4nkenden Charakter haben, angemessen zu nutzen und nicht f\u00fcr solche Zwecke zu nutzen (i) sich an rechtswidrigen Aktivit\u00e4ten zu beteiligen, die rechtswidrig sind oder gegen Treu und Glauben und die \u00f6ffentliche Ordnung versto\u00dfen; (ii) Inhalte oder Propaganda rassistischer, fremdenfeindlicher, pornographisch-illegaler Natur, die Terrorismus oder einen Angriff auf die Menschenrechte bef\u00fcrworten; (iii) Sch\u00e4den an den physischen und logischen Systemen des Unternehmens, das die Website erstellt hat, seiner Lieferanten oder Dritter verursachen, Computerviren oder andere physische oder logische Systeme einf\u00fchren oder verbreiten, die wahrscheinlich die oben genannten Sch\u00e4den verursachen; (iv) versuchen, auf die E-Mail-Konten anderer Benutzer zuzugreifen und diese gegebenenfalls zu nutzen und deren Nachrichten zu \u00e4ndern oder zu manipulieren. Der Name des Unternehmens, das die Website erstellt hat, beh\u00e4lt sich das Recht vor, alle Kommentare und Beitr\u00e4ge zu entfernen, die die Achtung der W\u00fcrde der Person verletzen, diskriminierend, fremdenfeindlich, rassistisch, pornographisch sind, die Jugend oder Kindheit, die Ordnung oder die \u00f6ffentliche Sicherheit gef\u00e4hrden oder das sei seiner Meinung nach nicht zur Ver\u00f6ffentlichung geeignet. In keinem Fall ist Mac\u00fastica f\u00fcr die Meinungen verantwortlich, die Benutzer in Foren, Chats oder anderen Beteiligungstools \u00e4u\u00dfern.<\/p>\n<h3>4. DATENSCHUTZ<\/h3>\n<p>Mac\u00fastica h\u00e4lt sich an die Richtlinien des Organgesetzes 15\/1999 vom 13. Dezember zum Schutz personenbezogener Daten, des K\u00f6niglichen Dekrets 1720\/2007 vom 21. Dezember, mit dem die Verordnungen zur Entwicklung des Organgesetzes und andere jederzeit geltende Vorschriften genehmigt werden. und stellt die korrekte Nutzung und Behandlung der personenbezogenen Daten des Nutzers sicher. Zu diesem Zweck wird der Benutzer zusammen mit jedem Formular zur Erhebung personenbezogener Daten in den Diensten, die der Benutzer unter info@macustica.com anfordern kann, \u00fcber die Existenz und Akzeptanz der jeweiligen besonderen Bedingungen f\u00fcr die Verarbeitung seiner Daten informiert , um Sie \u00fcber die Verantwortlichkeit der erstellten Datei, die Adresse des Verantwortlichen, die M\u00f6glichkeit der Aus\u00fcbung Ihrer Rechte auf Zugang, Berichtigung, L\u00f6schung oder Widerspruch, den Zweck der Behandlung und die Datenmitteilungen an Dritte in Ihrem Fall zu informieren.<\/p>\n<p>Ebenso informiert Mac\u00fastica, dass es das Gesetz 34\/2002 vom 11. Juli \u00fcber Dienste der Informationsgesellschaft und des elektronischen Gesch\u00e4ftsverkehrs einh\u00e4lt und wird jederzeit Ihre Zustimmung zur Verarbeitung Ihrer E-Mail f\u00fcr kommerzielle Zwecke einholen.<\/p>\n<h3>5. GEISTIGES UND INDUSTRIELLES EIGENTUM<\/h3>\n<p>Mac\u00fastica ist allein oder als Bevollm\u00e4chtigter Eigent\u00fcmer aller geistigen und gewerblichen Eigentumsrechte seiner Website sowie der darin enthaltenen Elemente (z. B. Bilder, Ton, Audio, Video, Software oder Texte; Marken oder Logos, Farbkombinationen, Struktur und Design, Auswahl der verwendeten Materialien, f\u00fcr den Betrieb erforderliche Computerprogramme, Zugang und Nutzung usw.), Eigentum von Mac\u00fastica oder seinen Lizenzgebern.<\/p>\n<p>Alle Rechte vorbehalten. Gem\u00e4\u00df den Bestimmungen der Artikel 8 und 32.1 zweiter Absatz des Gesetzes \u00fcber geistiges Eigentum ist die Vervielf\u00e4ltigung, Verbreitung und \u00f6ffentliche Kommunikation, einschlie\u00dflich der Art ihrer Zug\u00e4nglichmachung, aller oder eines Teils der Inhalte dieser Webseite zu kommerziellen Zwecken gestattet Zwecke, in jeglichem Support und mit jeglichen technischen Mitteln, ohne die Genehmigung von Mac\u00fastica. Der NUTZER verpflichtet sich, die geistigen und gewerblichen Eigentumsrechte von Mac\u00fastica zu respektieren. Sie k\u00f6nnen die Elemente des Portals ansehen und sie sogar ausdrucken, kopieren und auf der Festplatte Ihres Computers oder einem anderen physischen Medium speichern, sofern dies ausschlie\u00dflich f\u00fcr Ihren pers\u00f6nlichen und privaten Gebrauch bestimmt ist. Der NUTZER darf keine auf den Mac\u00fastica-Seiten installierten Schutzvorrichtungen oder Sicherheitssysteme l\u00f6schen, ver\u00e4ndern, umgehen oder manipulieren.<\/p>\n<h3>6. GEW\u00c4HRLEISTUNGS- UND HAFTUNGSAUSSCHLUSS<\/h3>\n<p>Mac\u00fastica haftet in keinem Fall f\u00fcr Sch\u00e4den jeglicher Art, die beispielsweise Folgendes verursachen k\u00f6nnten: Fehler oder Auslassungen in den Inhalten, mangelnde Verf\u00fcgbarkeit des Portals oder die \u00dcbertragung von Viren oder b\u00f6sartigen oder sch\u00e4dlichen Programmen in den Inhalten, obwohl alle notwendigen technischen Ma\u00dfnahmen ergriffen wurden, um dies zu verhindern.<\/p>\n<h3>7. \u00c4NDERUNGEN<\/h3>\n<p>Mac\u00fastica beh\u00e4lt sich das Recht vor, auf seinem Portal ohne vorherige Ank\u00fcndigung die \u00c4nderungen vorzunehmen, die es f\u00fcr angemessen h\u00e4lt, und kann sowohl die \u00fcber es bereitgestellten Inhalte und Dienste als auch die Art und Weise, wie sie auf seiner Website dargestellt oder platziert werden, \u00e4ndern, l\u00f6schen oder hinzuf\u00fcgen.<\/p>\n<h3>8. LINKS<\/h3>\n<p>F\u00fcr den Fall, dass www.macustica.com Links oder Hyperlinks zu anderen Internetseiten enth\u00e4lt, \u00fcbt Mac\u00fastica keinerlei Kontrolle \u00fcber diese Websites und Inhalte aus. In keinem Fall<br \/>Mac\u00fastica \u00fcbernimmt keinerlei Verantwortung f\u00fcr den Inhalt von Links, die zu einer Website Dritter f\u00fchren, und \u00fcbernimmt keine Gew\u00e4hr f\u00fcr die technische Verf\u00fcgbarkeit, Qualit\u00e4t, Zuverl\u00e4ssigkeit, Genauigkeit, Breite, Wahrhaftigkeit, G\u00fcltigkeit usw<br \/>Verfassungsm\u00e4\u00dfigkeit aller Materialien oder Informationen, die in den genannten Hyperlinks oder anderen Internetseiten enthalten sind.<\/p>\n<p>Ebenso bedeutet die Einbeziehung dieser externen Verbindungen keinerlei Verbindung, Fusion oder Beteiligung mit den verbundenen Unternehmen.<\/p>\n<h3>9. AUSSCHLUSSRECHT<\/h3>\n<p>Mac\u00fastica beh\u00e4lt sich das Recht vor, Nutzern, die diese Allgemeinen Nutzungsbedingungen nicht einhalten, den Zugang zum Portal und\/oder den angebotenen Diensten ohne vorherige Ank\u00fcndigung auf eigenen Wunsch oder durch Dritte zu verweigern oder zu entziehen.<\/p>\n<h3>10. ALLGEMEINES<\/h3>\n<p>Mac\u00fastica wird den Versto\u00df gegen diese Bedingungen sowie jede missbr\u00e4uchliche Nutzung seines Portals verfolgen und alle zivil- und strafrechtlichen Schritte einleiten, die ihm gesetzlich zustehen.<\/p>\n<h3>11. \u00c4NDERUNG DER VORLIEGENDEN BEDINGUNGEN UND DAUER<\/h3>\n<p>Mac\u00fastica kann die hier festgelegten Bedingungen jederzeit \u00e4ndern und wird ordnungsgem\u00e4\u00df in der hier erscheinenden Form ver\u00f6ffentlicht.<\/p>\n<p>Die G\u00fcltigkeit der oben genannten Bedingungen h\u00e4ngt von ihrer Offenlegung ab und bleibt bis zur ordnungsgem\u00e4\u00dfen Ver\u00f6ffentlichung in Kraft. die von anderen ver\u00e4ndert werden.<\/p>\n<h3>12. ANWENDBARES RECHT UND GERICHTSSTAND<\/h3>\n<p>Die Beziehung zwischen Mac\u00fastica und dem BENUTZER unterliegt den geltenden spanischen Vorschriften und alle Streitigkeiten werden den Gerichten und Tribunalen der Stadt Alcudia vorgelegt.<\/p>\n<\/div>\n\t\t\t\t\t\t\t\t<\/div>\n\t\t\t\t<\/div>\n\t\t\t\t\t<\/div>\n\t\t\t\t<\/div>\n\t\t\t\t<\/div>\n\t\t","protected":false},"excerpt":{"rendered":"<p>Rechtliche Warnung 1. IDENTIFIZIERENDE DATEN In \u00dcbereinstimmung mit der Informationspflicht gem\u00e4\u00df Artikel 10 des Gesetzes 34\/2002 vom 11. Juli \u00fcber Dienste der Informationsgesellschaft und des elektronischen Gesch\u00e4ftsverkehrs werden im Folgenden die folgenden Informationen wiedergegeben: Das Unternehmen, dem die Webdom\u00e4ne geh\u00f6rt, ist Mac\u00fastica S.L. (im Folgenden Mac\u00fastica), mit der Adresse f\u00fcr diese Zwecke: Cami de Can [&hellip;]<\/p>\n","protected":false},"author":1,"featured_media":0,"parent":0,"menu_order":0,"comment_status":"closed","ping_status":"closed","template":"","meta":{"site-sidebar-layout":"no-sidebar","site-content-layout":"page-builder","ast-site-content-layout":"","site-content-style":"default","site-sidebar-style":"default","ast-global-header-display":"","ast-banner-title-visibility":"","ast-main-header-display":"","ast-hfb-above-header-display":"","ast-hfb-below-header-display":"","ast-hfb-mobile-header-display":"","site-post-title":"disabled","ast-breadcrumbs-content":"","ast-featured-img":"disabled","footer-sml-layout":"","theme-transparent-header-meta":"default","adv-header-id-meta":"","stick-header-meta":"default","header-above-stick-meta":"","header-main-stick-meta":"","header-below-stick-meta":"","astra-migrate-meta-layouts":"default","ast-page-background-enabled":"default","ast-page-background-meta":{"desktop":{"background-color":"","background-image":"","background-repeat":"repeat","background-position":"center center","background-size":"auto","background-attachment":"scroll","background-type":"","background-media":"","overlay-type":"","overlay-color":"","overlay-opacity":"","overlay-gradient":""},"tablet":{"background-color":"","background-image":"","background-repeat":"repeat","background-position":"center center","background-size":"auto","background-attachment":"scroll","background-type":"","background-media":"","overlay-type":"","overlay-color":"","overlay-opacity":"","overlay-gradient":""},"mobile":{"background-color":"","background-image":"","background-repeat":"repeat","background-position":"center center","background-size":"auto","background-attachment":"scroll","background-type":"","background-media":"","overlay-type":"","overlay-color":"","overlay-opacity":"","overlay-gradient":""}},"ast-content-background-meta":{"desktop":{"background-color":"var(--ast-global-color-5)","background-image":"","background-repeat":"repeat","background-position":"center center","background-size":"auto","background-attachment":"scroll","background-type":"","background-media":"","overlay-type":"","overlay-color":"","overlay-opacity":"","overlay-gradient":""},"tablet":{"background-color":"var(--ast-global-color-5)","background-image":"","background-repeat":"repeat","background-position":"center center","background-size":"auto","background-attachment":"scroll","background-type":"","background-media":"","overlay-type":"","overlay-color":"","overlay-opacity":"","overlay-gradient":""},"mobile":{"background-color":"var(--ast-global-color-5)","background-image":"","background-repeat":"repeat","background-position":"center center","background-size":"auto","background-attachment":"scroll","background-type":"","background-media":"","overlay-type":"","overlay-color":"","overlay-opacity":"","overlay-gradient":""}},"footnotes":""},"class_list":["post-3813","page","type-page","status-publish","hentry"],"yoast_head":"<!-- This site is optimized with the Yoast SEO plugin v26.4 - https:\/\/yoast.com\/wordpress\/plugins\/seo\/ -->\n<title>Rechtliche Warnung - Macustica<\/title>\n<meta name=\"description\" content=\"Konsultieren Sie unsere rechtlichen Hinweise.\" \/>\n<meta name=\"robots\" content=\"noindex, follow\" \/>\n<meta property=\"og:locale\" content=\"de_DE\" \/>\n<meta property=\"og:type\" content=\"article\" \/>\n<meta property=\"og:title\" content=\"Rechtliche Warnung - Macustica\" \/>\n<meta property=\"og:description\" content=\"Konsultieren Sie unsere rechtlichen Hinweise.\" \/>\n<meta property=\"og:url\" content=\"https:\/\/macustica.com\/de\/rechtliche-warnung\/\" \/>\n<meta property=\"og:site_name\" content=\"Macustica\" \/>\n<meta property=\"article:publisher\" content=\"https:\/\/www.facebook.com\/macusticaingenieria\/?ref=bookmarks\" \/>\n<meta property=\"article:modified_time\" content=\"2023-08-05T16:03:04+00:00\" \/>\n<meta name=\"twitter:card\" content=\"summary_large_image\" \/>\n<meta name=\"twitter:site\" content=\"@m_acustica\" \/>\n<meta name=\"twitter:label1\" content=\"Gesch\u00e4tzte Lesezeit\" \/>\n\t<meta name=\"twitter:data1\" content=\"6\u00a0Minuten\" \/>\n<script type=\"application\/ld+json\" class=\"yoast-schema-graph\">{\"@context\":\"https:\/\/schema.org\",\"@graph\":[{\"@type\":\"WebPage\",\"@id\":\"https:\/\/macustica.com\/de\/rechtliche-warnung\/\",\"url\":\"https:\/\/macustica.com\/de\/rechtliche-warnung\/\",\"name\":\"Rechtliche Warnung - Macustica\",\"isPartOf\":{\"@id\":\"https:\/\/macustica.com\/de\/#website\"},\"datePublished\":\"2023-04-15T13:24:24+00:00\",\"dateModified\":\"2023-08-05T16:03:04+00:00\",\"description\":\"Konsultieren Sie unsere rechtlichen Hinweise.\",\"breadcrumb\":{\"@id\":\"https:\/\/macustica.com\/de\/rechtliche-warnung\/#breadcrumb\"},\"inLanguage\":\"de\",\"potentialAction\":[{\"@type\":\"ReadAction\",\"target\":[\"https:\/\/macustica.com\/de\/rechtliche-warnung\/\"]}]},{\"@type\":\"BreadcrumbList\",\"@id\":\"https:\/\/macustica.com\/de\/rechtliche-warnung\/#breadcrumb\",\"itemListElement\":[{\"@type\":\"ListItem\",\"position\":1,\"name\":\"Portada\",\"item\":\"https:\/\/macustica.com\/de\/startseite\/\"},{\"@type\":\"ListItem\",\"position\":2,\"name\":\"Rechtliche Warnung\"}]},{\"@type\":\"WebSite\",\"@id\":\"https:\/\/macustica.com\/de\/#website\",\"url\":\"https:\/\/macustica.com\/de\/\",\"name\":\"Macustica\",\"description\":\"\",\"publisher\":{\"@id\":\"https:\/\/macustica.com\/de\/#organization\"},\"potentialAction\":[{\"@type\":\"SearchAction\",\"target\":{\"@type\":\"EntryPoint\",\"urlTemplate\":\"https:\/\/macustica.com\/de\/?s={search_term_string}\"},\"query-input\":{\"@type\":\"PropertyValueSpecification\",\"valueRequired\":true,\"valueName\":\"search_term_string\"}}],\"inLanguage\":\"de\"},{\"@type\":\"Organization\",\"@id\":\"https:\/\/macustica.com\/de\/#organization\",\"name\":\"Mac\u00fastica\",\"alternateName\":\"Mac\u00fastica\",\"url\":\"https:\/\/macustica.com\/de\/\",\"logo\":{\"@type\":\"ImageObject\",\"inLanguage\":\"de\",\"@id\":\"https:\/\/macustica.com\/de\/#\/schema\/logo\/image\/\",\"url\":\"https:\/\/macustica.com\/wp-content\/uploads\/2023\/03\/logo-macustica.png\",\"contentUrl\":\"https:\/\/macustica.com\/wp-content\/uploads\/2023\/03\/logo-macustica.png\",\"width\":300,\"height\":85,\"caption\":\"Mac\u00fastica\"},\"image\":{\"@id\":\"https:\/\/macustica.com\/de\/#\/schema\/logo\/image\/\"},\"sameAs\":[\"https:\/\/www.facebook.com\/macusticaingenieria\/?ref=bookmarks\",\"https:\/\/x.com\/m_acustica\",\"https:\/\/www.instagram.com\/macustica\/\",\"https:\/\/www.linkedin.com\/company\/15081962?trk=tyah&trkInfo=clickedVerticalcompanyclickedEntityId15081962idx1-1-1tarId1472140082122tasmacustica\"]}]}<\/script>\n<!-- \/ Yoast SEO plugin. -->","yoast_head_json":{"title":"Rechtliche Warnung - Macustica","description":"Konsultieren Sie unsere rechtlichen Hinweise.","robots":{"index":"noindex","follow":"follow"},"og_locale":"de_DE","og_type":"article","og_title":"Rechtliche Warnung - Macustica","og_description":"Konsultieren Sie unsere rechtlichen Hinweise.","og_url":"https:\/\/macustica.com\/de\/rechtliche-warnung\/","og_site_name":"Macustica","article_publisher":"https:\/\/www.facebook.com\/macusticaingenieria\/?ref=bookmarks","article_modified_time":"2023-08-05T16:03:04+00:00","twitter_card":"summary_large_image","twitter_site":"@m_acustica","twitter_misc":{"Gesch\u00e4tzte Lesezeit":"6\u00a0Minuten"},"schema":{"@context":"https:\/\/schema.org","@graph":[{"@type":"WebPage","@id":"https:\/\/macustica.com\/de\/rechtliche-warnung\/","url":"https:\/\/macustica.com\/de\/rechtliche-warnung\/","name":"Rechtliche Warnung - Macustica","isPartOf":{"@id":"https:\/\/macustica.com\/de\/#website"},"datePublished":"2023-04-15T13:24:24+00:00","dateModified":"2023-08-05T16:03:04+00:00","description":"Konsultieren Sie unsere rechtlichen Hinweise.","breadcrumb":{"@id":"https:\/\/macustica.com\/de\/rechtliche-warnung\/#breadcrumb"},"inLanguage":"de","potentialAction":[{"@type":"ReadAction","target":["https:\/\/macustica.com\/de\/rechtliche-warnung\/"]}]},{"@type":"BreadcrumbList","@id":"https:\/\/macustica.com\/de\/rechtliche-warnung\/#breadcrumb","itemListElement":[{"@type":"ListItem","position":1,"name":"Portada","item":"https:\/\/macustica.com\/de\/startseite\/"},{"@type":"ListItem","position":2,"name":"Rechtliche Warnung"}]},{"@type":"WebSite","@id":"https:\/\/macustica.com\/de\/#website","url":"https:\/\/macustica.com\/de\/","name":"Macustica","description":"","publisher":{"@id":"https:\/\/macustica.com\/de\/#organization"},"potentialAction":[{"@type":"SearchAction","target":{"@type":"EntryPoint","urlTemplate":"https:\/\/macustica.com\/de\/?s={search_term_string}"},"query-input":{"@type":"PropertyValueSpecification","valueRequired":true,"valueName":"search_term_string"}}],"inLanguage":"de"},{"@type":"Organization","@id":"https:\/\/macustica.com\/de\/#organization","name":"Mac\u00fastica","alternateName":"Mac\u00fastica","url":"https:\/\/macustica.com\/de\/","logo":{"@type":"ImageObject","inLanguage":"de","@id":"https:\/\/macustica.com\/de\/#\/schema\/logo\/image\/","url":"https:\/\/macustica.com\/wp-content\/uploads\/2023\/03\/logo-macustica.png","contentUrl":"https:\/\/macustica.com\/wp-content\/uploads\/2023\/03\/logo-macustica.png","width":300,"height":85,"caption":"Mac\u00fastica"},"image":{"@id":"https:\/\/macustica.com\/de\/#\/schema\/logo\/image\/"},"sameAs":["https:\/\/www.facebook.com\/macusticaingenieria\/?ref=bookmarks","https:\/\/x.com\/m_acustica","https:\/\/www.instagram.com\/macustica\/","https:\/\/www.linkedin.com\/company\/15081962?trk=tyah&trkInfo=clickedVerticalcompanyclickedEntityId15081962idx1-1-1tarId1472140082122tasmacustica"]}]}},"_links":{"self":[{"href":"https:\/\/macustica.com\/de\/wp-json\/wp\/v2\/pages\/3813","targetHints":{"allow":["GET"]}}],"collection":[{"href":"https:\/\/macustica.com\/de\/wp-json\/wp\/v2\/pages"}],"about":[{"href":"https:\/\/macustica.com\/de\/wp-json\/wp\/v2\/types\/page"}],"author":[{"embeddable":true,"href":"https:\/\/macustica.com\/de\/wp-json\/wp\/v2\/users\/1"}],"replies":[{"embeddable":true,"href":"https:\/\/macustica.com\/de\/wp-json\/wp\/v2\/comments?post=3813"}],"version-history":[{"count":1,"href":"https:\/\/macustica.com\/de\/wp-json\/wp\/v2\/pages\/3813\/revisions"}],"predecessor-version":[{"id":3814,"href":"https:\/\/macustica.com\/de\/wp-json\/wp\/v2\/pages\/3813\/revisions\/3814"}],"wp:attachment":[{"href":"https:\/\/macustica.com\/de\/wp-json\/wp\/v2\/media?parent=3813"}],"curies":[{"name":"wp","href":"https:\/\/api.w.org\/{rel}","templated":true}]}}