{"id":3722,"date":"2023-07-30T17:17:22","date_gmt":"2023-07-30T15:17:22","guid":{"rendered":"https:\/\/macustica.com\/arbeitsbereiche-architekturakustik\/"},"modified":"2023-08-04T23:26:05","modified_gmt":"2023-08-04T21:26:05","slug":"arbeitsbereiche-architekturakustik","status":"publish","type":"page","link":"https:\/\/macustica.com\/de\/arbeitsbereiche-architekturakustik\/","title":{"rendered":"Arbeitsbereiche &#8211; Architekturakustik"},"content":{"rendered":"\t\t<div data-elementor-type=\"wp-page\" data-elementor-id=\"3722\" class=\"elementor elementor-3722 elementor-1479\" data-elementor-post-type=\"page\">\n\t\t\t\t<div class=\"elementor-element elementor-element-27f704d e-con-full e-flex e-con e-parent\" data-id=\"27f704d\" data-element_type=\"container\">\n\t\t<div class=\"elementor-element elementor-element-1a3250d e-con-full e-flex e-con e-child\" data-id=\"1a3250d\" data-element_type=\"container\">\n\t\t<div class=\"elementor-element elementor-element-475a97b e-flex e-con-boxed e-con e-child\" data-id=\"475a97b\" data-element_type=\"container\">\n\t\t\t\t\t<div class=\"e-con-inner\">\n\t\t<div class=\"elementor-element elementor-element-63b1271 e-con-full e-flex e-con e-child\" data-id=\"63b1271\" data-element_type=\"container\">\n\t\t\t\t<div class=\"elementor-element elementor-element-67f83ce elementor-widget elementor-widget-image\" data-id=\"67f83ce\" data-element_type=\"widget\" data-widget_type=\"image.default\">\n\t\t\t\t<div class=\"elementor-widget-container\">\n\t\t\t\t\t\t\t\t\t\t\t\t\t\t\t\t<a href=\"https:\/\/macustica.com\/#areas-de-trabajo\">\n\t\t\t\t\t\t\t<img decoding=\"async\" width=\"150\" height=\"150\" src=\"https:\/\/macustica.com\/wp-content\/uploads\/2023\/07\/icono-acustica-arquitectonica-150x150.png\" class=\"attachment-thumbnail size-thumbnail wp-image-3190\" alt=\"\" srcset=\"https:\/\/macustica.com\/wp-content\/uploads\/2023\/07\/icono-acustica-arquitectonica-150x150.png 150w, https:\/\/macustica.com\/wp-content\/uploads\/2023\/07\/icono-acustica-arquitectonica-100x100.png 100w, https:\/\/macustica.com\/wp-content\/uploads\/2023\/07\/icono-acustica-arquitectonica.png 263w\" sizes=\"(max-width: 150px) 100vw, 150px\" \/>\t\t\t\t\t\t\t\t<\/a>\n\t\t\t\t\t\t\t\t\t\t\t\t\t\t\t<\/div>\n\t\t\t\t<\/div>\n\t\t\t\t<\/div>\n\t\t<div class=\"elementor-element elementor-element-5afb7f1 e-flex e-con-boxed e-con e-child\" data-id=\"5afb7f1\" data-element_type=\"container\">\n\t\t\t\t\t<div class=\"e-con-inner\">\n\t\t\t\t<div class=\"elementor-element elementor-element-08af8d0 elementor-widget elementor-widget-heading\" data-id=\"08af8d0\" data-element_type=\"widget\" data-widget_type=\"heading.default\">\n\t\t\t\t<div class=\"elementor-widget-container\">\n\t\t\t\t\t<h1 class=\"elementor-heading-title elementor-size-default\">Architekturakustik<\/h1>\t\t\t\t<\/div>\n\t\t\t\t<\/div>\n\t\t\t\t<div class=\"elementor-element elementor-element-029688b elementor-widget elementor-widget-text-editor\" data-id=\"029688b\" data-element_type=\"widget\" data-widget_type=\"text-editor.default\">\n\t\t\t\t<div class=\"elementor-widget-container\">\n\t\t\t\t\t\t\t\t\t<p>Akustische Isolierung im Geb\u00e4ude<\/p>\n\t\t\t\t\t\t\t\t<\/div>\n\t\t\t\t<\/div>\n\t\t\t\t\t<\/div>\n\t\t\t\t<\/div>\n\t\t\t\t\t<\/div>\n\t\t\t\t<\/div>\n\t\t\t\t<\/div>\n\t\t<div class=\"elementor-element elementor-element-64f21bb e-con-full e-flex e-con e-child\" data-id=\"64f21bb\" data-element_type=\"container\">\n\t\t\t\t<div class=\"elementor-element elementor-element-0fc3153 elementor-widget elementor-widget-gallery\" data-id=\"0fc3153\" data-element_type=\"widget\" data-settings=\"{&quot;lazyload&quot;:&quot;yes&quot;,&quot;gallery_layout&quot;:&quot;grid&quot;,&quot;columns&quot;:4,&quot;columns_tablet&quot;:2,&quot;columns_mobile&quot;:1,&quot;gap&quot;:{&quot;unit&quot;:&quot;px&quot;,&quot;size&quot;:10,&quot;sizes&quot;:[]},&quot;gap_tablet&quot;:{&quot;unit&quot;:&quot;px&quot;,&quot;size&quot;:10,&quot;sizes&quot;:[]},&quot;gap_mobile&quot;:{&quot;unit&quot;:&quot;px&quot;,&quot;size&quot;:10,&quot;sizes&quot;:[]},&quot;link_to&quot;:&quot;file&quot;,&quot;aspect_ratio&quot;:&quot;3:2&quot;,&quot;overlay_background&quot;:&quot;yes&quot;,&quot;content_hover_animation&quot;:&quot;fade-in&quot;}\" data-widget_type=\"gallery.default\">\n\t\t\t\t<div class=\"elementor-widget-container\">\n\t\t\t\t\t\t\t<div class=\"elementor-gallery__container\">\n\t\t\t\t\t\t\t<a class=\"e-gallery-item elementor-gallery-item elementor-animated-content\" href=\"https:\/\/macustica.com\/wp-content\/uploads\/2023\/08\/Area-de-trabajo-Acustica-arquitectonica-3.jpg\" data-elementor-open-lightbox=\"yes\" data-elementor-lightbox-slideshow=\"0fc3153\" data-elementor-lightbox-title=\"\u00c1rea de trabajo - Ac\u00fastica arquitect\u00f3nica (3)\" data-e-action-hash=\"#elementor-action%3Aaction%3Dlightbox%26settings%3DeyJpZCI6MzUyOSwidXJsIjoiaHR0cHM6XC9cL21hY3VzdGljYS5jb21cL3dwLWNvbnRlbnRcL3VwbG9hZHNcLzIwMjNcLzA4XC9BcmVhLWRlLXRyYWJham8tQWN1c3RpY2EtYXJxdWl0ZWN0b25pY2EtMy5qcGciLCJzbGlkZXNob3ciOiIwZmMzMTUzIn0%3D\">\n\t\t\t\t\t<div class=\"e-gallery-image elementor-gallery-item__image\" data-thumbnail=\"https:\/\/macustica.com\/wp-content\/uploads\/2023\/08\/Area-de-trabajo-Acustica-arquitectonica-3-225x300.jpg\" data-width=\"225\" data-height=\"300\" aria-label=\"\" role=\"img\" ><\/div>\n\t\t\t\t\t\t\t\t\t\t\t<div class=\"elementor-gallery-item__overlay\"><\/div>\n\t\t\t\t\t\t\t\t\t\t\t\t\t\t<\/a>\n\t\t\t\t\t\t\t<a class=\"e-gallery-item elementor-gallery-item elementor-animated-content\" href=\"https:\/\/macustica.com\/wp-content\/uploads\/2023\/08\/Area-de-trabajo-Acustica-arquitectonica-4.jpg\" data-elementor-open-lightbox=\"yes\" data-elementor-lightbox-slideshow=\"0fc3153\" data-elementor-lightbox-title=\"\u00c1rea de trabajo - Ac\u00fastica arquitect\u00f3nica (4)\" data-e-action-hash=\"#elementor-action%3Aaction%3Dlightbox%26settings%3DeyJpZCI6MzUzMiwidXJsIjoiaHR0cHM6XC9cL21hY3VzdGljYS5jb21cL3dwLWNvbnRlbnRcL3VwbG9hZHNcLzIwMjNcLzA4XC9BcmVhLWRlLXRyYWJham8tQWN1c3RpY2EtYXJxdWl0ZWN0b25pY2EtNC5qcGciLCJzbGlkZXNob3ciOiIwZmMzMTUzIn0%3D\">\n\t\t\t\t\t<div class=\"e-gallery-image elementor-gallery-item__image\" data-thumbnail=\"https:\/\/macustica.com\/wp-content\/uploads\/2023\/08\/Area-de-trabajo-Acustica-arquitectonica-4-300x225.jpg\" data-width=\"300\" data-height=\"225\" aria-label=\"\" role=\"img\" ><\/div>\n\t\t\t\t\t\t\t\t\t\t\t<div class=\"elementor-gallery-item__overlay\"><\/div>\n\t\t\t\t\t\t\t\t\t\t\t\t\t\t<\/a>\n\t\t\t\t\t\t\t<a class=\"e-gallery-item elementor-gallery-item elementor-animated-content\" href=\"https:\/\/macustica.com\/wp-content\/uploads\/2023\/08\/Area-de-trabajo-Acustica-arquitectonica-5.jpg\" data-elementor-open-lightbox=\"yes\" data-elementor-lightbox-slideshow=\"0fc3153\" data-elementor-lightbox-title=\"\u00c1rea de trabajo - Ac\u00fastica arquitect\u00f3nica (5)\" data-e-action-hash=\"#elementor-action%3Aaction%3Dlightbox%26settings%3DeyJpZCI6MzUzNSwidXJsIjoiaHR0cHM6XC9cL21hY3VzdGljYS5jb21cL3dwLWNvbnRlbnRcL3VwbG9hZHNcLzIwMjNcLzA4XC9BcmVhLWRlLXRyYWJham8tQWN1c3RpY2EtYXJxdWl0ZWN0b25pY2EtNS5qcGciLCJzbGlkZXNob3ciOiIwZmMzMTUzIn0%3D\">\n\t\t\t\t\t<div class=\"e-gallery-image elementor-gallery-item__image\" data-thumbnail=\"https:\/\/macustica.com\/wp-content\/uploads\/2023\/08\/Area-de-trabajo-Acustica-arquitectonica-5-300x225.jpg\" data-width=\"300\" data-height=\"225\" aria-label=\"\" role=\"img\" ><\/div>\n\t\t\t\t\t\t\t\t\t\t\t<div class=\"elementor-gallery-item__overlay\"><\/div>\n\t\t\t\t\t\t\t\t\t\t\t\t\t\t<\/a>\n\t\t\t\t\t\t\t<a class=\"e-gallery-item elementor-gallery-item elementor-animated-content\" href=\"https:\/\/macustica.com\/wp-content\/uploads\/2023\/08\/Area-de-trabajo-Acustica-arquitectonica-6.jpg\" data-elementor-open-lightbox=\"yes\" data-elementor-lightbox-slideshow=\"0fc3153\" data-elementor-lightbox-title=\"\u00c1rea de trabajo - Ac\u00fastica arquitect\u00f3nica (6)\" data-e-action-hash=\"#elementor-action%3Aaction%3Dlightbox%26settings%3DeyJpZCI6MzUzOCwidXJsIjoiaHR0cHM6XC9cL21hY3VzdGljYS5jb21cL3dwLWNvbnRlbnRcL3VwbG9hZHNcLzIwMjNcLzA4XC9BcmVhLWRlLXRyYWJham8tQWN1c3RpY2EtYXJxdWl0ZWN0b25pY2EtNi5qcGciLCJzbGlkZXNob3ciOiIwZmMzMTUzIn0%3D\">\n\t\t\t\t\t<div class=\"e-gallery-image elementor-gallery-item__image\" data-thumbnail=\"https:\/\/macustica.com\/wp-content\/uploads\/2023\/08\/Area-de-trabajo-Acustica-arquitectonica-6-300x225.jpg\" data-width=\"300\" data-height=\"225\" aria-label=\"\" role=\"img\" ><\/div>\n\t\t\t\t\t\t\t\t\t\t\t<div class=\"elementor-gallery-item__overlay\"><\/div>\n\t\t\t\t\t\t\t\t\t\t\t\t\t\t<\/a>\n\t\t\t\t\t\t\t<a class=\"e-gallery-item elementor-gallery-item elementor-animated-content\" href=\"https:\/\/macustica.com\/wp-content\/uploads\/2023\/08\/IMG_1282.jpg\" data-elementor-open-lightbox=\"yes\" data-elementor-lightbox-slideshow=\"0fc3153\" data-elementor-lightbox-title=\"IMG_1282\" data-e-action-hash=\"#elementor-action%3Aaction%3Dlightbox%26settings%3DeyJpZCI6MzY0MSwidXJsIjoiaHR0cHM6XC9cL21hY3VzdGljYS5jb21cL3dwLWNvbnRlbnRcL3VwbG9hZHNcLzIwMjNcLzA4XC9JTUdfMTI4Mi5qcGciLCJzbGlkZXNob3ciOiIwZmMzMTUzIn0%3D\">\n\t\t\t\t\t<div class=\"e-gallery-image elementor-gallery-item__image\" data-thumbnail=\"https:\/\/macustica.com\/wp-content\/uploads\/2023\/08\/IMG_1282-300x225.jpg\" data-width=\"300\" data-height=\"225\" aria-label=\"\" role=\"img\" ><\/div>\n\t\t\t\t\t\t\t\t\t\t\t<div class=\"elementor-gallery-item__overlay\"><\/div>\n\t\t\t\t\t\t\t\t\t\t\t\t\t\t<\/a>\n\t\t\t\t\t<\/div>\n\t\t\t\t\t<\/div>\n\t\t\t\t<\/div>\n\t\t\t\t<\/div>\n\t\t<div class=\"elementor-element elementor-element-e31aa23 e-con-full e-flex e-con e-child\" data-id=\"e31aa23\" data-element_type=\"container\" data-settings=\"{&quot;background_background&quot;:&quot;classic&quot;}\">\n\t\t<div class=\"elementor-element elementor-element-c4e7a24 e-flex e-con-boxed e-con e-child\" data-id=\"c4e7a24\" data-element_type=\"container\">\n\t\t\t\t\t<div class=\"e-con-inner\">\n\t\t\t\t<div class=\"elementor-element elementor-element-4c0ad68 elementor-widget elementor-widget-text-editor\" data-id=\"4c0ad68\" data-element_type=\"widget\" data-widget_type=\"text-editor.default\">\n\t\t\t\t<div class=\"elementor-widget-container\">\n\t\t\t\t\t\t\t\t\t<p>Studien, Projekte und akustische Tests.<\/p>\n<p>Entwurf und Dimensionierung von Schalld\u00e4mmsystemen f\u00fcr Luft- und Trittschall gem\u00e4\u00df CTE DB-HR f\u00fcr neue Wohnungen, Sanierungen und Reformen gem\u00e4\u00df ISO 12354.<\/p>\n<p>Akustische Projekte und Studien f\u00fcr Kultur-, Bildungs- und Krankenhausgeb\u00e4ude.<\/p>\n<p>Bau von Dienstleistungs-, Gewerbe-, Aktivit\u00e4ts-, Freizeit- und Showeinrichtungen.<\/p>\n<p>Diagnose und \u00e4rztliche Verschreibung durch Durchf\u00fchrung von Tests und\/oder Vorhersagesoftware.<\/p>\n<p>Besuche zur \u00dcberwachung der Arbeiten, \u00dcberwachung und Kontrolle der Ausf\u00fchrung der L\u00f6sungen und\/oder Korrekturma\u00dfnahmen, die sowohl f\u00fcr die Bausysteme als auch f\u00fcr die Anlagen vorgeschrieben sind (als kritischster Teil der akustischen Kontrolle).<\/p>\n<p>Arbeitskontroll- und \u00dcberwachungsberichte, L\u00f6sung von Konfliktpunkten, neue Details oder \u00c4nderungen w\u00e4hrend des Ausf\u00fchrungsprozesses.<\/p>\n<p>Zertifizierung durch standardisierte Tests gem\u00e4\u00df der Norm UNE-EN ISO\/IEC 17025 der verschiedenen Familien der Norm ISO 16283.<\/p>\n\t\t\t\t\t\t\t\t<\/div>\n\t\t\t\t<\/div>\n\t\t\t\t\t<\/div>\n\t\t\t\t<\/div>\n\t\t\t\t<\/div>\n\t\t\t\t<\/div>\n\t\t\t\t<\/div>\n\t\t","protected":false},"excerpt":{"rendered":"<p>Architekturakustik Akustische Isolierung im Geb\u00e4ude Studien, Projekte und akustische Tests. Entwurf und Dimensionierung von Schalld\u00e4mmsystemen f\u00fcr Luft- und Trittschall gem\u00e4\u00df CTE DB-HR f\u00fcr neue Wohnungen, Sanierungen und Reformen gem\u00e4\u00df ISO 12354. Akustische Projekte und Studien f\u00fcr Kultur-, Bildungs- und Krankenhausgeb\u00e4ude. Bau von Dienstleistungs-, Gewerbe-, Aktivit\u00e4ts-, Freizeit- und Showeinrichtungen. Diagnose und \u00e4rztliche Verschreibung durch Durchf\u00fchrung von [&hellip;]<\/p>\n","protected":false},"author":1,"featured_media":0,"parent":0,"menu_order":0,"comment_status":"closed","ping_status":"closed","template":"","meta":{"site-sidebar-layout":"no-sidebar","site-content-layout":"page-builder","ast-site-content-layout":"","site-content-style":"default","site-sidebar-style":"default","ast-global-header-display":"","ast-banner-title-visibility":"","ast-main-header-display":"","ast-hfb-above-header-display":"","ast-hfb-below-header-display":"","ast-hfb-mobile-header-display":"","site-post-title":"disabled","ast-breadcrumbs-content":"","ast-featured-img":"disabled","footer-sml-layout":"","theme-transparent-header-meta":"default","adv-header-id-meta":"","stick-header-meta":"default","header-above-stick-meta":"","header-main-stick-meta":"","header-below-stick-meta":"","astra-migrate-meta-layouts":"default","ast-page-background-enabled":"default","ast-page-background-meta":{"desktop":{"background-color":"","background-image":"","background-repeat":"repeat","background-position":"center center","background-size":"auto","background-attachment":"scroll","background-type":"","background-media":"","overlay-type":"","overlay-color":"","overlay-opacity":"","overlay-gradient":""},"tablet":{"background-color":"","background-image":"","background-repeat":"repeat","background-position":"center center","background-size":"auto","background-attachment":"scroll","background-type":"","background-media":"","overlay-type":"","overlay-color":"","overlay-opacity":"","overlay-gradient":""},"mobile":{"background-color":"","background-image":"","background-repeat":"repeat","background-position":"center center","background-size":"auto","background-attachment":"scroll","background-type":"","background-media":"","overlay-type":"","overlay-color":"","overlay-opacity":"","overlay-gradient":""}},"ast-content-background-meta":{"desktop":{"background-color":"var(--ast-global-color-5)","background-image":"","background-repeat":"repeat","background-position":"center center","background-size":"auto","background-attachment":"scroll","background-type":"","background-media":"","overlay-type":"","overlay-color":"","overlay-opacity":"","overlay-gradient":""},"tablet":{"background-color":"var(--ast-global-color-5)","background-image":"","background-repeat":"repeat","background-position":"center center","background-size":"auto","background-attachment":"scroll","background-type":"","background-media":"","overlay-type":"","overlay-color":"","overlay-opacity":"","overlay-gradient":""},"mobile":{"background-color":"var(--ast-global-color-5)","background-image":"","background-repeat":"repeat","background-position":"center center","background-size":"auto","background-attachment":"scroll","background-type":"","background-media":"","overlay-type":"","overlay-color":"","overlay-opacity":"","overlay-gradient":""}},"footnotes":""},"class_list":["post-3722","page","type-page","status-publish","hentry"],"yoast_head":"<!-- This site is optimized with the Yoast SEO plugin v26.4 - https:\/\/yoast.com\/wordpress\/plugins\/seo\/ -->\n<title>Arbeitsbereiche - Architekturakustik - Macustica<\/title>\n<meta name=\"robots\" content=\"index, follow, max-snippet:-1, max-image-preview:large, max-video-preview:-1\" \/>\n<link rel=\"canonical\" href=\"https:\/\/macustica.com\/de\/arbeitsbereiche-architekturakustik\/\" \/>\n<meta property=\"og:locale\" content=\"de_DE\" \/>\n<meta property=\"og:type\" content=\"article\" \/>\n<meta property=\"og:title\" content=\"Arbeitsbereiche - Architekturakustik - Macustica\" \/>\n<meta property=\"og:description\" content=\"Architekturakustik Akustische Isolierung im Geb\u00e4ude Studien, Projekte und akustische Tests. Entwurf und Dimensionierung von Schalld\u00e4mmsystemen f\u00fcr Luft- und Trittschall gem\u00e4\u00df CTE DB-HR f\u00fcr neue Wohnungen, Sanierungen und Reformen gem\u00e4\u00df ISO 12354. Akustische Projekte und Studien f\u00fcr Kultur-, Bildungs- und Krankenhausgeb\u00e4ude. Bau von Dienstleistungs-, Gewerbe-, Aktivit\u00e4ts-, Freizeit- und Showeinrichtungen. Diagnose und \u00e4rztliche Verschreibung durch Durchf\u00fchrung von [&hellip;]\" \/>\n<meta property=\"og:url\" content=\"https:\/\/macustica.com\/de\/arbeitsbereiche-architekturakustik\/\" \/>\n<meta property=\"og:site_name\" content=\"Macustica\" \/>\n<meta property=\"article:publisher\" content=\"https:\/\/www.facebook.com\/macusticaingenieria\/?ref=bookmarks\" \/>\n<meta property=\"article:modified_time\" content=\"2023-08-04T21:26:05+00:00\" \/>\n<meta property=\"og:image\" content=\"https:\/\/macustica.com\/wp-content\/uploads\/2023\/07\/icono-acustica-arquitectonica-150x150.png\" \/>\n<meta name=\"twitter:card\" content=\"summary_large_image\" \/>\n<meta name=\"twitter:site\" content=\"@m_acustica\" \/>\n<meta name=\"twitter:label1\" content=\"Gesch\u00e4tzte Lesezeit\" \/>\n\t<meta name=\"twitter:data1\" content=\"1\u00a0Minute\" \/>\n<script type=\"application\/ld+json\" class=\"yoast-schema-graph\">{\"@context\":\"https:\/\/schema.org\",\"@graph\":[{\"@type\":\"WebPage\",\"@id\":\"https:\/\/macustica.com\/de\/arbeitsbereiche-architekturakustik\/\",\"url\":\"https:\/\/macustica.com\/de\/arbeitsbereiche-architekturakustik\/\",\"name\":\"Arbeitsbereiche - Architekturakustik - Macustica\",\"isPartOf\":{\"@id\":\"https:\/\/macustica.com\/de\/#website\"},\"primaryImageOfPage\":{\"@id\":\"https:\/\/macustica.com\/de\/arbeitsbereiche-architekturakustik\/#primaryimage\"},\"image\":{\"@id\":\"https:\/\/macustica.com\/de\/arbeitsbereiche-architekturakustik\/#primaryimage\"},\"thumbnailUrl\":\"https:\/\/macustica.com\/wp-content\/uploads\/2023\/07\/icono-acustica-arquitectonica-150x150.png\",\"datePublished\":\"2023-07-30T15:17:22+00:00\",\"dateModified\":\"2023-08-04T21:26:05+00:00\",\"breadcrumb\":{\"@id\":\"https:\/\/macustica.com\/de\/arbeitsbereiche-architekturakustik\/#breadcrumb\"},\"inLanguage\":\"de\",\"potentialAction\":[{\"@type\":\"ReadAction\",\"target\":[\"https:\/\/macustica.com\/de\/arbeitsbereiche-architekturakustik\/\"]}]},{\"@type\":\"ImageObject\",\"inLanguage\":\"de\",\"@id\":\"https:\/\/macustica.com\/de\/arbeitsbereiche-architekturakustik\/#primaryimage\",\"url\":\"https:\/\/macustica.com\/wp-content\/uploads\/2023\/07\/icono-acustica-arquitectonica-150x150.png\",\"contentUrl\":\"https:\/\/macustica.com\/wp-content\/uploads\/2023\/07\/icono-acustica-arquitectonica-150x150.png\"},{\"@type\":\"BreadcrumbList\",\"@id\":\"https:\/\/macustica.com\/de\/arbeitsbereiche-architekturakustik\/#breadcrumb\",\"itemListElement\":[{\"@type\":\"ListItem\",\"position\":1,\"name\":\"Portada\",\"item\":\"https:\/\/macustica.com\/de\/startseite\/\"},{\"@type\":\"ListItem\",\"position\":2,\"name\":\"Arbeitsbereiche &#8211; Architekturakustik\"}]},{\"@type\":\"WebSite\",\"@id\":\"https:\/\/macustica.com\/de\/#website\",\"url\":\"https:\/\/macustica.com\/de\/\",\"name\":\"Macustica\",\"description\":\"\",\"publisher\":{\"@id\":\"https:\/\/macustica.com\/de\/#organization\"},\"potentialAction\":[{\"@type\":\"SearchAction\",\"target\":{\"@type\":\"EntryPoint\",\"urlTemplate\":\"https:\/\/macustica.com\/de\/?s={search_term_string}\"},\"query-input\":{\"@type\":\"PropertyValueSpecification\",\"valueRequired\":true,\"valueName\":\"search_term_string\"}}],\"inLanguage\":\"de\"},{\"@type\":\"Organization\",\"@id\":\"https:\/\/macustica.com\/de\/#organization\",\"name\":\"Mac\u00fastica\",\"alternateName\":\"Mac\u00fastica\",\"url\":\"https:\/\/macustica.com\/de\/\",\"logo\":{\"@type\":\"ImageObject\",\"inLanguage\":\"de\",\"@id\":\"https:\/\/macustica.com\/de\/#\/schema\/logo\/image\/\",\"url\":\"https:\/\/macustica.com\/wp-content\/uploads\/2023\/03\/logo-macustica.png\",\"contentUrl\":\"https:\/\/macustica.com\/wp-content\/uploads\/2023\/03\/logo-macustica.png\",\"width\":300,\"height\":85,\"caption\":\"Mac\u00fastica\"},\"image\":{\"@id\":\"https:\/\/macustica.com\/de\/#\/schema\/logo\/image\/\"},\"sameAs\":[\"https:\/\/www.facebook.com\/macusticaingenieria\/?ref=bookmarks\",\"https:\/\/x.com\/m_acustica\",\"https:\/\/www.instagram.com\/macustica\/\",\"https:\/\/www.linkedin.com\/company\/15081962?trk=tyah&trkInfo=clickedVerticalcompanyclickedEntityId15081962idx1-1-1tarId1472140082122tasmacustica\"]}]}<\/script>\n<!-- \/ Yoast SEO plugin. -->","yoast_head_json":{"title":"Arbeitsbereiche - Architekturakustik - Macustica","robots":{"index":"index","follow":"follow","max-snippet":"max-snippet:-1","max-image-preview":"max-image-preview:large","max-video-preview":"max-video-preview:-1"},"canonical":"https:\/\/macustica.com\/de\/arbeitsbereiche-architekturakustik\/","og_locale":"de_DE","og_type":"article","og_title":"Arbeitsbereiche - Architekturakustik - Macustica","og_description":"Architekturakustik Akustische Isolierung im Geb\u00e4ude Studien, Projekte und akustische Tests. Entwurf und Dimensionierung von Schalld\u00e4mmsystemen f\u00fcr Luft- und Trittschall gem\u00e4\u00df CTE DB-HR f\u00fcr neue Wohnungen, Sanierungen und Reformen gem\u00e4\u00df ISO 12354. Akustische Projekte und Studien f\u00fcr Kultur-, Bildungs- und Krankenhausgeb\u00e4ude. Bau von Dienstleistungs-, Gewerbe-, Aktivit\u00e4ts-, Freizeit- und Showeinrichtungen. Diagnose und \u00e4rztliche Verschreibung durch Durchf\u00fchrung von [&hellip;]","og_url":"https:\/\/macustica.com\/de\/arbeitsbereiche-architekturakustik\/","og_site_name":"Macustica","article_publisher":"https:\/\/www.facebook.com\/macusticaingenieria\/?ref=bookmarks","article_modified_time":"2023-08-04T21:26:05+00:00","og_image":[{"url":"https:\/\/macustica.com\/wp-content\/uploads\/2023\/07\/icono-acustica-arquitectonica-150x150.png","type":"","width":"","height":""}],"twitter_card":"summary_large_image","twitter_site":"@m_acustica","twitter_misc":{"Gesch\u00e4tzte Lesezeit":"1\u00a0Minute"},"schema":{"@context":"https:\/\/schema.org","@graph":[{"@type":"WebPage","@id":"https:\/\/macustica.com\/de\/arbeitsbereiche-architekturakustik\/","url":"https:\/\/macustica.com\/de\/arbeitsbereiche-architekturakustik\/","name":"Arbeitsbereiche - Architekturakustik - Macustica","isPartOf":{"@id":"https:\/\/macustica.com\/de\/#website"},"primaryImageOfPage":{"@id":"https:\/\/macustica.com\/de\/arbeitsbereiche-architekturakustik\/#primaryimage"},"image":{"@id":"https:\/\/macustica.com\/de\/arbeitsbereiche-architekturakustik\/#primaryimage"},"thumbnailUrl":"https:\/\/macustica.com\/wp-content\/uploads\/2023\/07\/icono-acustica-arquitectonica-150x150.png","datePublished":"2023-07-30T15:17:22+00:00","dateModified":"2023-08-04T21:26:05+00:00","breadcrumb":{"@id":"https:\/\/macustica.com\/de\/arbeitsbereiche-architekturakustik\/#breadcrumb"},"inLanguage":"de","potentialAction":[{"@type":"ReadAction","target":["https:\/\/macustica.com\/de\/arbeitsbereiche-architekturakustik\/"]}]},{"@type":"ImageObject","inLanguage":"de","@id":"https:\/\/macustica.com\/de\/arbeitsbereiche-architekturakustik\/#primaryimage","url":"https:\/\/macustica.com\/wp-content\/uploads\/2023\/07\/icono-acustica-arquitectonica-150x150.png","contentUrl":"https:\/\/macustica.com\/wp-content\/uploads\/2023\/07\/icono-acustica-arquitectonica-150x150.png"},{"@type":"BreadcrumbList","@id":"https:\/\/macustica.com\/de\/arbeitsbereiche-architekturakustik\/#breadcrumb","itemListElement":[{"@type":"ListItem","position":1,"name":"Portada","item":"https:\/\/macustica.com\/de\/startseite\/"},{"@type":"ListItem","position":2,"name":"Arbeitsbereiche &#8211; Architekturakustik"}]},{"@type":"WebSite","@id":"https:\/\/macustica.com\/de\/#website","url":"https:\/\/macustica.com\/de\/","name":"Macustica","description":"","publisher":{"@id":"https:\/\/macustica.com\/de\/#organization"},"potentialAction":[{"@type":"SearchAction","target":{"@type":"EntryPoint","urlTemplate":"https:\/\/macustica.com\/de\/?s={search_term_string}"},"query-input":{"@type":"PropertyValueSpecification","valueRequired":true,"valueName":"search_term_string"}}],"inLanguage":"de"},{"@type":"Organization","@id":"https:\/\/macustica.com\/de\/#organization","name":"Mac\u00fastica","alternateName":"Mac\u00fastica","url":"https:\/\/macustica.com\/de\/","logo":{"@type":"ImageObject","inLanguage":"de","@id":"https:\/\/macustica.com\/de\/#\/schema\/logo\/image\/","url":"https:\/\/macustica.com\/wp-content\/uploads\/2023\/03\/logo-macustica.png","contentUrl":"https:\/\/macustica.com\/wp-content\/uploads\/2023\/03\/logo-macustica.png","width":300,"height":85,"caption":"Mac\u00fastica"},"image":{"@id":"https:\/\/macustica.com\/de\/#\/schema\/logo\/image\/"},"sameAs":["https:\/\/www.facebook.com\/macusticaingenieria\/?ref=bookmarks","https:\/\/x.com\/m_acustica","https:\/\/www.instagram.com\/macustica\/","https:\/\/www.linkedin.com\/company\/15081962?trk=tyah&trkInfo=clickedVerticalcompanyclickedEntityId15081962idx1-1-1tarId1472140082122tasmacustica"]}]}},"_links":{"self":[{"href":"https:\/\/macustica.com\/de\/wp-json\/wp\/v2\/pages\/3722","targetHints":{"allow":["GET"]}}],"collection":[{"href":"https:\/\/macustica.com\/de\/wp-json\/wp\/v2\/pages"}],"about":[{"href":"https:\/\/macustica.com\/de\/wp-json\/wp\/v2\/types\/page"}],"author":[{"embeddable":true,"href":"https:\/\/macustica.com\/de\/wp-json\/wp\/v2\/users\/1"}],"replies":[{"embeddable":true,"href":"https:\/\/macustica.com\/de\/wp-json\/wp\/v2\/comments?post=3722"}],"version-history":[{"count":0,"href":"https:\/\/macustica.com\/de\/wp-json\/wp\/v2\/pages\/3722\/revisions"}],"wp:attachment":[{"href":"https:\/\/macustica.com\/de\/wp-json\/wp\/v2\/media?parent=3722"}],"curies":[{"name":"wp","href":"https:\/\/api.w.org\/{rel}","templated":true}]}}