{"id":3716,"date":"2023-07-30T17:44:47","date_gmt":"2023-07-30T15:44:47","guid":{"rendered":"https:\/\/macustica.com\/arbeitsbereiche-umweltakustik\/"},"modified":"2023-08-04T23:19:41","modified_gmt":"2023-08-04T21:19:41","slug":"arbeitsbereiche-umweltakustik","status":"publish","type":"page","link":"https:\/\/macustica.com\/de\/arbeitsbereiche-umweltakustik\/","title":{"rendered":"Arbeitsbereiche &#8211; Umweltakustik"},"content":{"rendered":"\t\t<div data-elementor-type=\"wp-page\" data-elementor-id=\"3716\" class=\"elementor elementor-3716 elementor-1508\" data-elementor-post-type=\"page\">\n\t\t\t\t<div class=\"elementor-element elementor-element-e27901c e-con-full e-flex e-con e-parent\" data-id=\"e27901c\" data-element_type=\"container\">\n\t\t<div class=\"elementor-element elementor-element-1321b2a e-con-full e-flex e-con e-child\" data-id=\"1321b2a\" data-element_type=\"container\">\n\t\t<div class=\"elementor-element elementor-element-51b5cdb e-flex e-con-boxed e-con e-child\" data-id=\"51b5cdb\" data-element_type=\"container\">\n\t\t\t\t\t<div class=\"e-con-inner\">\n\t\t<div class=\"elementor-element elementor-element-94b41c7 e-con-full e-flex e-con e-child\" data-id=\"94b41c7\" data-element_type=\"container\">\n\t\t\t\t<div class=\"elementor-element elementor-element-8d915d1 elementor-widget elementor-widget-image\" data-id=\"8d915d1\" data-element_type=\"widget\" data-widget_type=\"image.default\">\n\t\t\t\t<div class=\"elementor-widget-container\">\n\t\t\t\t\t\t\t\t\t\t\t\t\t\t\t\t<a href=\"https:\/\/macustica.com\/#areas-de-trabajo\">\n\t\t\t\t\t\t\t<img decoding=\"async\" width=\"150\" height=\"150\" src=\"https:\/\/macustica.com\/wp-content\/uploads\/2023\/07\/icono-acustica-ambiental-150x150.png\" class=\"attachment-thumbnail size-thumbnail wp-image-3199\" alt=\"\" srcset=\"https:\/\/macustica.com\/wp-content\/uploads\/2023\/07\/icono-acustica-ambiental-150x150.png 150w, https:\/\/macustica.com\/wp-content\/uploads\/2023\/07\/icono-acustica-ambiental-100x100.png 100w, https:\/\/macustica.com\/wp-content\/uploads\/2023\/07\/icono-acustica-ambiental.png 263w\" sizes=\"(max-width: 150px) 100vw, 150px\" \/>\t\t\t\t\t\t\t\t<\/a>\n\t\t\t\t\t\t\t\t\t\t\t\t\t\t\t<\/div>\n\t\t\t\t<\/div>\n\t\t\t\t<\/div>\n\t\t<div class=\"elementor-element elementor-element-b852e63 e-flex e-con-boxed e-con e-child\" data-id=\"b852e63\" data-element_type=\"container\">\n\t\t\t\t\t<div class=\"e-con-inner\">\n\t\t\t\t<div class=\"elementor-element elementor-element-1e2512f elementor-widget elementor-widget-heading\" data-id=\"1e2512f\" data-element_type=\"widget\" data-widget_type=\"heading.default\">\n\t\t\t\t<div class=\"elementor-widget-container\">\n\t\t\t\t\t<h1 class=\"elementor-heading-title elementor-size-default\">Umgebungsakustik<\/h1>\t\t\t\t<\/div>\n\t\t\t\t<\/div>\n\t\t\t\t<div class=\"elementor-element elementor-element-059ca58 elementor-widget elementor-widget-text-editor\" data-id=\"059ca58\" data-element_type=\"widget\" data-widget_type=\"text-editor.default\">\n\t\t\t\t<div class=\"elementor-widget-container\">\n\t\t\t\t\t\t\t\t\t<p>Pr\u00e4diktive Studien und akustische Bewertungen<\/p>\n\t\t\t\t\t\t\t\t<\/div>\n\t\t\t\t<\/div>\n\t\t\t\t\t<\/div>\n\t\t\t\t<\/div>\n\t\t\t\t\t<\/div>\n\t\t\t\t<\/div>\n\t\t\t\t<\/div>\n\t\t<div class=\"elementor-element elementor-element-7965be5 e-con-full e-flex e-con e-child\" data-id=\"7965be5\" data-element_type=\"container\">\n\t\t\t\t<div class=\"elementor-element elementor-element-39e1180 elementor-widget elementor-widget-gallery\" data-id=\"39e1180\" data-element_type=\"widget\" data-settings=\"{&quot;lazyload&quot;:&quot;yes&quot;,&quot;gallery_layout&quot;:&quot;grid&quot;,&quot;columns&quot;:4,&quot;columns_tablet&quot;:2,&quot;columns_mobile&quot;:1,&quot;gap&quot;:{&quot;unit&quot;:&quot;px&quot;,&quot;size&quot;:10,&quot;sizes&quot;:[]},&quot;gap_tablet&quot;:{&quot;unit&quot;:&quot;px&quot;,&quot;size&quot;:10,&quot;sizes&quot;:[]},&quot;gap_mobile&quot;:{&quot;unit&quot;:&quot;px&quot;,&quot;size&quot;:10,&quot;sizes&quot;:[]},&quot;link_to&quot;:&quot;file&quot;,&quot;aspect_ratio&quot;:&quot;3:2&quot;,&quot;overlay_background&quot;:&quot;yes&quot;,&quot;content_hover_animation&quot;:&quot;fade-in&quot;}\" data-widget_type=\"gallery.default\">\n\t\t\t\t<div class=\"elementor-widget-container\">\n\t\t\t\t\t\t\t<div class=\"elementor-gallery__container\">\n\t\t\t\t\t\t\t<a class=\"e-gallery-item elementor-gallery-item elementor-animated-content\" href=\"https:\/\/macustica.com\/wp-content\/uploads\/2023\/08\/Area-de-trabajo-Acustica-ambiental-2.png\" data-elementor-open-lightbox=\"yes\" data-elementor-lightbox-slideshow=\"39e1180\" data-elementor-lightbox-title=\"\u00c1rea de trabajo - Ac\u00fastica ambiental (2)\" data-e-action-hash=\"#elementor-action%3Aaction%3Dlightbox%26settings%3DeyJpZCI6MzYwMSwidXJsIjoiaHR0cHM6XC9cL21hY3VzdGljYS5jb21cL3dwLWNvbnRlbnRcL3VwbG9hZHNcLzIwMjNcLzA4XC9BcmVhLWRlLXRyYWJham8tQWN1c3RpY2EtYW1iaWVudGFsLTIucG5nIiwic2xpZGVzaG93IjoiMzllMTE4MCJ9\">\n\t\t\t\t\t<div class=\"e-gallery-image elementor-gallery-item__image\" data-thumbnail=\"https:\/\/macustica.com\/wp-content\/uploads\/2023\/08\/Area-de-trabajo-Acustica-ambiental-2-300x181.png\" data-width=\"300\" data-height=\"181\" aria-label=\"\" role=\"img\" ><\/div>\n\t\t\t\t\t\t\t\t\t\t\t<div class=\"elementor-gallery-item__overlay\"><\/div>\n\t\t\t\t\t\t\t\t\t\t\t\t\t\t<\/a>\n\t\t\t\t\t\t\t<a class=\"e-gallery-item elementor-gallery-item elementor-animated-content\" href=\"https:\/\/macustica.com\/wp-content\/uploads\/2023\/08\/IMG_1682.jpg\" data-elementor-open-lightbox=\"yes\" data-elementor-lightbox-slideshow=\"39e1180\" data-elementor-lightbox-title=\"IMG_1682\" data-e-action-hash=\"#elementor-action%3Aaction%3Dlightbox%26settings%3DeyJpZCI6MzY2MywidXJsIjoiaHR0cHM6XC9cL21hY3VzdGljYS5jb21cL3dwLWNvbnRlbnRcL3VwbG9hZHNcLzIwMjNcLzA4XC9JTUdfMTY4Mi5qcGciLCJzbGlkZXNob3ciOiIzOWUxMTgwIn0%3D\">\n\t\t\t\t\t<div class=\"e-gallery-image elementor-gallery-item__image\" data-thumbnail=\"https:\/\/macustica.com\/wp-content\/uploads\/2023\/08\/IMG_1682-300x225.jpg\" data-width=\"300\" data-height=\"225\" aria-label=\"\" role=\"img\" ><\/div>\n\t\t\t\t\t\t\t\t\t\t\t<div class=\"elementor-gallery-item__overlay\"><\/div>\n\t\t\t\t\t\t\t\t\t\t\t\t\t\t<\/a>\n\t\t\t\t\t\t\t<a class=\"e-gallery-item elementor-gallery-item elementor-animated-content\" href=\"https:\/\/macustica.com\/wp-content\/uploads\/2023\/08\/IMG_1680.jpg\" data-elementor-open-lightbox=\"yes\" data-elementor-lightbox-slideshow=\"39e1180\" data-elementor-lightbox-title=\"IMG_1680\" data-e-action-hash=\"#elementor-action%3Aaction%3Dlightbox%26settings%3DeyJpZCI6MzY2NywidXJsIjoiaHR0cHM6XC9cL21hY3VzdGljYS5jb21cL3dwLWNvbnRlbnRcL3VwbG9hZHNcLzIwMjNcLzA4XC9JTUdfMTY4MC5qcGciLCJzbGlkZXNob3ciOiIzOWUxMTgwIn0%3D\">\n\t\t\t\t\t<div class=\"e-gallery-image elementor-gallery-item__image\" data-thumbnail=\"https:\/\/macustica.com\/wp-content\/uploads\/2023\/08\/IMG_1680-300x225.jpg\" data-width=\"300\" data-height=\"225\" aria-label=\"\" role=\"img\" ><\/div>\n\t\t\t\t\t\t\t\t\t\t\t<div class=\"elementor-gallery-item__overlay\"><\/div>\n\t\t\t\t\t\t\t\t\t\t\t\t\t\t<\/a>\n\t\t\t\t\t\t\t<a class=\"e-gallery-item elementor-gallery-item elementor-animated-content\" href=\"https:\/\/macustica.com\/wp-content\/uploads\/2023\/08\/IMG_0077.jpg\" data-elementor-open-lightbox=\"yes\" data-elementor-lightbox-slideshow=\"39e1180\" data-elementor-lightbox-title=\"IMG_0077\" data-e-action-hash=\"#elementor-action%3Aaction%3Dlightbox%26settings%3DeyJpZCI6MzY3MSwidXJsIjoiaHR0cHM6XC9cL21hY3VzdGljYS5jb21cL3dwLWNvbnRlbnRcL3VwbG9hZHNcLzIwMjNcLzA4XC9JTUdfMDA3Ny5qcGciLCJzbGlkZXNob3ciOiIzOWUxMTgwIn0%3D\">\n\t\t\t\t\t<div class=\"e-gallery-image elementor-gallery-item__image\" data-thumbnail=\"https:\/\/macustica.com\/wp-content\/uploads\/2023\/08\/IMG_0077-300x225.jpg\" data-width=\"300\" data-height=\"225\" aria-label=\"\" role=\"img\" ><\/div>\n\t\t\t\t\t\t\t\t\t\t\t<div class=\"elementor-gallery-item__overlay\"><\/div>\n\t\t\t\t\t\t\t\t\t\t\t\t\t\t<\/a>\n\t\t\t\t\t<\/div>\n\t\t\t\t\t<\/div>\n\t\t\t\t<\/div>\n\t\t\t\t<\/div>\n\t\t<div class=\"elementor-element elementor-element-5adccf1 e-con-full e-flex e-con e-child\" data-id=\"5adccf1\" data-element_type=\"container\" data-settings=\"{&quot;background_background&quot;:&quot;classic&quot;}\">\n\t\t<div class=\"elementor-element elementor-element-9885854 e-flex e-con-boxed e-con e-child\" data-id=\"9885854\" data-element_type=\"container\">\n\t\t\t\t\t<div class=\"e-con-inner\">\n\t\t\t\t<div class=\"elementor-element elementor-element-ab68c34 elementor-widget elementor-widget-text-editor\" data-id=\"ab68c34\" data-element_type=\"widget\" data-widget_type=\"text-editor.default\">\n\t\t\t\t<div class=\"elementor-widget-container\">\n\t\t\t\t\t\t\t\t\t<p>Akustische Studien und L\u00e4rmkarten f\u00fcr verschiedene Bereiche und Sektoren (Verkehrsinfrastruktur, Industrie- und Energieanlagen, Musikveranstaltungen), basierend auf vorherigen akustischen Messungen zur Charakterisierung des Vorbetriebszustands und anschlie\u00dfender Schallsimulation, Festlegung von Verbesserungsma\u00dfnahmen und deren Bewertung Wirksamkeit.<\/p>\n<p>Kontinuierliches \u00dcberwachungssystem f\u00fcr akustische Pegel f\u00fcr kommerzielle, terti\u00e4re, Freizeitaktivit\u00e4ten, Baustellen, Musikveranstaltungen usw.<\/p>\n<p>Zertifizierung durch standardisierte Tests gem\u00e4\u00df der Norm UNE-EN ISO\/IEC 17025, gem\u00e4\u00df RD 1367\/2007 und verschiedenen regionalen und lokalen Standards.<\/p>\n\t\t\t\t\t\t\t\t<\/div>\n\t\t\t\t<\/div>\n\t\t\t\t\t<\/div>\n\t\t\t\t<\/div>\n\t\t\t\t<\/div>\n\t\t\t\t<\/div>\n\t\t\t\t<\/div>\n\t\t","protected":false},"excerpt":{"rendered":"<p>Umgebungsakustik Pr\u00e4diktive Studien und akustische Bewertungen Akustische Studien und L\u00e4rmkarten f\u00fcr verschiedene Bereiche und Sektoren (Verkehrsinfrastruktur, Industrie- und Energieanlagen, Musikveranstaltungen), basierend auf vorherigen akustischen Messungen zur Charakterisierung des Vorbetriebszustands und anschlie\u00dfender Schallsimulation, Festlegung von Verbesserungsma\u00dfnahmen und deren Bewertung Wirksamkeit. Kontinuierliches \u00dcberwachungssystem f\u00fcr akustische Pegel f\u00fcr kommerzielle, terti\u00e4re, Freizeitaktivit\u00e4ten, Baustellen, Musikveranstaltungen usw. Zertifizierung durch standardisierte Tests [&hellip;]<\/p>\n","protected":false},"author":1,"featured_media":0,"parent":0,"menu_order":0,"comment_status":"closed","ping_status":"closed","template":"","meta":{"site-sidebar-layout":"no-sidebar","site-content-layout":"page-builder","ast-site-content-layout":"","site-content-style":"default","site-sidebar-style":"default","ast-global-header-display":"","ast-banner-title-visibility":"","ast-main-header-display":"","ast-hfb-above-header-display":"","ast-hfb-below-header-display":"","ast-hfb-mobile-header-display":"","site-post-title":"disabled","ast-breadcrumbs-content":"","ast-featured-img":"disabled","footer-sml-layout":"","theme-transparent-header-meta":"default","adv-header-id-meta":"","stick-header-meta":"default","header-above-stick-meta":"","header-main-stick-meta":"","header-below-stick-meta":"","astra-migrate-meta-layouts":"default","ast-page-background-enabled":"default","ast-page-background-meta":{"desktop":{"background-color":"","background-image":"","background-repeat":"repeat","background-position":"center center","background-size":"auto","background-attachment":"scroll","background-type":"","background-media":"","overlay-type":"","overlay-color":"","overlay-opacity":"","overlay-gradient":""},"tablet":{"background-color":"","background-image":"","background-repeat":"repeat","background-position":"center center","background-size":"auto","background-attachment":"scroll","background-type":"","background-media":"","overlay-type":"","overlay-color":"","overlay-opacity":"","overlay-gradient":""},"mobile":{"background-color":"","background-image":"","background-repeat":"repeat","background-position":"center center","background-size":"auto","background-attachment":"scroll","background-type":"","background-media":"","overlay-type":"","overlay-color":"","overlay-opacity":"","overlay-gradient":""}},"ast-content-background-meta":{"desktop":{"background-color":"var(--ast-global-color-5)","background-image":"","background-repeat":"repeat","background-position":"center center","background-size":"auto","background-attachment":"scroll","background-type":"","background-media":"","overlay-type":"","overlay-color":"","overlay-opacity":"","overlay-gradient":""},"tablet":{"background-color":"var(--ast-global-color-5)","background-image":"","background-repeat":"repeat","background-position":"center center","background-size":"auto","background-attachment":"scroll","background-type":"","background-media":"","overlay-type":"","overlay-color":"","overlay-opacity":"","overlay-gradient":""},"mobile":{"background-color":"var(--ast-global-color-5)","background-image":"","background-repeat":"repeat","background-position":"center center","background-size":"auto","background-attachment":"scroll","background-type":"","background-media":"","overlay-type":"","overlay-color":"","overlay-opacity":"","overlay-gradient":""}},"footnotes":""},"class_list":["post-3716","page","type-page","status-publish","hentry"],"yoast_head":"<!-- This site is optimized with the Yoast SEO plugin v26.4 - https:\/\/yoast.com\/wordpress\/plugins\/seo\/ -->\n<title>Arbeitsbereiche - Umweltakustik - Macustica<\/title>\n<meta name=\"robots\" content=\"index, follow, max-snippet:-1, max-image-preview:large, max-video-preview:-1\" \/>\n<link rel=\"canonical\" href=\"https:\/\/macustica.com\/de\/arbeitsbereiche-umweltakustik\/\" \/>\n<meta property=\"og:locale\" content=\"de_DE\" \/>\n<meta property=\"og:type\" content=\"article\" \/>\n<meta property=\"og:title\" content=\"Arbeitsbereiche - Umweltakustik - Macustica\" \/>\n<meta property=\"og:description\" content=\"Umgebungsakustik Pr\u00e4diktive Studien und akustische Bewertungen Akustische Studien und L\u00e4rmkarten f\u00fcr verschiedene Bereiche und Sektoren (Verkehrsinfrastruktur, Industrie- und Energieanlagen, Musikveranstaltungen), basierend auf vorherigen akustischen Messungen zur Charakterisierung des Vorbetriebszustands und anschlie\u00dfender Schallsimulation, Festlegung von Verbesserungsma\u00dfnahmen und deren Bewertung Wirksamkeit. Kontinuierliches \u00dcberwachungssystem f\u00fcr akustische Pegel f\u00fcr kommerzielle, terti\u00e4re, Freizeitaktivit\u00e4ten, Baustellen, Musikveranstaltungen usw. Zertifizierung durch standardisierte Tests [&hellip;]\" \/>\n<meta property=\"og:url\" content=\"https:\/\/macustica.com\/de\/arbeitsbereiche-umweltakustik\/\" \/>\n<meta property=\"og:site_name\" content=\"Macustica\" \/>\n<meta property=\"article:publisher\" content=\"https:\/\/www.facebook.com\/macusticaingenieria\/?ref=bookmarks\" \/>\n<meta property=\"article:modified_time\" content=\"2023-08-04T21:19:41+00:00\" \/>\n<meta property=\"og:image\" content=\"https:\/\/macustica.com\/wp-content\/uploads\/2023\/07\/icono-acustica-ambiental-150x150.png\" \/>\n<meta name=\"twitter:card\" content=\"summary_large_image\" \/>\n<meta name=\"twitter:site\" content=\"@m_acustica\" \/>\n<script type=\"application\/ld+json\" class=\"yoast-schema-graph\">{\"@context\":\"https:\/\/schema.org\",\"@graph\":[{\"@type\":\"WebPage\",\"@id\":\"https:\/\/macustica.com\/de\/arbeitsbereiche-umweltakustik\/\",\"url\":\"https:\/\/macustica.com\/de\/arbeitsbereiche-umweltakustik\/\",\"name\":\"Arbeitsbereiche - Umweltakustik - Macustica\",\"isPartOf\":{\"@id\":\"https:\/\/macustica.com\/de\/#website\"},\"primaryImageOfPage\":{\"@id\":\"https:\/\/macustica.com\/de\/arbeitsbereiche-umweltakustik\/#primaryimage\"},\"image\":{\"@id\":\"https:\/\/macustica.com\/de\/arbeitsbereiche-umweltakustik\/#primaryimage\"},\"thumbnailUrl\":\"https:\/\/macustica.com\/wp-content\/uploads\/2023\/07\/icono-acustica-ambiental-150x150.png\",\"datePublished\":\"2023-07-30T15:44:47+00:00\",\"dateModified\":\"2023-08-04T21:19:41+00:00\",\"breadcrumb\":{\"@id\":\"https:\/\/macustica.com\/de\/arbeitsbereiche-umweltakustik\/#breadcrumb\"},\"inLanguage\":\"de\",\"potentialAction\":[{\"@type\":\"ReadAction\",\"target\":[\"https:\/\/macustica.com\/de\/arbeitsbereiche-umweltakustik\/\"]}]},{\"@type\":\"ImageObject\",\"inLanguage\":\"de\",\"@id\":\"https:\/\/macustica.com\/de\/arbeitsbereiche-umweltakustik\/#primaryimage\",\"url\":\"https:\/\/macustica.com\/wp-content\/uploads\/2023\/07\/icono-acustica-ambiental-150x150.png\",\"contentUrl\":\"https:\/\/macustica.com\/wp-content\/uploads\/2023\/07\/icono-acustica-ambiental-150x150.png\"},{\"@type\":\"BreadcrumbList\",\"@id\":\"https:\/\/macustica.com\/de\/arbeitsbereiche-umweltakustik\/#breadcrumb\",\"itemListElement\":[{\"@type\":\"ListItem\",\"position\":1,\"name\":\"Portada\",\"item\":\"https:\/\/macustica.com\/de\/startseite\/\"},{\"@type\":\"ListItem\",\"position\":2,\"name\":\"Arbeitsbereiche &#8211; Umweltakustik\"}]},{\"@type\":\"WebSite\",\"@id\":\"https:\/\/macustica.com\/de\/#website\",\"url\":\"https:\/\/macustica.com\/de\/\",\"name\":\"Macustica\",\"description\":\"\",\"publisher\":{\"@id\":\"https:\/\/macustica.com\/de\/#organization\"},\"potentialAction\":[{\"@type\":\"SearchAction\",\"target\":{\"@type\":\"EntryPoint\",\"urlTemplate\":\"https:\/\/macustica.com\/de\/?s={search_term_string}\"},\"query-input\":{\"@type\":\"PropertyValueSpecification\",\"valueRequired\":true,\"valueName\":\"search_term_string\"}}],\"inLanguage\":\"de\"},{\"@type\":\"Organization\",\"@id\":\"https:\/\/macustica.com\/de\/#organization\",\"name\":\"Mac\u00fastica\",\"alternateName\":\"Mac\u00fastica\",\"url\":\"https:\/\/macustica.com\/de\/\",\"logo\":{\"@type\":\"ImageObject\",\"inLanguage\":\"de\",\"@id\":\"https:\/\/macustica.com\/de\/#\/schema\/logo\/image\/\",\"url\":\"https:\/\/macustica.com\/wp-content\/uploads\/2023\/03\/logo-macustica.png\",\"contentUrl\":\"https:\/\/macustica.com\/wp-content\/uploads\/2023\/03\/logo-macustica.png\",\"width\":300,\"height\":85,\"caption\":\"Mac\u00fastica\"},\"image\":{\"@id\":\"https:\/\/macustica.com\/de\/#\/schema\/logo\/image\/\"},\"sameAs\":[\"https:\/\/www.facebook.com\/macusticaingenieria\/?ref=bookmarks\",\"https:\/\/x.com\/m_acustica\",\"https:\/\/www.instagram.com\/macustica\/\",\"https:\/\/www.linkedin.com\/company\/15081962?trk=tyah&trkInfo=clickedVerticalcompanyclickedEntityId15081962idx1-1-1tarId1472140082122tasmacustica\"]}]}<\/script>\n<!-- \/ Yoast SEO plugin. -->","yoast_head_json":{"title":"Arbeitsbereiche - Umweltakustik - Macustica","robots":{"index":"index","follow":"follow","max-snippet":"max-snippet:-1","max-image-preview":"max-image-preview:large","max-video-preview":"max-video-preview:-1"},"canonical":"https:\/\/macustica.com\/de\/arbeitsbereiche-umweltakustik\/","og_locale":"de_DE","og_type":"article","og_title":"Arbeitsbereiche - Umweltakustik - Macustica","og_description":"Umgebungsakustik Pr\u00e4diktive Studien und akustische Bewertungen Akustische Studien und L\u00e4rmkarten f\u00fcr verschiedene Bereiche und Sektoren (Verkehrsinfrastruktur, Industrie- und Energieanlagen, Musikveranstaltungen), basierend auf vorherigen akustischen Messungen zur Charakterisierung des Vorbetriebszustands und anschlie\u00dfender Schallsimulation, Festlegung von Verbesserungsma\u00dfnahmen und deren Bewertung Wirksamkeit. Kontinuierliches \u00dcberwachungssystem f\u00fcr akustische Pegel f\u00fcr kommerzielle, terti\u00e4re, Freizeitaktivit\u00e4ten, Baustellen, Musikveranstaltungen usw. Zertifizierung durch standardisierte Tests [&hellip;]","og_url":"https:\/\/macustica.com\/de\/arbeitsbereiche-umweltakustik\/","og_site_name":"Macustica","article_publisher":"https:\/\/www.facebook.com\/macusticaingenieria\/?ref=bookmarks","article_modified_time":"2023-08-04T21:19:41+00:00","og_image":[{"url":"https:\/\/macustica.com\/wp-content\/uploads\/2023\/07\/icono-acustica-ambiental-150x150.png","type":"","width":"","height":""}],"twitter_card":"summary_large_image","twitter_site":"@m_acustica","schema":{"@context":"https:\/\/schema.org","@graph":[{"@type":"WebPage","@id":"https:\/\/macustica.com\/de\/arbeitsbereiche-umweltakustik\/","url":"https:\/\/macustica.com\/de\/arbeitsbereiche-umweltakustik\/","name":"Arbeitsbereiche - Umweltakustik - Macustica","isPartOf":{"@id":"https:\/\/macustica.com\/de\/#website"},"primaryImageOfPage":{"@id":"https:\/\/macustica.com\/de\/arbeitsbereiche-umweltakustik\/#primaryimage"},"image":{"@id":"https:\/\/macustica.com\/de\/arbeitsbereiche-umweltakustik\/#primaryimage"},"thumbnailUrl":"https:\/\/macustica.com\/wp-content\/uploads\/2023\/07\/icono-acustica-ambiental-150x150.png","datePublished":"2023-07-30T15:44:47+00:00","dateModified":"2023-08-04T21:19:41+00:00","breadcrumb":{"@id":"https:\/\/macustica.com\/de\/arbeitsbereiche-umweltakustik\/#breadcrumb"},"inLanguage":"de","potentialAction":[{"@type":"ReadAction","target":["https:\/\/macustica.com\/de\/arbeitsbereiche-umweltakustik\/"]}]},{"@type":"ImageObject","inLanguage":"de","@id":"https:\/\/macustica.com\/de\/arbeitsbereiche-umweltakustik\/#primaryimage","url":"https:\/\/macustica.com\/wp-content\/uploads\/2023\/07\/icono-acustica-ambiental-150x150.png","contentUrl":"https:\/\/macustica.com\/wp-content\/uploads\/2023\/07\/icono-acustica-ambiental-150x150.png"},{"@type":"BreadcrumbList","@id":"https:\/\/macustica.com\/de\/arbeitsbereiche-umweltakustik\/#breadcrumb","itemListElement":[{"@type":"ListItem","position":1,"name":"Portada","item":"https:\/\/macustica.com\/de\/startseite\/"},{"@type":"ListItem","position":2,"name":"Arbeitsbereiche &#8211; Umweltakustik"}]},{"@type":"WebSite","@id":"https:\/\/macustica.com\/de\/#website","url":"https:\/\/macustica.com\/de\/","name":"Macustica","description":"","publisher":{"@id":"https:\/\/macustica.com\/de\/#organization"},"potentialAction":[{"@type":"SearchAction","target":{"@type":"EntryPoint","urlTemplate":"https:\/\/macustica.com\/de\/?s={search_term_string}"},"query-input":{"@type":"PropertyValueSpecification","valueRequired":true,"valueName":"search_term_string"}}],"inLanguage":"de"},{"@type":"Organization","@id":"https:\/\/macustica.com\/de\/#organization","name":"Mac\u00fastica","alternateName":"Mac\u00fastica","url":"https:\/\/macustica.com\/de\/","logo":{"@type":"ImageObject","inLanguage":"de","@id":"https:\/\/macustica.com\/de\/#\/schema\/logo\/image\/","url":"https:\/\/macustica.com\/wp-content\/uploads\/2023\/03\/logo-macustica.png","contentUrl":"https:\/\/macustica.com\/wp-content\/uploads\/2023\/03\/logo-macustica.png","width":300,"height":85,"caption":"Mac\u00fastica"},"image":{"@id":"https:\/\/macustica.com\/de\/#\/schema\/logo\/image\/"},"sameAs":["https:\/\/www.facebook.com\/macusticaingenieria\/?ref=bookmarks","https:\/\/x.com\/m_acustica","https:\/\/www.instagram.com\/macustica\/","https:\/\/www.linkedin.com\/company\/15081962?trk=tyah&trkInfo=clickedVerticalcompanyclickedEntityId15081962idx1-1-1tarId1472140082122tasmacustica"]}]}},"_links":{"self":[{"href":"https:\/\/macustica.com\/de\/wp-json\/wp\/v2\/pages\/3716","targetHints":{"allow":["GET"]}}],"collection":[{"href":"https:\/\/macustica.com\/de\/wp-json\/wp\/v2\/pages"}],"about":[{"href":"https:\/\/macustica.com\/de\/wp-json\/wp\/v2\/types\/page"}],"author":[{"embeddable":true,"href":"https:\/\/macustica.com\/de\/wp-json\/wp\/v2\/users\/1"}],"replies":[{"embeddable":true,"href":"https:\/\/macustica.com\/de\/wp-json\/wp\/v2\/comments?post=3716"}],"version-history":[{"count":0,"href":"https:\/\/macustica.com\/de\/wp-json\/wp\/v2\/pages\/3716\/revisions"}],"wp:attachment":[{"href":"https:\/\/macustica.com\/de\/wp-json\/wp\/v2\/media?parent=3716"}],"curies":[{"name":"wp","href":"https:\/\/api.w.org\/{rel}","templated":true}]}}