{"id":3710,"date":"2023-07-31T16:36:38","date_gmt":"2023-07-31T14:36:38","guid":{"rendered":"https:\/\/macustica.com\/akustische-konditionierung\/"},"modified":"2023-08-04T23:13:55","modified_gmt":"2023-08-04T21:13:55","slug":"akustische-konditionierung","status":"publish","type":"page","link":"https:\/\/macustica.com\/de\/akustische-konditionierung\/","title":{"rendered":"Akustische Konditionierung"},"content":{"rendered":"\t\t<div data-elementor-type=\"wp-page\" data-elementor-id=\"3710\" class=\"elementor elementor-3710 elementor-1784\" data-elementor-post-type=\"page\">\n\t\t\t\t<div class=\"elementor-element elementor-element-4c43744 e-flex e-con-boxed e-con e-parent\" data-id=\"4c43744\" data-element_type=\"container\" data-settings=\"{&quot;background_background&quot;:&quot;classic&quot;}\">\n\t\t\t\t\t<div class=\"e-con-inner\">\n\t\t<div class=\"elementor-element elementor-element-bac1893 e-flex e-con-boxed e-con e-child\" data-id=\"bac1893\" data-element_type=\"container\">\n\t\t\t\t\t<div class=\"e-con-inner\">\n\t\t\t\t<div class=\"elementor-element elementor-element-f767755 elementor-widget elementor-widget-image\" data-id=\"f767755\" data-element_type=\"widget\" data-widget_type=\"image.default\">\n\t\t\t\t<div class=\"elementor-widget-container\">\n\t\t\t\t\t\t\t\t\t\t\t\t\t\t\t<img fetchpriority=\"high\" decoding=\"async\" width=\"500\" height=\"164\" src=\"https:\/\/macustica.com\/wp-content\/uploads\/2023\/07\/logo-macustica-blanco.png\" class=\"attachment-large size-large wp-image-3475\" alt=\"\" srcset=\"https:\/\/macustica.com\/wp-content\/uploads\/2023\/07\/logo-macustica-blanco.png 500w, https:\/\/macustica.com\/wp-content\/uploads\/2023\/07\/logo-macustica-blanco-300x98.png 300w\" sizes=\"(max-width: 500px) 100vw, 500px\" \/>\t\t\t\t\t\t\t\t\t\t\t\t\t\t\t<\/div>\n\t\t\t\t<\/div>\n\t\t\t\t\t<\/div>\n\t\t\t\t<\/div>\n\t\t<div class=\"elementor-element elementor-element-7b53892 e-flex e-con-boxed e-con e-child\" data-id=\"7b53892\" data-element_type=\"container\">\n\t\t\t\t\t<div class=\"e-con-inner\">\n\t\t<div class=\"elementor-element elementor-element-9c0841b e-flex e-con-boxed e-con e-child\" data-id=\"9c0841b\" data-element_type=\"container\">\n\t\t\t\t\t<div class=\"e-con-inner\">\n\t\t\t\t<div class=\"elementor-element elementor-element-45dcd45 elementor-widget elementor-widget-heading\" data-id=\"45dcd45\" data-element_type=\"widget\" data-widget_type=\"heading.default\">\n\t\t\t\t<div class=\"elementor-widget-container\">\n\t\t\t\t\t<h1 class=\"elementor-heading-title elementor-size-default\">AKUSTISCHE KONDITIONIERUNG<\/h1>\t\t\t\t<\/div>\n\t\t\t\t<\/div>\n\t\t\t\t<div class=\"elementor-element elementor-element-bf18ada elementor-widget elementor-widget-text-editor\" data-id=\"bf18ada\" data-element_type=\"widget\" data-widget_type=\"text-editor.default\">\n\t\t\t\t<div class=\"elementor-widget-container\">\n\t\t\t\t\t\t\t\t\t<p>Akustische Konditionierung zur L\u00e4rmkontrolle in Kantinen, Restaurants, B\u00fcros und Industrieumgebungen. Musik- und Aufnahmestudios, Prober\u00e4ume. Beratung und Design f\u00fcr Designer, Dekorateure und Bauherren, sowohl in Bezug auf Materialien, Ausf\u00fchrungssysteme als auch auf eine breite Palette akustischer L\u00f6sungen. Gestaltung des Audiometrieraums.<\/p>\n\t\t\t\t\t\t\t\t<\/div>\n\t\t\t\t<\/div>\n\t\t\t\t<div class=\"elementor-element elementor-element-36c6bd9 elementor-widget elementor-widget-html\" data-id=\"36c6bd9\" data-element_type=\"widget\" data-widget_type=\"html.default\">\n\t\t\t\t<div class=\"elementor-widget-container\">\n\t\t\t\t\t<a target=\"_blank\" href=\"tel:0034692319767\" class=\"btn-tel-landing btn-tel-landing2\">\n    <i class=\"fa fa-phone\"><\/i> Rufen Sie uns unter 692 31 97 67 an\n<\/a>\n\n<a target=\"_blank\" href=\"https:\/\/wa.me\/697635751\" class=\"btn-wa-landing\">\n    <i class=\"fab fa-whatsapp\"><\/i> Schreiben Sie uns per WhatsApp\n<\/a>\t\t\t\t<\/div>\n\t\t\t\t<\/div>\n\t\t\t\t\t<\/div>\n\t\t\t\t<\/div>\n\t\t<div class=\"elementor-element elementor-element-36ebcc6 e-flex e-con-boxed e-con e-child\" data-id=\"36ebcc6\" data-element_type=\"container\">\n\t\t\t\t\t<div class=\"e-con-inner\">\n\t\t\t\t<div class=\"elementor-element elementor-element-3e484dd elementor-widget elementor-widget-shortcode\" data-id=\"3e484dd\" data-element_type=\"widget\" data-widget_type=\"shortcode.default\">\n\t\t\t\t<div class=\"elementor-widget-container\">\n\t\t\t\t\t\t\t<div class=\"elementor-shortcode\">\n<div class=\"wpcf7 no-js\" id=\"wpcf7-f3977-o1\" lang=\"de-DE\" dir=\"ltr\" data-wpcf7-id=\"3977\">\n<div class=\"screen-reader-response\"><p role=\"status\" aria-live=\"polite\" aria-atomic=\"true\"><\/p> <ul><\/ul><\/div>\n<form action=\"\/de\/wp-json\/wp\/v2\/pages\/3710#wpcf7-f3977-o1\" method=\"post\" class=\"wpcf7-form init\" aria-label=\"Kontaktformular\" novalidate=\"novalidate\" data-status=\"init\">\n<fieldset class=\"hidden-fields-container\"><input type=\"hidden\" name=\"_wpcf7\" value=\"3977\" \/><input type=\"hidden\" name=\"_wpcf7_version\" value=\"6.1.3\" \/><input type=\"hidden\" name=\"_wpcf7_locale\" value=\"de_DE\" \/><input type=\"hidden\" name=\"_wpcf7_unit_tag\" value=\"wpcf7-f3977-o1\" \/><input type=\"hidden\" name=\"_wpcf7_container_post\" value=\"0\" \/><input type=\"hidden\" name=\"_wpcf7_posted_data_hash\" value=\"\" \/><input type=\"hidden\" name=\"_wpcf7_recaptcha_response\" value=\"\" \/>\n<\/fieldset>\n<div class=\"formulario landing\">\n\t<div class=\"fila1\">\n\t\t<div class=\"campo\">\n\t\t\t<p><span class=\"wpcf7-form-control-wrap\" data-name=\"eqpa\"><input size=\"40\" maxlength=\"400\" class=\"wpcf7-form-control wpcf7-text wpcf7-validates-as-required\" aria-required=\"true\" aria-invalid=\"false\" placeholder=\"Wie k\u00f6nnen wir Ihnen helfen? *\" value=\"\" type=\"text\" name=\"eqpa\" \/><\/span>\n\t\t\t<\/p>\n\t\t<\/div>\n\t<\/div>\n\t<div class=\"fila1\">\n\t\t<div class=\"campo\">\n\t\t\t<p><span class=\"wpcf7-form-control-wrap\" data-name=\"tn\"><input size=\"40\" maxlength=\"400\" class=\"wpcf7-form-control wpcf7-text wpcf7-validates-as-required\" aria-required=\"true\" aria-invalid=\"false\" placeholder=\"Name *\" value=\"\" type=\"text\" name=\"tn\" \/><\/span>\n\t\t\t<\/p>\n\t\t<\/div>\n\t<\/div>\n\t<div class=\"fila1\">\n\t\t<div class=\"campo\">\n\t\t\t<p><span class=\"wpcf7-form-control-wrap\" data-name=\"your-email\"><input size=\"40\" maxlength=\"400\" class=\"wpcf7-form-control wpcf7-email wpcf7-validates-as-required wpcf7-text wpcf7-validates-as-email\" aria-required=\"true\" aria-invalid=\"false\" placeholder=\"Email *\" value=\"\" type=\"email\" name=\"your-email\" \/><\/span>\n\t\t\t<\/p>\n\t\t<\/div>\n\t<\/div>\n\t<div class=\"fila1\">\n\t\t<div class=\"campo\">\n\t\t\t<p><span class=\"wpcf7-form-control-wrap\" data-name=\"your-message\"><textarea cols=\"40\" rows=\"10\" maxlength=\"2000\" class=\"wpcf7-form-control wpcf7-textarea wpcf7-validates-as-required\" aria-required=\"true\" aria-invalid=\"false\" placeholder=\"Legen Sie Ihr Problem offen *\" name=\"your-message\"><\/textarea><\/span>\n\t\t\t<\/p>\n\t\t<\/div>\n\t<\/div>\n\t<div class=\"fila1\">\n\t\t<div class=\"aviso\">\n\t\t\t<p><span class=\"wpcf7-form-control-wrap\" data-name=\"rgpd\"><span class=\"wpcf7-form-control wpcf7-acceptance\"><span class=\"wpcf7-list-item\"><label><input type=\"checkbox\" name=\"rgpd\" value=\"1\" aria-invalid=\"false\" \/><span class=\"wpcf7-list-item-label\">Ich habe die Datenschutzerkl\u00e4rung gelesen und akzeptiere sie<\/span><\/label><\/span><\/span><\/span>\n\t\t\t<\/p>\n\t\t<\/div>\n\t<\/div>\n\t<div class=\"fila1\">\n\t\t<div class=\"aviso\">\n\t\t\t<p>Diese Website ist durch reCAPTCHA gesch\u00fctzt und es gelten die <a href=\"https:\/\/policies.google.com\/privacy\" target=\"_blank\">Datenschutzbestimmungen<\/a> und <a href=\"https:\/\/policies.google.com\/terms\" target=\"_blank\">Nutzungsbedingungen<\/a> von Google.\n\t\t\t<\/p>\n\t\t<\/div>\n\t<\/div>\n\t<div class=\"enviar\">\n\t\t<p><input class=\"wpcf7-form-control wpcf7-submit has-spinner\" type=\"submit\" value=\"Env\u00eda tu consulta\" \/>\n\t\t<\/p>\n\t<\/div>\n<\/div><p style=\"display: none !important;\" class=\"akismet-fields-container\" data-prefix=\"_wpcf7_ak_\"><label>&#916;<textarea name=\"_wpcf7_ak_hp_textarea\" cols=\"45\" rows=\"8\" maxlength=\"100\"><\/textarea><\/label><input type=\"hidden\" id=\"ak_js_1\" name=\"_wpcf7_ak_js\" value=\"230\"\/><script>document.getElementById( \"ak_js_1\" ).setAttribute( \"value\", ( new Date() ).getTime() );<\/script><\/p><div class=\"wpcf7-response-output\" aria-hidden=\"true\"><\/div>\n<\/form>\n<\/div>\n<\/div>\n\t\t\t\t\t\t<\/div>\n\t\t\t\t<\/div>\n\t\t\t\t\t<\/div>\n\t\t\t\t<\/div>\n\t\t\t\t\t<\/div>\n\t\t\t\t<\/div>\n\t\t\t\t\t<\/div>\n\t\t\t\t<\/div>\n\t\t\t\t<\/div>\n\t\t","protected":false},"excerpt":{"rendered":"<p>AKUSTISCHE KONDITIONIERUNG Akustische Konditionierung zur L\u00e4rmkontrolle in Kantinen, Restaurants, B\u00fcros und Industrieumgebungen. Musik- und Aufnahmestudios, Prober\u00e4ume. Beratung und Design f\u00fcr Designer, Dekorateure und Bauherren, sowohl in Bezug auf Materialien, Ausf\u00fchrungssysteme als auch auf eine breite Palette akustischer L\u00f6sungen. Gestaltung des Audiometrieraums. Rufen Sie uns unter 692 31 97 67 an Schreiben Sie uns per WhatsApp<\/p>\n","protected":false},"author":1,"featured_media":0,"parent":0,"menu_order":0,"comment_status":"closed","ping_status":"closed","template":"elementor_canvas","meta":{"site-sidebar-layout":"no-sidebar","site-content-layout":"page-builder","ast-site-content-layout":"","site-content-style":"default","site-sidebar-style":"default","ast-global-header-display":"","ast-banner-title-visibility":"","ast-main-header-display":"","ast-hfb-above-header-display":"","ast-hfb-below-header-display":"","ast-hfb-mobile-header-display":"","site-post-title":"disabled","ast-breadcrumbs-content":"","ast-featured-img":"disabled","footer-sml-layout":"","theme-transparent-header-meta":"default","adv-header-id-meta":"","stick-header-meta":"default","header-above-stick-meta":"","header-main-stick-meta":"","header-below-stick-meta":"","astra-migrate-meta-layouts":"default","ast-page-background-enabled":"default","ast-page-background-meta":{"desktop":{"background-color":"","background-image":"","background-repeat":"repeat","background-position":"center center","background-size":"auto","background-attachment":"scroll","background-type":"","background-media":"","overlay-type":"","overlay-color":"","overlay-opacity":"","overlay-gradient":""},"tablet":{"background-color":"","background-image":"","background-repeat":"repeat","background-position":"center center","background-size":"auto","background-attachment":"scroll","background-type":"","background-media":"","overlay-type":"","overlay-color":"","overlay-opacity":"","overlay-gradient":""},"mobile":{"background-color":"","background-image":"","background-repeat":"repeat","background-position":"center center","background-size":"auto","background-attachment":"scroll","background-type":"","background-media":"","overlay-type":"","overlay-color":"","overlay-opacity":"","overlay-gradient":""}},"ast-content-background-meta":{"desktop":{"background-color":"var(--ast-global-color-5)","background-image":"","background-repeat":"repeat","background-position":"center center","background-size":"auto","background-attachment":"scroll","background-type":"","background-media":"","overlay-type":"","overlay-color":"","overlay-opacity":"","overlay-gradient":""},"tablet":{"background-color":"var(--ast-global-color-5)","background-image":"","background-repeat":"repeat","background-position":"center center","background-size":"auto","background-attachment":"scroll","background-type":"","background-media":"","overlay-type":"","overlay-color":"","overlay-opacity":"","overlay-gradient":""},"mobile":{"background-color":"var(--ast-global-color-5)","background-image":"","background-repeat":"repeat","background-position":"center center","background-size":"auto","background-attachment":"scroll","background-type":"","background-media":"","overlay-type":"","overlay-color":"","overlay-opacity":"","overlay-gradient":""}},"footnotes":""},"class_list":["post-3710","page","type-page","status-publish","hentry"],"yoast_head":"<!-- This site is optimized with the Yoast SEO plugin v26.4 - https:\/\/yoast.com\/wordpress\/plugins\/seo\/ -->\n<title>Akustische Konditionierung - Macustica<\/title>\n<meta name=\"robots\" content=\"index, follow, max-snippet:-1, max-image-preview:large, max-video-preview:-1\" \/>\n<link rel=\"canonical\" href=\"https:\/\/macustica.com\/de\/akustische-konditionierung\/\" \/>\n<meta property=\"og:locale\" content=\"de_DE\" \/>\n<meta property=\"og:type\" content=\"article\" \/>\n<meta property=\"og:title\" content=\"Akustische Konditionierung - Macustica\" \/>\n<meta property=\"og:description\" content=\"AKUSTISCHE KONDITIONIERUNG Akustische Konditionierung zur L\u00e4rmkontrolle in Kantinen, Restaurants, B\u00fcros und Industrieumgebungen. Musik- und Aufnahmestudios, Prober\u00e4ume. Beratung und Design f\u00fcr Designer, Dekorateure und Bauherren, sowohl in Bezug auf Materialien, Ausf\u00fchrungssysteme als auch auf eine breite Palette akustischer L\u00f6sungen. Gestaltung des Audiometrieraums. Rufen Sie uns unter 692 31 97 67 an Schreiben Sie uns per WhatsApp\" \/>\n<meta property=\"og:url\" content=\"https:\/\/macustica.com\/de\/akustische-konditionierung\/\" \/>\n<meta property=\"og:site_name\" content=\"Macustica\" \/>\n<meta property=\"article:publisher\" content=\"https:\/\/www.facebook.com\/macusticaingenieria\/?ref=bookmarks\" \/>\n<meta property=\"article:modified_time\" content=\"2023-08-04T21:13:55+00:00\" \/>\n<meta property=\"og:image\" content=\"https:\/\/macustica.com\/wp-content\/uploads\/2023\/07\/logo-macustica-blanco.png\" \/>\n<meta name=\"twitter:card\" content=\"summary_large_image\" \/>\n<meta name=\"twitter:site\" content=\"@m_acustica\" \/>\n<script type=\"application\/ld+json\" class=\"yoast-schema-graph\">{\"@context\":\"https:\/\/schema.org\",\"@graph\":[{\"@type\":\"WebPage\",\"@id\":\"https:\/\/macustica.com\/de\/akustische-konditionierung\/\",\"url\":\"https:\/\/macustica.com\/de\/akustische-konditionierung\/\",\"name\":\"Akustische Konditionierung - Macustica\",\"isPartOf\":{\"@id\":\"https:\/\/macustica.com\/de\/#website\"},\"primaryImageOfPage\":{\"@id\":\"https:\/\/macustica.com\/de\/akustische-konditionierung\/#primaryimage\"},\"image\":{\"@id\":\"https:\/\/macustica.com\/de\/akustische-konditionierung\/#primaryimage\"},\"thumbnailUrl\":\"https:\/\/macustica.com\/wp-content\/uploads\/2023\/07\/logo-macustica-blanco.png\",\"datePublished\":\"2023-07-31T14:36:38+00:00\",\"dateModified\":\"2023-08-04T21:13:55+00:00\",\"breadcrumb\":{\"@id\":\"https:\/\/macustica.com\/de\/akustische-konditionierung\/#breadcrumb\"},\"inLanguage\":\"de\",\"potentialAction\":[{\"@type\":\"ReadAction\",\"target\":[\"https:\/\/macustica.com\/de\/akustische-konditionierung\/\"]}]},{\"@type\":\"ImageObject\",\"inLanguage\":\"de\",\"@id\":\"https:\/\/macustica.com\/de\/akustische-konditionierung\/#primaryimage\",\"url\":\"https:\/\/macustica.com\/wp-content\/uploads\/2023\/07\/logo-macustica-blanco.png\",\"contentUrl\":\"https:\/\/macustica.com\/wp-content\/uploads\/2023\/07\/logo-macustica-blanco.png\"},{\"@type\":\"BreadcrumbList\",\"@id\":\"https:\/\/macustica.com\/de\/akustische-konditionierung\/#breadcrumb\",\"itemListElement\":[{\"@type\":\"ListItem\",\"position\":1,\"name\":\"Portada\",\"item\":\"https:\/\/macustica.com\/de\/startseite\/\"},{\"@type\":\"ListItem\",\"position\":2,\"name\":\"Akustische Konditionierung\"}]},{\"@type\":\"WebSite\",\"@id\":\"https:\/\/macustica.com\/de\/#website\",\"url\":\"https:\/\/macustica.com\/de\/\",\"name\":\"Macustica\",\"description\":\"\",\"publisher\":{\"@id\":\"https:\/\/macustica.com\/de\/#organization\"},\"potentialAction\":[{\"@type\":\"SearchAction\",\"target\":{\"@type\":\"EntryPoint\",\"urlTemplate\":\"https:\/\/macustica.com\/de\/?s={search_term_string}\"},\"query-input\":{\"@type\":\"PropertyValueSpecification\",\"valueRequired\":true,\"valueName\":\"search_term_string\"}}],\"inLanguage\":\"de\"},{\"@type\":\"Organization\",\"@id\":\"https:\/\/macustica.com\/de\/#organization\",\"name\":\"Mac\u00fastica\",\"alternateName\":\"Mac\u00fastica\",\"url\":\"https:\/\/macustica.com\/de\/\",\"logo\":{\"@type\":\"ImageObject\",\"inLanguage\":\"de\",\"@id\":\"https:\/\/macustica.com\/de\/#\/schema\/logo\/image\/\",\"url\":\"https:\/\/macustica.com\/wp-content\/uploads\/2023\/03\/logo-macustica.png\",\"contentUrl\":\"https:\/\/macustica.com\/wp-content\/uploads\/2023\/03\/logo-macustica.png\",\"width\":300,\"height\":85,\"caption\":\"Mac\u00fastica\"},\"image\":{\"@id\":\"https:\/\/macustica.com\/de\/#\/schema\/logo\/image\/\"},\"sameAs\":[\"https:\/\/www.facebook.com\/macusticaingenieria\/?ref=bookmarks\",\"https:\/\/x.com\/m_acustica\",\"https:\/\/www.instagram.com\/macustica\/\",\"https:\/\/www.linkedin.com\/company\/15081962?trk=tyah&trkInfo=clickedVerticalcompanyclickedEntityId15081962idx1-1-1tarId1472140082122tasmacustica\"]}]}<\/script>\n<!-- \/ Yoast SEO plugin. -->","yoast_head_json":{"title":"Akustische Konditionierung - Macustica","robots":{"index":"index","follow":"follow","max-snippet":"max-snippet:-1","max-image-preview":"max-image-preview:large","max-video-preview":"max-video-preview:-1"},"canonical":"https:\/\/macustica.com\/de\/akustische-konditionierung\/","og_locale":"de_DE","og_type":"article","og_title":"Akustische Konditionierung - Macustica","og_description":"AKUSTISCHE KONDITIONIERUNG Akustische Konditionierung zur L\u00e4rmkontrolle in Kantinen, Restaurants, B\u00fcros und Industrieumgebungen. Musik- und Aufnahmestudios, Prober\u00e4ume. Beratung und Design f\u00fcr Designer, Dekorateure und Bauherren, sowohl in Bezug auf Materialien, Ausf\u00fchrungssysteme als auch auf eine breite Palette akustischer L\u00f6sungen. Gestaltung des Audiometrieraums. Rufen Sie uns unter 692 31 97 67 an Schreiben Sie uns per WhatsApp","og_url":"https:\/\/macustica.com\/de\/akustische-konditionierung\/","og_site_name":"Macustica","article_publisher":"https:\/\/www.facebook.com\/macusticaingenieria\/?ref=bookmarks","article_modified_time":"2023-08-04T21:13:55+00:00","og_image":[{"url":"https:\/\/macustica.com\/wp-content\/uploads\/2023\/07\/logo-macustica-blanco.png","type":"","width":"","height":""}],"twitter_card":"summary_large_image","twitter_site":"@m_acustica","schema":{"@context":"https:\/\/schema.org","@graph":[{"@type":"WebPage","@id":"https:\/\/macustica.com\/de\/akustische-konditionierung\/","url":"https:\/\/macustica.com\/de\/akustische-konditionierung\/","name":"Akustische Konditionierung - Macustica","isPartOf":{"@id":"https:\/\/macustica.com\/de\/#website"},"primaryImageOfPage":{"@id":"https:\/\/macustica.com\/de\/akustische-konditionierung\/#primaryimage"},"image":{"@id":"https:\/\/macustica.com\/de\/akustische-konditionierung\/#primaryimage"},"thumbnailUrl":"https:\/\/macustica.com\/wp-content\/uploads\/2023\/07\/logo-macustica-blanco.png","datePublished":"2023-07-31T14:36:38+00:00","dateModified":"2023-08-04T21:13:55+00:00","breadcrumb":{"@id":"https:\/\/macustica.com\/de\/akustische-konditionierung\/#breadcrumb"},"inLanguage":"de","potentialAction":[{"@type":"ReadAction","target":["https:\/\/macustica.com\/de\/akustische-konditionierung\/"]}]},{"@type":"ImageObject","inLanguage":"de","@id":"https:\/\/macustica.com\/de\/akustische-konditionierung\/#primaryimage","url":"https:\/\/macustica.com\/wp-content\/uploads\/2023\/07\/logo-macustica-blanco.png","contentUrl":"https:\/\/macustica.com\/wp-content\/uploads\/2023\/07\/logo-macustica-blanco.png"},{"@type":"BreadcrumbList","@id":"https:\/\/macustica.com\/de\/akustische-konditionierung\/#breadcrumb","itemListElement":[{"@type":"ListItem","position":1,"name":"Portada","item":"https:\/\/macustica.com\/de\/startseite\/"},{"@type":"ListItem","position":2,"name":"Akustische Konditionierung"}]},{"@type":"WebSite","@id":"https:\/\/macustica.com\/de\/#website","url":"https:\/\/macustica.com\/de\/","name":"Macustica","description":"","publisher":{"@id":"https:\/\/macustica.com\/de\/#organization"},"potentialAction":[{"@type":"SearchAction","target":{"@type":"EntryPoint","urlTemplate":"https:\/\/macustica.com\/de\/?s={search_term_string}"},"query-input":{"@type":"PropertyValueSpecification","valueRequired":true,"valueName":"search_term_string"}}],"inLanguage":"de"},{"@type":"Organization","@id":"https:\/\/macustica.com\/de\/#organization","name":"Mac\u00fastica","alternateName":"Mac\u00fastica","url":"https:\/\/macustica.com\/de\/","logo":{"@type":"ImageObject","inLanguage":"de","@id":"https:\/\/macustica.com\/de\/#\/schema\/logo\/image\/","url":"https:\/\/macustica.com\/wp-content\/uploads\/2023\/03\/logo-macustica.png","contentUrl":"https:\/\/macustica.com\/wp-content\/uploads\/2023\/03\/logo-macustica.png","width":300,"height":85,"caption":"Mac\u00fastica"},"image":{"@id":"https:\/\/macustica.com\/de\/#\/schema\/logo\/image\/"},"sameAs":["https:\/\/www.facebook.com\/macusticaingenieria\/?ref=bookmarks","https:\/\/x.com\/m_acustica","https:\/\/www.instagram.com\/macustica\/","https:\/\/www.linkedin.com\/company\/15081962?trk=tyah&trkInfo=clickedVerticalcompanyclickedEntityId15081962idx1-1-1tarId1472140082122tasmacustica"]}]}},"_links":{"self":[{"href":"https:\/\/macustica.com\/de\/wp-json\/wp\/v2\/pages\/3710","targetHints":{"allow":["GET"]}}],"collection":[{"href":"https:\/\/macustica.com\/de\/wp-json\/wp\/v2\/pages"}],"about":[{"href":"https:\/\/macustica.com\/de\/wp-json\/wp\/v2\/types\/page"}],"author":[{"embeddable":true,"href":"https:\/\/macustica.com\/de\/wp-json\/wp\/v2\/users\/1"}],"replies":[{"embeddable":true,"href":"https:\/\/macustica.com\/de\/wp-json\/wp\/v2\/comments?post=3710"}],"version-history":[{"count":0,"href":"https:\/\/macustica.com\/de\/wp-json\/wp\/v2\/pages\/3710\/revisions"}],"wp:attachment":[{"href":"https:\/\/macustica.com\/de\/wp-json\/wp\/v2\/media?parent=3710"}],"curies":[{"name":"wp","href":"https:\/\/api.w.org\/{rel}","templated":true}]}}