{"id":3864,"date":"2023-07-30T18:04:32","date_gmt":"2023-07-30T16:04:32","guid":{"rendered":"https:\/\/macustica.com\/projectes-acustica-arquitectonica\/"},"modified":"2023-08-05T23:37:29","modified_gmt":"2023-08-05T21:37:29","slug":"projectes-acustica-arquitectonica","status":"publish","type":"page","link":"https:\/\/macustica.com\/ca\/projectes-acustica-arquitectonica\/","title":{"rendered":"Projectes Ac\u00fastica Arquitect\u00f2nica"},"content":{"rendered":"\t\t<div data-elementor-type=\"wp-page\" data-elementor-id=\"3864\" class=\"elementor elementor-3864 elementor-1519\" data-elementor-post-type=\"page\">\n\t\t\t\t<div class=\"elementor-element elementor-element-2ff65a8 e-con-full e-flex e-con e-parent\" data-id=\"2ff65a8\" data-element_type=\"container\">\n\t\t<div class=\"elementor-element elementor-element-86a227e e-con-full e-flex e-con e-parent\" data-id=\"86a227e\" data-element_type=\"container\">\n\t\t<div class=\"elementor-element elementor-element-17d4080 e-flex e-con-boxed e-con e-parent\" data-id=\"17d4080\" data-element_type=\"container\">\n\t\t\t\t\t<div class=\"e-con-inner\">\n\t\t<div class=\"elementor-element elementor-element-9e9deb5 e-con-full e-flex e-con e-parent\" data-id=\"9e9deb5\" data-element_type=\"container\">\n\t\t\t\t<div class=\"elementor-element elementor-element-8691621 elementor-widget elementor-widget-image\" data-id=\"8691621\" data-element_type=\"widget\" data-widget_type=\"image.default\">\n\t\t\t\t<div class=\"elementor-widget-container\">\n\t\t\t\t\t\t\t\t\t\t\t\t\t\t\t<img decoding=\"async\" width=\"150\" height=\"150\" src=\"https:\/\/macustica.com\/wp-content\/uploads\/2023\/07\/icono-acustica-arquitectonica-150x150.png\" class=\"attachment-thumbnail size-thumbnail wp-image-3188\" alt=\"\" srcset=\"https:\/\/macustica.com\/wp-content\/uploads\/2023\/07\/icono-acustica-arquitectonica-150x150.png 150w, https:\/\/macustica.com\/wp-content\/uploads\/2023\/07\/icono-acustica-arquitectonica-100x100.png 100w, https:\/\/macustica.com\/wp-content\/uploads\/2023\/07\/icono-acustica-arquitectonica.png 263w\" sizes=\"(max-width: 150px) 100vw, 150px\" \/>\t\t\t\t\t\t\t\t\t\t\t\t\t\t\t<\/div>\n\t\t\t\t<\/div>\n\t\t\t\t<\/div>\n\t\t<div class=\"elementor-element elementor-element-3c94099 e-flex e-con-boxed e-con e-parent\" data-id=\"3c94099\" data-element_type=\"container\">\n\t\t\t\t\t<div class=\"e-con-inner\">\n\t\t\t\t<div class=\"elementor-element elementor-element-bee3a4b elementor-widget elementor-widget-heading\" data-id=\"bee3a4b\" data-element_type=\"widget\" data-widget_type=\"heading.default\">\n\t\t\t\t<div class=\"elementor-widget-container\">\n\t\t\t\t\t<h1 class=\"elementor-heading-title elementor-size-default\">Projectes Ac\u00fastica Arquitect\u00f2nica<\/h1>\t\t\t\t<\/div>\n\t\t\t\t<\/div>\n\t\t\t\t\t<\/div>\n\t\t\t\t<\/div>\n\t\t\t\t\t<\/div>\n\t\t\t\t<\/div>\n\t\t<div class=\"elementor-element elementor-element-9b87003 e-con-full e-flex e-con e-parent\" data-id=\"9b87003\" data-element_type=\"container\" data-settings=\"{&quot;background_background&quot;:&quot;classic&quot;}\">\n\t\t<div class=\"elementor-element elementor-element-4e46ff0 e-flex e-con-boxed e-con e-parent\" data-id=\"4e46ff0\" data-element_type=\"container\">\n\t\t\t\t\t<div class=\"e-con-inner\">\n\t\t<div class=\"elementor-element elementor-element-e47b9fa e-con-full e-flex e-con e-parent\" data-id=\"e47b9fa\" data-element_type=\"container\">\n\t\t\t\t<div class=\"elementor-element elementor-element-4229cd6 elementor-widget elementor-widget-image\" data-id=\"4229cd6\" data-element_type=\"widget\" data-widget_type=\"image.default\">\n\t\t\t\t<div class=\"elementor-widget-container\">\n\t\t\t\t\t\t\t\t\t\t\t\t\t\t\t\t<a href=\"https:\/\/macustica.com\/proyectos-acustica-arquitectonica\/gimnasios-anytime-palma\/\">\n\t\t\t\t\t\t\t<img fetchpriority=\"high\" decoding=\"async\" width=\"500\" height=\"300\" src=\"https:\/\/macustica.com\/wp-content\/uploads\/2023\/07\/proyecto-acustica-arquitectonica-1.jpg\" class=\"attachment-full size-full wp-image-3221\" alt=\"\" srcset=\"https:\/\/macustica.com\/wp-content\/uploads\/2023\/07\/proyecto-acustica-arquitectonica-1.jpg 500w, https:\/\/macustica.com\/wp-content\/uploads\/2023\/07\/proyecto-acustica-arquitectonica-1-300x180.jpg 300w\" sizes=\"(max-width: 500px) 100vw, 500px\" \/>\t\t\t\t\t\t\t\t<\/a>\n\t\t\t\t\t\t\t\t\t\t\t\t\t\t\t<\/div>\n\t\t\t\t<\/div>\n\t\t\t\t<div class=\"elementor-element elementor-element-222f0b9 elementor-widget elementor-widget-heading\" data-id=\"222f0b9\" data-element_type=\"widget\" data-widget_type=\"heading.default\">\n\t\t\t\t<div class=\"elementor-widget-container\">\n\t\t\t\t\t<h2 class=\"elementor-heading-title elementor-size-default\"><a href=\"https:\/\/macustica.com\/proyectos-acustica-arquitectonica\/gimnasios-anytime-palma\/\">Gimnasos Anytime Palma<\/a><\/h2>\t\t\t\t<\/div>\n\t\t\t\t<\/div>\n\t\t\t\t<div class=\"elementor-element elementor-element-642c723 elementor-align-center elementor-widget elementor-widget-button\" data-id=\"642c723\" data-element_type=\"widget\" data-widget_type=\"button.default\">\n\t\t\t\t<div class=\"elementor-widget-container\">\n\t\t\t\t\t\t\t\t\t<div class=\"elementor-button-wrapper\">\n\t\t\t\t\t<a class=\"elementor-button elementor-button-link elementor-size-sm\" href=\"https:\/\/macustica.com\/proyectos-acustica-arquitectonica\/gimnasios-anytime-palma\/\">\n\t\t\t\t\t\t<span class=\"elementor-button-content-wrapper\">\n\t\t\t\t\t\t\t\t\t<span class=\"elementor-button-text\">Veure projecte<\/span>\n\t\t\t\t\t<\/span>\n\t\t\t\t\t<\/a>\n\t\t\t\t<\/div>\n\t\t\t\t\t\t\t\t<\/div>\n\t\t\t\t<\/div>\n\t\t\t\t<\/div>\n\t\t<div class=\"elementor-element elementor-element-6e65795 e-con-full e-flex e-con e-parent\" data-id=\"6e65795\" data-element_type=\"container\">\n\t\t\t\t<div class=\"elementor-element elementor-element-3bd2885 elementor-widget elementor-widget-image\" data-id=\"3bd2885\" data-element_type=\"widget\" data-widget_type=\"image.default\">\n\t\t\t\t<div class=\"elementor-widget-container\">\n\t\t\t\t\t\t\t\t\t\t\t\t\t\t\t\t<a href=\"https:\/\/macustica.com\/proyectos-acustica-arquitectonica\/hotel-princep-palma\/\">\n\t\t\t\t\t\t\t<img decoding=\"async\" width=\"500\" height=\"300\" src=\"https:\/\/macustica.com\/wp-content\/uploads\/2023\/07\/proyecto-acustica-arquitectonica-2.jpg\" class=\"attachment-full size-full wp-image-3224\" alt=\"\" srcset=\"https:\/\/macustica.com\/wp-content\/uploads\/2023\/07\/proyecto-acustica-arquitectonica-2.jpg 500w, https:\/\/macustica.com\/wp-content\/uploads\/2023\/07\/proyecto-acustica-arquitectonica-2-300x180.jpg 300w\" sizes=\"(max-width: 500px) 100vw, 500px\" \/>\t\t\t\t\t\t\t\t<\/a>\n\t\t\t\t\t\t\t\t\t\t\t\t\t\t\t<\/div>\n\t\t\t\t<\/div>\n\t\t\t\t<div class=\"elementor-element elementor-element-967b7eb elementor-widget elementor-widget-heading\" data-id=\"967b7eb\" data-element_type=\"widget\" data-widget_type=\"heading.default\">\n\t\t\t\t<div class=\"elementor-widget-container\">\n\t\t\t\t\t<h2 class=\"elementor-heading-title elementor-size-default\"><a href=\"https:\/\/macustica.com\/proyectos-acustica-arquitectonica\/hotel-princep-palma\/\">Hotel Princep Palma<\/a><\/h2>\t\t\t\t<\/div>\n\t\t\t\t<\/div>\n\t\t\t\t<div class=\"elementor-element elementor-element-ac0cf38 elementor-align-center elementor-widget elementor-widget-button\" data-id=\"ac0cf38\" data-element_type=\"widget\" data-widget_type=\"button.default\">\n\t\t\t\t<div class=\"elementor-widget-container\">\n\t\t\t\t\t\t\t\t\t<div class=\"elementor-button-wrapper\">\n\t\t\t\t\t<a class=\"elementor-button elementor-button-link elementor-size-sm\" href=\"https:\/\/macustica.com\/proyectos-acustica-arquitectonica\/hotel-princep-palma\/\">\n\t\t\t\t\t\t<span class=\"elementor-button-content-wrapper\">\n\t\t\t\t\t\t\t\t\t<span class=\"elementor-button-text\">Veure projecte<\/span>\n\t\t\t\t\t<\/span>\n\t\t\t\t\t<\/a>\n\t\t\t\t<\/div>\n\t\t\t\t\t\t\t\t<\/div>\n\t\t\t\t<\/div>\n\t\t\t\t<\/div>\n\t\t<div class=\"elementor-element elementor-element-7d67906 e-con-full e-flex e-con e-parent\" data-id=\"7d67906\" data-element_type=\"container\">\n\t\t\t\t<div class=\"elementor-element elementor-element-7451e22 elementor-widget elementor-widget-image\" data-id=\"7451e22\" data-element_type=\"widget\" data-widget_type=\"image.default\">\n\t\t\t\t<div class=\"elementor-widget-container\">\n\t\t\t\t\t\t\t\t\t\t\t\t\t\t\t\t<a href=\"https:\/\/macustica.com\/proyectos-acustica-arquitectonica\/insotel-cala-mandia\/\">\n\t\t\t\t\t\t\t<img loading=\"lazy\" decoding=\"async\" width=\"500\" height=\"300\" src=\"https:\/\/macustica.com\/wp-content\/uploads\/2023\/07\/proyecto-acustica-arquitectonica-3.jpg\" class=\"attachment-full size-full wp-image-3227\" alt=\"\" srcset=\"https:\/\/macustica.com\/wp-content\/uploads\/2023\/07\/proyecto-acustica-arquitectonica-3.jpg 500w, https:\/\/macustica.com\/wp-content\/uploads\/2023\/07\/proyecto-acustica-arquitectonica-3-300x180.jpg 300w\" sizes=\"(max-width: 500px) 100vw, 500px\" \/>\t\t\t\t\t\t\t\t<\/a>\n\t\t\t\t\t\t\t\t\t\t\t\t\t\t\t<\/div>\n\t\t\t\t<\/div>\n\t\t\t\t<div class=\"elementor-element elementor-element-ad25e17 elementor-widget elementor-widget-heading\" data-id=\"ad25e17\" data-element_type=\"widget\" data-widget_type=\"heading.default\">\n\t\t\t\t<div class=\"elementor-widget-container\">\n\t\t\t\t\t<h2 class=\"elementor-heading-title elementor-size-default\"><a href=\"https:\/\/macustica.com\/proyectos-acustica-arquitectonica\/insotel-cala-mandia\/\">Insotel Cala Mand\u00eda<\/a><\/h2>\t\t\t\t<\/div>\n\t\t\t\t<\/div>\n\t\t\t\t<div class=\"elementor-element elementor-element-9c2dbad elementor-align-center elementor-widget elementor-widget-button\" data-id=\"9c2dbad\" data-element_type=\"widget\" data-widget_type=\"button.default\">\n\t\t\t\t<div class=\"elementor-widget-container\">\n\t\t\t\t\t\t\t\t\t<div class=\"elementor-button-wrapper\">\n\t\t\t\t\t<a class=\"elementor-button elementor-button-link elementor-size-sm\" href=\"https:\/\/macustica.com\/proyectos-acustica-arquitectonica\/insotel-cala-mandia\/\">\n\t\t\t\t\t\t<span class=\"elementor-button-content-wrapper\">\n\t\t\t\t\t\t\t\t\t<span class=\"elementor-button-text\">Veure projecte<\/span>\n\t\t\t\t\t<\/span>\n\t\t\t\t\t<\/a>\n\t\t\t\t<\/div>\n\t\t\t\t\t\t\t\t<\/div>\n\t\t\t\t<\/div>\n\t\t\t\t<\/div>\n\t\t<div class=\"elementor-element elementor-element-047faaa e-con-full e-flex e-con e-parent\" data-id=\"047faaa\" data-element_type=\"container\">\n\t\t\t\t<div class=\"elementor-element elementor-element-99a8e79 elementor-widget elementor-widget-image\" data-id=\"99a8e79\" data-element_type=\"widget\" data-widget_type=\"image.default\">\n\t\t\t\t<div class=\"elementor-widget-container\">\n\t\t\t\t\t\t\t\t\t\t\t\t\t\t\t\t<a href=\"https:\/\/macustica.com\/proyectos-acustica-arquitectonica\/raimundo-burgers-palma\/\">\n\t\t\t\t\t\t\t<img loading=\"lazy\" decoding=\"async\" width=\"500\" height=\"300\" src=\"https:\/\/macustica.com\/wp-content\/uploads\/2023\/07\/proyecto-acustica-arquitectonica-4.jpg\" class=\"attachment-full size-full wp-image-3230\" alt=\"\" srcset=\"https:\/\/macustica.com\/wp-content\/uploads\/2023\/07\/proyecto-acustica-arquitectonica-4.jpg 500w, https:\/\/macustica.com\/wp-content\/uploads\/2023\/07\/proyecto-acustica-arquitectonica-4-300x180.jpg 300w\" sizes=\"(max-width: 500px) 100vw, 500px\" \/>\t\t\t\t\t\t\t\t<\/a>\n\t\t\t\t\t\t\t\t\t\t\t\t\t\t\t<\/div>\n\t\t\t\t<\/div>\n\t\t\t\t<div class=\"elementor-element elementor-element-b9e4fc5 elementor-widget elementor-widget-heading\" data-id=\"b9e4fc5\" data-element_type=\"widget\" data-widget_type=\"heading.default\">\n\t\t\t\t<div class=\"elementor-widget-container\">\n\t\t\t\t\t<h2 class=\"elementor-heading-title elementor-size-default\"><a href=\"https:\/\/macustica.com\/proyectos-acustica-arquitectonica\/raimundo-burgers-palma\/\">Raimundo Burgers Palma<\/a><\/h2>\t\t\t\t<\/div>\n\t\t\t\t<\/div>\n\t\t\t\t<div class=\"elementor-element elementor-element-cd3d4ad elementor-align-center elementor-widget elementor-widget-button\" data-id=\"cd3d4ad\" data-element_type=\"widget\" data-widget_type=\"button.default\">\n\t\t\t\t<div class=\"elementor-widget-container\">\n\t\t\t\t\t\t\t\t\t<div class=\"elementor-button-wrapper\">\n\t\t\t\t\t<a class=\"elementor-button elementor-button-link elementor-size-sm\" href=\"https:\/\/macustica.com\/proyectos-acustica-arquitectonica\/raimundo-burgers-palma\/\">\n\t\t\t\t\t\t<span class=\"elementor-button-content-wrapper\">\n\t\t\t\t\t\t\t\t\t<span class=\"elementor-button-text\">Veure projecte<\/span>\n\t\t\t\t\t<\/span>\n\t\t\t\t\t<\/a>\n\t\t\t\t<\/div>\n\t\t\t\t\t\t\t\t<\/div>\n\t\t\t\t<\/div>\n\t\t\t\t<\/div>\n\t\t\t\t\t<\/div>\n\t\t\t\t<\/div>\n\t\t\t\t<\/div>\n\t\t\t\t<\/div>\n\t\t<div class=\"elementor-element elementor-element-af25657 e-con-full e-flex e-con e-parent\" data-id=\"af25657\" data-element_type=\"container\">\n\t\t\t\t<\/div>\n\t\t\t\t<\/div>\n\t\t\t\t<\/div>\n\t\t","protected":false},"excerpt":{"rendered":"<p>Projectes Ac\u00fastica Arquitect\u00f2nica Gimnasos Anytime Palma Veure projecte Hotel Princep Palma Veure projecte Insotel Cala Mand\u00eda Veure projecte Raimundo Burgers Palma Veure projecte<\/p>\n","protected":false},"author":1,"featured_media":0,"parent":0,"menu_order":0,"comment_status":"closed","ping_status":"closed","template":"","meta":{"site-sidebar-layout":"no-sidebar","site-content-layout":"page-builder","ast-site-content-layout":"","site-content-style":"default","site-sidebar-style":"default","ast-global-header-display":"","ast-banner-title-visibility":"","ast-main-header-display":"","ast-hfb-above-header-display":"","ast-hfb-below-header-display":"","ast-hfb-mobile-header-display":"","site-post-title":"disabled","ast-breadcrumbs-content":"","ast-featured-img":"disabled","footer-sml-layout":"","theme-transparent-header-meta":"default","adv-header-id-meta":"","stick-header-meta":"default","header-above-stick-meta":"","header-main-stick-meta":"","header-below-stick-meta":"","astra-migrate-meta-layouts":"default","ast-page-background-enabled":"default","ast-page-background-meta":{"desktop":{"background-color":"","background-image":"","background-repeat":"repeat","background-position":"center center","background-size":"auto","background-attachment":"scroll","background-type":"","background-media":"","overlay-type":"","overlay-color":"","overlay-opacity":"","overlay-gradient":""},"tablet":{"background-color":"","background-image":"","background-repeat":"repeat","background-position":"center center","background-size":"auto","background-attachment":"scroll","background-type":"","background-media":"","overlay-type":"","overlay-color":"","overlay-opacity":"","overlay-gradient":""},"mobile":{"background-color":"","background-image":"","background-repeat":"repeat","background-position":"center center","background-size":"auto","background-attachment":"scroll","background-type":"","background-media":"","overlay-type":"","overlay-color":"","overlay-opacity":"","overlay-gradient":""}},"ast-content-background-meta":{"desktop":{"background-color":"var(--ast-global-color-5)","background-image":"","background-repeat":"repeat","background-position":"center center","background-size":"auto","background-attachment":"scroll","background-type":"","background-media":"","overlay-type":"","overlay-color":"","overlay-opacity":"","overlay-gradient":""},"tablet":{"background-color":"var(--ast-global-color-5)","background-image":"","background-repeat":"repeat","background-position":"center center","background-size":"auto","background-attachment":"scroll","background-type":"","background-media":"","overlay-type":"","overlay-color":"","overlay-opacity":"","overlay-gradient":""},"mobile":{"background-color":"var(--ast-global-color-5)","background-image":"","background-repeat":"repeat","background-position":"center center","background-size":"auto","background-attachment":"scroll","background-type":"","background-media":"","overlay-type":"","overlay-color":"","overlay-opacity":"","overlay-gradient":""}},"footnotes":""},"class_list":["post-3864","page","type-page","status-publish","hentry"],"yoast_head":"<!-- This site is optimized with the Yoast SEO plugin v26.4 - https:\/\/yoast.com\/wordpress\/plugins\/seo\/ -->\n<title>Projectes Ac\u00fastica Arquitect\u00f2nica - Macustica<\/title>\n<meta name=\"description\" content=\"Descobreix alguns dels nostres treballs realitzats a Ac\u00fastica Arquitect\u00f2nica. Tens cap dubte? Consulta&#039;ns!\" \/>\n<meta name=\"robots\" content=\"index, follow, max-snippet:-1, max-image-preview:large, max-video-preview:-1\" \/>\n<link rel=\"canonical\" href=\"https:\/\/macustica.com\/ca\/projectes-acustica-arquitectonica\/\" \/>\n<meta property=\"og:locale\" content=\"ca_ES\" \/>\n<meta property=\"og:type\" content=\"article\" \/>\n<meta property=\"og:title\" content=\"Projectes Ac\u00fastica Arquitect\u00f2nica - Macustica\" \/>\n<meta property=\"og:description\" content=\"Descobreix alguns dels nostres treballs realitzats a Ac\u00fastica Arquitect\u00f2nica. Tens cap dubte? Consulta&#039;ns!\" \/>\n<meta property=\"og:url\" content=\"https:\/\/macustica.com\/ca\/projectes-acustica-arquitectonica\/\" \/>\n<meta property=\"og:site_name\" content=\"Macustica\" \/>\n<meta property=\"article:publisher\" content=\"https:\/\/www.facebook.com\/macusticaingenieria\/?ref=bookmarks\" \/>\n<meta property=\"article:modified_time\" content=\"2023-08-05T21:37:29+00:00\" \/>\n<meta property=\"og:image\" content=\"https:\/\/macustica.com\/wp-content\/uploads\/2023\/07\/icono-acustica-arquitectonica-150x150.png\" \/>\n<meta name=\"twitter:card\" content=\"summary_large_image\" \/>\n<meta name=\"twitter:site\" content=\"@m_acustica\" \/>\n<script type=\"application\/ld+json\" class=\"yoast-schema-graph\">{\"@context\":\"https:\/\/schema.org\",\"@graph\":[{\"@type\":\"WebPage\",\"@id\":\"https:\/\/macustica.com\/ca\/projectes-acustica-arquitectonica\/\",\"url\":\"https:\/\/macustica.com\/ca\/projectes-acustica-arquitectonica\/\",\"name\":\"Projectes Ac\u00fastica Arquitect\u00f2nica - Macustica\",\"isPartOf\":{\"@id\":\"https:\/\/macustica.com\/ca\/#website\"},\"primaryImageOfPage\":{\"@id\":\"https:\/\/macustica.com\/ca\/projectes-acustica-arquitectonica\/#primaryimage\"},\"image\":{\"@id\":\"https:\/\/macustica.com\/ca\/projectes-acustica-arquitectonica\/#primaryimage\"},\"thumbnailUrl\":\"https:\/\/macustica.com\/wp-content\/uploads\/2023\/07\/icono-acustica-arquitectonica-150x150.png\",\"datePublished\":\"2023-07-30T16:04:32+00:00\",\"dateModified\":\"2023-08-05T21:37:29+00:00\",\"description\":\"Descobreix alguns dels nostres treballs realitzats a Ac\u00fastica Arquitect\u00f2nica. Tens cap dubte? Consulta'ns!\",\"breadcrumb\":{\"@id\":\"https:\/\/macustica.com\/ca\/projectes-acustica-arquitectonica\/#breadcrumb\"},\"inLanguage\":\"ca\",\"potentialAction\":[{\"@type\":\"ReadAction\",\"target\":[\"https:\/\/macustica.com\/ca\/projectes-acustica-arquitectonica\/\"]}]},{\"@type\":\"ImageObject\",\"inLanguage\":\"ca\",\"@id\":\"https:\/\/macustica.com\/ca\/projectes-acustica-arquitectonica\/#primaryimage\",\"url\":\"https:\/\/macustica.com\/wp-content\/uploads\/2023\/07\/icono-acustica-arquitectonica-150x150.png\",\"contentUrl\":\"https:\/\/macustica.com\/wp-content\/uploads\/2023\/07\/icono-acustica-arquitectonica-150x150.png\"},{\"@type\":\"BreadcrumbList\",\"@id\":\"https:\/\/macustica.com\/ca\/projectes-acustica-arquitectonica\/#breadcrumb\",\"itemListElement\":[{\"@type\":\"ListItem\",\"position\":1,\"name\":\"Portada\",\"item\":\"https:\/\/macustica.com\/ca\/inici\/\"},{\"@type\":\"ListItem\",\"position\":2,\"name\":\"Projectes Ac\u00fastica Arquitect\u00f2nica\"}]},{\"@type\":\"WebSite\",\"@id\":\"https:\/\/macustica.com\/ca\/#website\",\"url\":\"https:\/\/macustica.com\/ca\/\",\"name\":\"Macustica\",\"description\":\"\",\"publisher\":{\"@id\":\"https:\/\/macustica.com\/ca\/#organization\"},\"potentialAction\":[{\"@type\":\"SearchAction\",\"target\":{\"@type\":\"EntryPoint\",\"urlTemplate\":\"https:\/\/macustica.com\/ca\/?s={search_term_string}\"},\"query-input\":{\"@type\":\"PropertyValueSpecification\",\"valueRequired\":true,\"valueName\":\"search_term_string\"}}],\"inLanguage\":\"ca\"},{\"@type\":\"Organization\",\"@id\":\"https:\/\/macustica.com\/ca\/#organization\",\"name\":\"Mac\u00fastica\",\"alternateName\":\"Mac\u00fastica\",\"url\":\"https:\/\/macustica.com\/ca\/\",\"logo\":{\"@type\":\"ImageObject\",\"inLanguage\":\"ca\",\"@id\":\"https:\/\/macustica.com\/ca\/#\/schema\/logo\/image\/\",\"url\":\"https:\/\/macustica.com\/wp-content\/uploads\/2023\/03\/logo-macustica.png\",\"contentUrl\":\"https:\/\/macustica.com\/wp-content\/uploads\/2023\/03\/logo-macustica.png\",\"width\":300,\"height\":85,\"caption\":\"Mac\u00fastica\"},\"image\":{\"@id\":\"https:\/\/macustica.com\/ca\/#\/schema\/logo\/image\/\"},\"sameAs\":[\"https:\/\/www.facebook.com\/macusticaingenieria\/?ref=bookmarks\",\"https:\/\/x.com\/m_acustica\",\"https:\/\/www.instagram.com\/macustica\/\",\"https:\/\/www.linkedin.com\/company\/15081962?trk=tyah&trkInfo=clickedVerticalcompanyclickedEntityId15081962idx1-1-1tarId1472140082122tasmacustica\"]}]}<\/script>\n<!-- \/ Yoast SEO plugin. -->","yoast_head_json":{"title":"Projectes Ac\u00fastica Arquitect\u00f2nica - Macustica","description":"Descobreix alguns dels nostres treballs realitzats a Ac\u00fastica Arquitect\u00f2nica. Tens cap dubte? Consulta'ns!","robots":{"index":"index","follow":"follow","max-snippet":"max-snippet:-1","max-image-preview":"max-image-preview:large","max-video-preview":"max-video-preview:-1"},"canonical":"https:\/\/macustica.com\/ca\/projectes-acustica-arquitectonica\/","og_locale":"ca_ES","og_type":"article","og_title":"Projectes Ac\u00fastica Arquitect\u00f2nica - Macustica","og_description":"Descobreix alguns dels nostres treballs realitzats a Ac\u00fastica Arquitect\u00f2nica. Tens cap dubte? Consulta'ns!","og_url":"https:\/\/macustica.com\/ca\/projectes-acustica-arquitectonica\/","og_site_name":"Macustica","article_publisher":"https:\/\/www.facebook.com\/macusticaingenieria\/?ref=bookmarks","article_modified_time":"2023-08-05T21:37:29+00:00","og_image":[{"url":"https:\/\/macustica.com\/wp-content\/uploads\/2023\/07\/icono-acustica-arquitectonica-150x150.png","type":"","width":"","height":""}],"twitter_card":"summary_large_image","twitter_site":"@m_acustica","schema":{"@context":"https:\/\/schema.org","@graph":[{"@type":"WebPage","@id":"https:\/\/macustica.com\/ca\/projectes-acustica-arquitectonica\/","url":"https:\/\/macustica.com\/ca\/projectes-acustica-arquitectonica\/","name":"Projectes Ac\u00fastica Arquitect\u00f2nica - Macustica","isPartOf":{"@id":"https:\/\/macustica.com\/ca\/#website"},"primaryImageOfPage":{"@id":"https:\/\/macustica.com\/ca\/projectes-acustica-arquitectonica\/#primaryimage"},"image":{"@id":"https:\/\/macustica.com\/ca\/projectes-acustica-arquitectonica\/#primaryimage"},"thumbnailUrl":"https:\/\/macustica.com\/wp-content\/uploads\/2023\/07\/icono-acustica-arquitectonica-150x150.png","datePublished":"2023-07-30T16:04:32+00:00","dateModified":"2023-08-05T21:37:29+00:00","description":"Descobreix alguns dels nostres treballs realitzats a Ac\u00fastica Arquitect\u00f2nica. Tens cap dubte? Consulta'ns!","breadcrumb":{"@id":"https:\/\/macustica.com\/ca\/projectes-acustica-arquitectonica\/#breadcrumb"},"inLanguage":"ca","potentialAction":[{"@type":"ReadAction","target":["https:\/\/macustica.com\/ca\/projectes-acustica-arquitectonica\/"]}]},{"@type":"ImageObject","inLanguage":"ca","@id":"https:\/\/macustica.com\/ca\/projectes-acustica-arquitectonica\/#primaryimage","url":"https:\/\/macustica.com\/wp-content\/uploads\/2023\/07\/icono-acustica-arquitectonica-150x150.png","contentUrl":"https:\/\/macustica.com\/wp-content\/uploads\/2023\/07\/icono-acustica-arquitectonica-150x150.png"},{"@type":"BreadcrumbList","@id":"https:\/\/macustica.com\/ca\/projectes-acustica-arquitectonica\/#breadcrumb","itemListElement":[{"@type":"ListItem","position":1,"name":"Portada","item":"https:\/\/macustica.com\/ca\/inici\/"},{"@type":"ListItem","position":2,"name":"Projectes Ac\u00fastica Arquitect\u00f2nica"}]},{"@type":"WebSite","@id":"https:\/\/macustica.com\/ca\/#website","url":"https:\/\/macustica.com\/ca\/","name":"Macustica","description":"","publisher":{"@id":"https:\/\/macustica.com\/ca\/#organization"},"potentialAction":[{"@type":"SearchAction","target":{"@type":"EntryPoint","urlTemplate":"https:\/\/macustica.com\/ca\/?s={search_term_string}"},"query-input":{"@type":"PropertyValueSpecification","valueRequired":true,"valueName":"search_term_string"}}],"inLanguage":"ca"},{"@type":"Organization","@id":"https:\/\/macustica.com\/ca\/#organization","name":"Mac\u00fastica","alternateName":"Mac\u00fastica","url":"https:\/\/macustica.com\/ca\/","logo":{"@type":"ImageObject","inLanguage":"ca","@id":"https:\/\/macustica.com\/ca\/#\/schema\/logo\/image\/","url":"https:\/\/macustica.com\/wp-content\/uploads\/2023\/03\/logo-macustica.png","contentUrl":"https:\/\/macustica.com\/wp-content\/uploads\/2023\/03\/logo-macustica.png","width":300,"height":85,"caption":"Mac\u00fastica"},"image":{"@id":"https:\/\/macustica.com\/ca\/#\/schema\/logo\/image\/"},"sameAs":["https:\/\/www.facebook.com\/macusticaingenieria\/?ref=bookmarks","https:\/\/x.com\/m_acustica","https:\/\/www.instagram.com\/macustica\/","https:\/\/www.linkedin.com\/company\/15081962?trk=tyah&trkInfo=clickedVerticalcompanyclickedEntityId15081962idx1-1-1tarId1472140082122tasmacustica"]}]}},"_links":{"self":[{"href":"https:\/\/macustica.com\/ca\/wp-json\/wp\/v2\/pages\/3864","targetHints":{"allow":["GET"]}}],"collection":[{"href":"https:\/\/macustica.com\/ca\/wp-json\/wp\/v2\/pages"}],"about":[{"href":"https:\/\/macustica.com\/ca\/wp-json\/wp\/v2\/types\/page"}],"author":[{"embeddable":true,"href":"https:\/\/macustica.com\/ca\/wp-json\/wp\/v2\/users\/1"}],"replies":[{"embeddable":true,"href":"https:\/\/macustica.com\/ca\/wp-json\/wp\/v2\/comments?post=3864"}],"version-history":[{"count":1,"href":"https:\/\/macustica.com\/ca\/wp-json\/wp\/v2\/pages\/3864\/revisions"}],"predecessor-version":[{"id":3865,"href":"https:\/\/macustica.com\/ca\/wp-json\/wp\/v2\/pages\/3864\/revisions\/3865"}],"wp:attachment":[{"href":"https:\/\/macustica.com\/ca\/wp-json\/wp\/v2\/media?parent=3864"}],"curies":[{"name":"wp","href":"https:\/\/api.w.org\/{rel}","templated":true}]}}