{"id":3858,"date":"2023-07-31T14:13:20","date_gmt":"2023-07-31T12:13:20","guid":{"rendered":"https:\/\/macustica.com\/projectes-acustica-ambiental\/planta-valoritzacio-energetica-tirme\/"},"modified":"2023-08-05T23:34:04","modified_gmt":"2023-08-05T21:34:04","slug":"planta-valoritzacio-energetica-tirme","status":"publish","type":"page","link":"https:\/\/macustica.com\/ca\/projectes-acustica-ambiental\/planta-valoritzacio-energetica-tirme\/","title":{"rendered":"Planta Valoritzaci\u00f3 Energ\u00e8tica Tirme"},"content":{"rendered":"\t\t<div data-elementor-type=\"wp-page\" data-elementor-id=\"3858\" class=\"elementor elementor-3858 elementor-1610\" data-elementor-post-type=\"page\">\n\t\t\t\t<div class=\"elementor-element elementor-element-e917fcb e-con-full e-flex e-con e-parent\" data-id=\"e917fcb\" data-element_type=\"container\">\n\t\t<div class=\"elementor-element elementor-element-a534f8d e-con-full e-flex e-con e-parent\" data-id=\"a534f8d\" data-element_type=\"container\">\n\t\t<div class=\"elementor-element elementor-element-da4948f e-flex e-con-boxed e-con e-parent\" data-id=\"da4948f\" data-element_type=\"container\">\n\t\t\t\t\t<div class=\"e-con-inner\">\n\t\t<div class=\"elementor-element elementor-element-0fb792d e-con-full e-flex e-con e-parent\" data-id=\"0fb792d\" data-element_type=\"container\">\n\t\t\t\t<div class=\"elementor-element elementor-element-9659c69 elementor-widget elementor-widget-image\" data-id=\"9659c69\" data-element_type=\"widget\" data-widget_type=\"image.default\">\n\t\t\t\t<div class=\"elementor-widget-container\">\n\t\t\t\t\t\t\t\t\t\t\t\t\t\t\t\t<a href=\"https:\/\/macustica.com\/ca\/projectes-acustica-ambiental\/\">\n\t\t\t\t\t\t\t<img decoding=\"async\" width=\"150\" height=\"150\" src=\"https:\/\/macustica.com\/wp-content\/uploads\/2023\/07\/icono-acustica-ambiental-150x150.png\" class=\"attachment-thumbnail size-thumbnail wp-image-3197\" alt=\"\" srcset=\"https:\/\/macustica.com\/wp-content\/uploads\/2023\/07\/icono-acustica-ambiental-150x150.png 150w, https:\/\/macustica.com\/wp-content\/uploads\/2023\/07\/icono-acustica-ambiental-100x100.png 100w, https:\/\/macustica.com\/wp-content\/uploads\/2023\/07\/icono-acustica-ambiental.png 263w\" sizes=\"(max-width: 150px) 100vw, 150px\" \/>\t\t\t\t\t\t\t\t<\/a>\n\t\t\t\t\t\t\t\t\t\t\t\t\t\t\t<\/div>\n\t\t\t\t<\/div>\n\t\t\t\t<\/div>\n\t\t<div class=\"elementor-element elementor-element-ec9d605 e-flex e-con-boxed e-con e-parent\" data-id=\"ec9d605\" data-element_type=\"container\">\n\t\t\t\t\t<div class=\"e-con-inner\">\n\t\t\t\t<div class=\"elementor-element elementor-element-2aee21c elementor-widget elementor-widget-heading\" data-id=\"2aee21c\" data-element_type=\"widget\" data-widget_type=\"heading.default\">\n\t\t\t\t<div class=\"elementor-widget-container\">\n\t\t\t\t\t<h1 class=\"elementor-heading-title elementor-size-default\">Planta Valoritzaci\u00f3 Energ\u00e8tica Tirme<\/h1>\t\t\t\t<\/div>\n\t\t\t\t<\/div>\n\t\t\t\t<div class=\"elementor-element elementor-element-4d6c673 elementor-widget elementor-widget-text-editor\" data-id=\"4d6c673\" data-element_type=\"widget\" data-widget_type=\"text-editor.default\">\n\t\t\t\t<div class=\"elementor-widget-container\">\n\t\t\t\t\t\t\t\t\t<p>Projectes Ac\u00fastica Ambiental<\/p>\n\t\t\t\t\t\t\t\t<\/div>\n\t\t\t\t<\/div>\n\t\t\t\t\t<\/div>\n\t\t\t\t<\/div>\n\t\t\t\t\t<\/div>\n\t\t\t\t<\/div>\n\t\t<div class=\"elementor-element elementor-element-c8725ec e-con-full e-flex e-con e-parent\" data-id=\"c8725ec\" data-element_type=\"container\" data-settings=\"{&quot;background_background&quot;:&quot;classic&quot;}\">\n\t\t<div class=\"elementor-element elementor-element-da7eaba e-flex e-con-boxed e-con e-parent\" data-id=\"da7eaba\" data-element_type=\"container\">\n\t\t\t\t\t<div class=\"e-con-inner\">\n\t\t\t\t<div class=\"elementor-element elementor-element-f68a9d4 elementor-widget elementor-widget-text-editor\" data-id=\"f68a9d4\" data-element_type=\"widget\" data-widget_type=\"text-editor.default\">\n\t\t\t\t<div class=\"elementor-widget-container\">\n\t\t\t\t\t\t\t\t\t<p>Avaluaci\u00f3 sonom\u00e8trica dels nivells ac\u00fastics, generats per les diferents instal\u00b7lacions de Tirme SA, principalment la Planta de Valoritzaci\u00f3 Energ\u00e8tica, a Son Reus, Palma, Mallorca.<\/p>\n\t\t\t\t\t\t\t\t<\/div>\n\t\t\t\t<\/div>\n\t\t\t\t\t<\/div>\n\t\t\t\t<\/div>\n\t\t<div class=\"elementor-element elementor-element-4970c27 e-flex e-con-boxed e-con e-parent\" data-id=\"4970c27\" data-element_type=\"container\">\n\t\t\t\t\t<div class=\"e-con-inner\">\n\t\t\t\t<div class=\"elementor-element elementor-element-f7da593 elementor-widget elementor-widget-gallery\" data-id=\"f7da593\" data-element_type=\"widget\" data-settings=\"{&quot;aspect_ratio&quot;:&quot;4:3&quot;,&quot;lazyload&quot;:&quot;yes&quot;,&quot;gallery_layout&quot;:&quot;grid&quot;,&quot;columns&quot;:4,&quot;columns_tablet&quot;:2,&quot;columns_mobile&quot;:1,&quot;gap&quot;:{&quot;unit&quot;:&quot;px&quot;,&quot;size&quot;:10,&quot;sizes&quot;:[]},&quot;gap_tablet&quot;:{&quot;unit&quot;:&quot;px&quot;,&quot;size&quot;:10,&quot;sizes&quot;:[]},&quot;gap_mobile&quot;:{&quot;unit&quot;:&quot;px&quot;,&quot;size&quot;:10,&quot;sizes&quot;:[]},&quot;link_to&quot;:&quot;file&quot;,&quot;overlay_background&quot;:&quot;yes&quot;,&quot;content_hover_animation&quot;:&quot;fade-in&quot;}\" data-widget_type=\"gallery.default\">\n\t\t\t\t<div class=\"elementor-widget-container\">\n\t\t\t\t\t\t\t<div class=\"elementor-gallery__container\">\n\t\t\t\t\t\t\t<a class=\"e-gallery-item elementor-gallery-item elementor-animated-content\" href=\"https:\/\/macustica.com\/wp-content\/uploads\/2023\/07\/Planta-Valorizacion-Energetica-Tirme-1.jpg\" data-elementor-open-lightbox=\"yes\" data-elementor-lightbox-slideshow=\"f7da593\" data-elementor-lightbox-title=\"Planta Valorizaci\u00f3n Energ\u00e9tica Tirme (1)\" data-e-action-hash=\"#elementor-action%3Aaction%3Dlightbox%26settings%3DeyJpZCI6MzI4NCwidXJsIjoiaHR0cHM6XC9cL21hY3VzdGljYS5jb21cL3dwLWNvbnRlbnRcL3VwbG9hZHNcLzIwMjNcLzA3XC9QbGFudGEtVmFsb3JpemFjaW9uLUVuZXJnZXRpY2EtVGlybWUtMS5qcGciLCJzbGlkZXNob3ciOiJmN2RhNTkzIn0%3D\">\n\t\t\t\t\t<div class=\"e-gallery-image elementor-gallery-item__image\" data-thumbnail=\"https:\/\/macustica.com\/wp-content\/uploads\/2023\/07\/Planta-Valorizacion-Energetica-Tirme-1-300x225.jpg\" data-width=\"300\" data-height=\"225\" aria-label=\"\" role=\"img\" ><\/div>\n\t\t\t\t\t\t\t\t\t\t\t<div class=\"elementor-gallery-item__overlay\"><\/div>\n\t\t\t\t\t\t\t\t\t\t\t\t\t\t<\/a>\n\t\t\t\t\t\t\t<a class=\"e-gallery-item elementor-gallery-item elementor-animated-content\" href=\"https:\/\/macustica.com\/wp-content\/uploads\/2023\/07\/Planta-Valorizacion-Energetica-Tirme-2.jpg\" data-elementor-open-lightbox=\"yes\" data-elementor-lightbox-slideshow=\"f7da593\" data-elementor-lightbox-title=\"Planta Valorizaci\u00f3n Energ\u00e9tica Tirme (2)\" data-e-action-hash=\"#elementor-action%3Aaction%3Dlightbox%26settings%3DeyJpZCI6MzI4NywidXJsIjoiaHR0cHM6XC9cL21hY3VzdGljYS5jb21cL3dwLWNvbnRlbnRcL3VwbG9hZHNcLzIwMjNcLzA3XC9QbGFudGEtVmFsb3JpemFjaW9uLUVuZXJnZXRpY2EtVGlybWUtMi5qcGciLCJzbGlkZXNob3ciOiJmN2RhNTkzIn0%3D\">\n\t\t\t\t\t<div class=\"e-gallery-image elementor-gallery-item__image\" data-thumbnail=\"https:\/\/macustica.com\/wp-content\/uploads\/2023\/07\/Planta-Valorizacion-Energetica-Tirme-2-300x225.jpg\" data-width=\"300\" data-height=\"225\" aria-label=\"\" role=\"img\" ><\/div>\n\t\t\t\t\t\t\t\t\t\t\t<div class=\"elementor-gallery-item__overlay\"><\/div>\n\t\t\t\t\t\t\t\t\t\t\t\t\t\t<\/a>\n\t\t\t\t\t\t\t<a class=\"e-gallery-item elementor-gallery-item elementor-animated-content\" href=\"https:\/\/macustica.com\/wp-content\/uploads\/2023\/07\/Planta-Valorizacion-Energetica-Tirme-3.jpg\" data-elementor-open-lightbox=\"yes\" data-elementor-lightbox-slideshow=\"f7da593\" data-elementor-lightbox-title=\"Planta Valorizaci\u00f3n Energ\u00e9tica Tirme (3)\" data-e-action-hash=\"#elementor-action%3Aaction%3Dlightbox%26settings%3DeyJpZCI6MzI5MCwidXJsIjoiaHR0cHM6XC9cL21hY3VzdGljYS5jb21cL3dwLWNvbnRlbnRcL3VwbG9hZHNcLzIwMjNcLzA3XC9QbGFudGEtVmFsb3JpemFjaW9uLUVuZXJnZXRpY2EtVGlybWUtMy5qcGciLCJzbGlkZXNob3ciOiJmN2RhNTkzIn0%3D\">\n\t\t\t\t\t<div class=\"e-gallery-image elementor-gallery-item__image\" data-thumbnail=\"https:\/\/macustica.com\/wp-content\/uploads\/2023\/07\/Planta-Valorizacion-Energetica-Tirme-3-300x225.jpg\" data-width=\"300\" data-height=\"225\" aria-label=\"\" role=\"img\" ><\/div>\n\t\t\t\t\t\t\t\t\t\t\t<div class=\"elementor-gallery-item__overlay\"><\/div>\n\t\t\t\t\t\t\t\t\t\t\t\t\t\t<\/a>\n\t\t\t\t\t\t\t<a class=\"e-gallery-item elementor-gallery-item elementor-animated-content\" href=\"https:\/\/macustica.com\/wp-content\/uploads\/2023\/07\/Planta-Valorizacion-Energetica-Tirme-4.jpg\" data-elementor-open-lightbox=\"yes\" data-elementor-lightbox-slideshow=\"f7da593\" data-elementor-lightbox-title=\"Planta Valorizaci\u00f3n Energ\u00e9tica Tirme (4)\" data-e-action-hash=\"#elementor-action%3Aaction%3Dlightbox%26settings%3DeyJpZCI6MzI5MywidXJsIjoiaHR0cHM6XC9cL21hY3VzdGljYS5jb21cL3dwLWNvbnRlbnRcL3VwbG9hZHNcLzIwMjNcLzA3XC9QbGFudGEtVmFsb3JpemFjaW9uLUVuZXJnZXRpY2EtVGlybWUtNC5qcGciLCJzbGlkZXNob3ciOiJmN2RhNTkzIn0%3D\">\n\t\t\t\t\t<div class=\"e-gallery-image elementor-gallery-item__image\" data-thumbnail=\"https:\/\/macustica.com\/wp-content\/uploads\/2023\/07\/Planta-Valorizacion-Energetica-Tirme-4-300x225.jpg\" data-width=\"300\" data-height=\"225\" aria-label=\"\" role=\"img\" ><\/div>\n\t\t\t\t\t\t\t\t\t\t\t<div class=\"elementor-gallery-item__overlay\"><\/div>\n\t\t\t\t\t\t\t\t\t\t\t\t\t\t<\/a>\n\t\t\t\t\t\t\t<a class=\"e-gallery-item elementor-gallery-item elementor-animated-content\" href=\"https:\/\/macustica.com\/wp-content\/uploads\/2023\/07\/Planta-Valorizacion-Energetica-Tirme-5.jpg\" data-elementor-open-lightbox=\"yes\" data-elementor-lightbox-slideshow=\"f7da593\" data-elementor-lightbox-title=\"Planta Valorizaci\u00f3n Energ\u00e9tica Tirme (5)\" data-e-action-hash=\"#elementor-action%3Aaction%3Dlightbox%26settings%3DeyJpZCI6MzI5NiwidXJsIjoiaHR0cHM6XC9cL21hY3VzdGljYS5jb21cL3dwLWNvbnRlbnRcL3VwbG9hZHNcLzIwMjNcLzA3XC9QbGFudGEtVmFsb3JpemFjaW9uLUVuZXJnZXRpY2EtVGlybWUtNS5qcGciLCJzbGlkZXNob3ciOiJmN2RhNTkzIn0%3D\">\n\t\t\t\t\t<div class=\"e-gallery-image elementor-gallery-item__image\" data-thumbnail=\"https:\/\/macustica.com\/wp-content\/uploads\/2023\/07\/Planta-Valorizacion-Energetica-Tirme-5-300x225.jpg\" data-width=\"300\" data-height=\"225\" aria-label=\"\" role=\"img\" ><\/div>\n\t\t\t\t\t\t\t\t\t\t\t<div class=\"elementor-gallery-item__overlay\"><\/div>\n\t\t\t\t\t\t\t\t\t\t\t\t\t\t<\/a>\n\t\t\t\t\t\t\t<a class=\"e-gallery-item elementor-gallery-item elementor-animated-content\" href=\"https:\/\/macustica.com\/wp-content\/uploads\/2023\/07\/Planta-Valorizacion-Energetica-Tirme-6.jpg\" data-elementor-open-lightbox=\"yes\" data-elementor-lightbox-slideshow=\"f7da593\" data-elementor-lightbox-title=\"Planta Valorizaci\u00f3n Energ\u00e9tica Tirme (6)\" data-e-action-hash=\"#elementor-action%3Aaction%3Dlightbox%26settings%3DeyJpZCI6MzI5OSwidXJsIjoiaHR0cHM6XC9cL21hY3VzdGljYS5jb21cL3dwLWNvbnRlbnRcL3VwbG9hZHNcLzIwMjNcLzA3XC9QbGFudGEtVmFsb3JpemFjaW9uLUVuZXJnZXRpY2EtVGlybWUtNi5qcGciLCJzbGlkZXNob3ciOiJmN2RhNTkzIn0%3D\">\n\t\t\t\t\t<div class=\"e-gallery-image elementor-gallery-item__image\" data-thumbnail=\"https:\/\/macustica.com\/wp-content\/uploads\/2023\/07\/Planta-Valorizacion-Energetica-Tirme-6-300x225.jpg\" data-width=\"300\" data-height=\"225\" aria-label=\"\" role=\"img\" ><\/div>\n\t\t\t\t\t\t\t\t\t\t\t<div class=\"elementor-gallery-item__overlay\"><\/div>\n\t\t\t\t\t\t\t\t\t\t\t\t\t\t<\/a>\n\t\t\t\t\t<\/div>\n\t\t\t\t\t<\/div>\n\t\t\t\t<\/div>\n\t\t\t\t\t<\/div>\n\t\t\t\t<\/div>\n\t\t\t\t<\/div>\n\t\t\t\t<\/div>\n\t\t<div class=\"elementor-element elementor-element-71ec8a8 e-con-full e-flex e-con e-parent\" data-id=\"71ec8a8\" data-element_type=\"container\">\n\t\t\t\t<\/div>\n\t\t\t\t<\/div>\n\t\t\t\t<\/div>\n\t\t","protected":false},"excerpt":{"rendered":"<p>Planta Valoritzaci\u00f3 Energ\u00e8tica Tirme Projectes Ac\u00fastica Ambiental Avaluaci\u00f3 sonom\u00e8trica dels nivells ac\u00fastics, generats per les diferents instal\u00b7lacions de Tirme SA, principalment la Planta de Valoritzaci\u00f3 Energ\u00e8tica, a Son Reus, Palma, Mallorca.<\/p>\n","protected":false},"author":1,"featured_media":0,"parent":3840,"menu_order":0,"comment_status":"closed","ping_status":"closed","template":"","meta":{"site-sidebar-layout":"no-sidebar","site-content-layout":"page-builder","ast-site-content-layout":"","site-content-style":"default","site-sidebar-style":"default","ast-global-header-display":"","ast-banner-title-visibility":"","ast-main-header-display":"","ast-hfb-above-header-display":"","ast-hfb-below-header-display":"","ast-hfb-mobile-header-display":"","site-post-title":"disabled","ast-breadcrumbs-content":"","ast-featured-img":"disabled","footer-sml-layout":"","theme-transparent-header-meta":"default","adv-header-id-meta":"","stick-header-meta":"default","header-above-stick-meta":"","header-main-stick-meta":"","header-below-stick-meta":"","astra-migrate-meta-layouts":"default","ast-page-background-enabled":"default","ast-page-background-meta":{"desktop":{"background-color":"","background-image":"","background-repeat":"repeat","background-position":"center center","background-size":"auto","background-attachment":"scroll","background-type":"","background-media":"","overlay-type":"","overlay-color":"","overlay-opacity":"","overlay-gradient":""},"tablet":{"background-color":"","background-image":"","background-repeat":"repeat","background-position":"center center","background-size":"auto","background-attachment":"scroll","background-type":"","background-media":"","overlay-type":"","overlay-color":"","overlay-opacity":"","overlay-gradient":""},"mobile":{"background-color":"","background-image":"","background-repeat":"repeat","background-position":"center center","background-size":"auto","background-attachment":"scroll","background-type":"","background-media":"","overlay-type":"","overlay-color":"","overlay-opacity":"","overlay-gradient":""}},"ast-content-background-meta":{"desktop":{"background-color":"var(--ast-global-color-5)","background-image":"","background-repeat":"repeat","background-position":"center center","background-size":"auto","background-attachment":"scroll","background-type":"","background-media":"","overlay-type":"","overlay-color":"","overlay-opacity":"","overlay-gradient":""},"tablet":{"background-color":"var(--ast-global-color-5)","background-image":"","background-repeat":"repeat","background-position":"center center","background-size":"auto","background-attachment":"scroll","background-type":"","background-media":"","overlay-type":"","overlay-color":"","overlay-opacity":"","overlay-gradient":""},"mobile":{"background-color":"var(--ast-global-color-5)","background-image":"","background-repeat":"repeat","background-position":"center center","background-size":"auto","background-attachment":"scroll","background-type":"","background-media":"","overlay-type":"","overlay-color":"","overlay-opacity":"","overlay-gradient":""}},"footnotes":""},"class_list":["post-3858","page","type-page","status-publish","hentry"],"yoast_head":"<!-- This site is optimized with the Yoast SEO plugin v26.4 - https:\/\/yoast.com\/wordpress\/plugins\/seo\/ -->\n<title>Planta Valoritzaci\u00f3 Energ\u00e8tica Tirme - Macustica<\/title>\n<meta name=\"robots\" content=\"noindex, follow\" \/>\n<meta property=\"og:locale\" content=\"ca_ES\" \/>\n<meta property=\"og:type\" content=\"article\" \/>\n<meta property=\"og:title\" content=\"Planta Valoritzaci\u00f3 Energ\u00e8tica Tirme - Macustica\" \/>\n<meta property=\"og:description\" content=\"Planta Valoritzaci\u00f3 Energ\u00e8tica Tirme Projectes Ac\u00fastica Ambiental Avaluaci\u00f3 sonom\u00e8trica dels nivells ac\u00fastics, generats per les diferents instal\u00b7lacions de Tirme SA, principalment la Planta de Valoritzaci\u00f3 Energ\u00e8tica, a Son Reus, Palma, Mallorca.\" \/>\n<meta property=\"og:url\" content=\"https:\/\/macustica.com\/ca\/projectes-acustica-ambiental\/planta-valoritzacio-energetica-tirme\/\" \/>\n<meta property=\"og:site_name\" content=\"Macustica\" \/>\n<meta property=\"article:publisher\" content=\"https:\/\/www.facebook.com\/macusticaingenieria\/?ref=bookmarks\" \/>\n<meta property=\"article:modified_time\" content=\"2023-08-05T21:34:04+00:00\" \/>\n<meta property=\"og:image\" content=\"https:\/\/macustica.com\/wp-content\/uploads\/2023\/07\/icono-acustica-ambiental-150x150.png\" \/>\n<meta name=\"twitter:card\" content=\"summary_large_image\" \/>\n<meta name=\"twitter:site\" content=\"@m_acustica\" \/>\n<script type=\"application\/ld+json\" class=\"yoast-schema-graph\">{\"@context\":\"https:\/\/schema.org\",\"@graph\":[{\"@type\":\"WebPage\",\"@id\":\"https:\/\/macustica.com\/ca\/projectes-acustica-ambiental\/planta-valoritzacio-energetica-tirme\/\",\"url\":\"https:\/\/macustica.com\/ca\/projectes-acustica-ambiental\/planta-valoritzacio-energetica-tirme\/\",\"name\":\"Planta Valoritzaci\u00f3 Energ\u00e8tica Tirme - Macustica\",\"isPartOf\":{\"@id\":\"https:\/\/macustica.com\/ca\/#website\"},\"primaryImageOfPage\":{\"@id\":\"https:\/\/macustica.com\/ca\/projectes-acustica-ambiental\/planta-valoritzacio-energetica-tirme\/#primaryimage\"},\"image\":{\"@id\":\"https:\/\/macustica.com\/ca\/projectes-acustica-ambiental\/planta-valoritzacio-energetica-tirme\/#primaryimage\"},\"thumbnailUrl\":\"https:\/\/macustica.com\/wp-content\/uploads\/2023\/07\/icono-acustica-ambiental-150x150.png\",\"datePublished\":\"2023-07-31T12:13:20+00:00\",\"dateModified\":\"2023-08-05T21:34:04+00:00\",\"breadcrumb\":{\"@id\":\"https:\/\/macustica.com\/ca\/projectes-acustica-ambiental\/planta-valoritzacio-energetica-tirme\/#breadcrumb\"},\"inLanguage\":\"ca\",\"potentialAction\":[{\"@type\":\"ReadAction\",\"target\":[\"https:\/\/macustica.com\/ca\/projectes-acustica-ambiental\/planta-valoritzacio-energetica-tirme\/\"]}]},{\"@type\":\"ImageObject\",\"inLanguage\":\"ca\",\"@id\":\"https:\/\/macustica.com\/ca\/projectes-acustica-ambiental\/planta-valoritzacio-energetica-tirme\/#primaryimage\",\"url\":\"https:\/\/macustica.com\/wp-content\/uploads\/2023\/07\/icono-acustica-ambiental-150x150.png\",\"contentUrl\":\"https:\/\/macustica.com\/wp-content\/uploads\/2023\/07\/icono-acustica-ambiental-150x150.png\"},{\"@type\":\"BreadcrumbList\",\"@id\":\"https:\/\/macustica.com\/ca\/projectes-acustica-ambiental\/planta-valoritzacio-energetica-tirme\/#breadcrumb\",\"itemListElement\":[{\"@type\":\"ListItem\",\"position\":1,\"name\":\"Portada\",\"item\":\"https:\/\/macustica.com\/ca\/inici\/\"},{\"@type\":\"ListItem\",\"position\":2,\"name\":\"Projectes Ac\u00fastica Ambiental\",\"item\":\"https:\/\/macustica.com\/ca\/projectes-acustica-ambiental\/\"},{\"@type\":\"ListItem\",\"position\":3,\"name\":\"Planta Valoritzaci\u00f3 Energ\u00e8tica Tirme\"}]},{\"@type\":\"WebSite\",\"@id\":\"https:\/\/macustica.com\/ca\/#website\",\"url\":\"https:\/\/macustica.com\/ca\/\",\"name\":\"Macustica\",\"description\":\"\",\"publisher\":{\"@id\":\"https:\/\/macustica.com\/ca\/#organization\"},\"potentialAction\":[{\"@type\":\"SearchAction\",\"target\":{\"@type\":\"EntryPoint\",\"urlTemplate\":\"https:\/\/macustica.com\/ca\/?s={search_term_string}\"},\"query-input\":{\"@type\":\"PropertyValueSpecification\",\"valueRequired\":true,\"valueName\":\"search_term_string\"}}],\"inLanguage\":\"ca\"},{\"@type\":\"Organization\",\"@id\":\"https:\/\/macustica.com\/ca\/#organization\",\"name\":\"Mac\u00fastica\",\"alternateName\":\"Mac\u00fastica\",\"url\":\"https:\/\/macustica.com\/ca\/\",\"logo\":{\"@type\":\"ImageObject\",\"inLanguage\":\"ca\",\"@id\":\"https:\/\/macustica.com\/ca\/#\/schema\/logo\/image\/\",\"url\":\"https:\/\/macustica.com\/wp-content\/uploads\/2023\/03\/logo-macustica.png\",\"contentUrl\":\"https:\/\/macustica.com\/wp-content\/uploads\/2023\/03\/logo-macustica.png\",\"width\":300,\"height\":85,\"caption\":\"Mac\u00fastica\"},\"image\":{\"@id\":\"https:\/\/macustica.com\/ca\/#\/schema\/logo\/image\/\"},\"sameAs\":[\"https:\/\/www.facebook.com\/macusticaingenieria\/?ref=bookmarks\",\"https:\/\/x.com\/m_acustica\",\"https:\/\/www.instagram.com\/macustica\/\",\"https:\/\/www.linkedin.com\/company\/15081962?trk=tyah&trkInfo=clickedVerticalcompanyclickedEntityId15081962idx1-1-1tarId1472140082122tasmacustica\"]}]}<\/script>\n<!-- \/ Yoast SEO plugin. -->","yoast_head_json":{"title":"Planta Valoritzaci\u00f3 Energ\u00e8tica Tirme - Macustica","robots":{"index":"noindex","follow":"follow"},"og_locale":"ca_ES","og_type":"article","og_title":"Planta Valoritzaci\u00f3 Energ\u00e8tica Tirme - Macustica","og_description":"Planta Valoritzaci\u00f3 Energ\u00e8tica Tirme Projectes Ac\u00fastica Ambiental Avaluaci\u00f3 sonom\u00e8trica dels nivells ac\u00fastics, generats per les diferents instal\u00b7lacions de Tirme SA, principalment la Planta de Valoritzaci\u00f3 Energ\u00e8tica, a Son Reus, Palma, Mallorca.","og_url":"https:\/\/macustica.com\/ca\/projectes-acustica-ambiental\/planta-valoritzacio-energetica-tirme\/","og_site_name":"Macustica","article_publisher":"https:\/\/www.facebook.com\/macusticaingenieria\/?ref=bookmarks","article_modified_time":"2023-08-05T21:34:04+00:00","og_image":[{"url":"https:\/\/macustica.com\/wp-content\/uploads\/2023\/07\/icono-acustica-ambiental-150x150.png","type":"","width":"","height":""}],"twitter_card":"summary_large_image","twitter_site":"@m_acustica","schema":{"@context":"https:\/\/schema.org","@graph":[{"@type":"WebPage","@id":"https:\/\/macustica.com\/ca\/projectes-acustica-ambiental\/planta-valoritzacio-energetica-tirme\/","url":"https:\/\/macustica.com\/ca\/projectes-acustica-ambiental\/planta-valoritzacio-energetica-tirme\/","name":"Planta Valoritzaci\u00f3 Energ\u00e8tica Tirme - Macustica","isPartOf":{"@id":"https:\/\/macustica.com\/ca\/#website"},"primaryImageOfPage":{"@id":"https:\/\/macustica.com\/ca\/projectes-acustica-ambiental\/planta-valoritzacio-energetica-tirme\/#primaryimage"},"image":{"@id":"https:\/\/macustica.com\/ca\/projectes-acustica-ambiental\/planta-valoritzacio-energetica-tirme\/#primaryimage"},"thumbnailUrl":"https:\/\/macustica.com\/wp-content\/uploads\/2023\/07\/icono-acustica-ambiental-150x150.png","datePublished":"2023-07-31T12:13:20+00:00","dateModified":"2023-08-05T21:34:04+00:00","breadcrumb":{"@id":"https:\/\/macustica.com\/ca\/projectes-acustica-ambiental\/planta-valoritzacio-energetica-tirme\/#breadcrumb"},"inLanguage":"ca","potentialAction":[{"@type":"ReadAction","target":["https:\/\/macustica.com\/ca\/projectes-acustica-ambiental\/planta-valoritzacio-energetica-tirme\/"]}]},{"@type":"ImageObject","inLanguage":"ca","@id":"https:\/\/macustica.com\/ca\/projectes-acustica-ambiental\/planta-valoritzacio-energetica-tirme\/#primaryimage","url":"https:\/\/macustica.com\/wp-content\/uploads\/2023\/07\/icono-acustica-ambiental-150x150.png","contentUrl":"https:\/\/macustica.com\/wp-content\/uploads\/2023\/07\/icono-acustica-ambiental-150x150.png"},{"@type":"BreadcrumbList","@id":"https:\/\/macustica.com\/ca\/projectes-acustica-ambiental\/planta-valoritzacio-energetica-tirme\/#breadcrumb","itemListElement":[{"@type":"ListItem","position":1,"name":"Portada","item":"https:\/\/macustica.com\/ca\/inici\/"},{"@type":"ListItem","position":2,"name":"Projectes Ac\u00fastica Ambiental","item":"https:\/\/macustica.com\/ca\/projectes-acustica-ambiental\/"},{"@type":"ListItem","position":3,"name":"Planta Valoritzaci\u00f3 Energ\u00e8tica Tirme"}]},{"@type":"WebSite","@id":"https:\/\/macustica.com\/ca\/#website","url":"https:\/\/macustica.com\/ca\/","name":"Macustica","description":"","publisher":{"@id":"https:\/\/macustica.com\/ca\/#organization"},"potentialAction":[{"@type":"SearchAction","target":{"@type":"EntryPoint","urlTemplate":"https:\/\/macustica.com\/ca\/?s={search_term_string}"},"query-input":{"@type":"PropertyValueSpecification","valueRequired":true,"valueName":"search_term_string"}}],"inLanguage":"ca"},{"@type":"Organization","@id":"https:\/\/macustica.com\/ca\/#organization","name":"Mac\u00fastica","alternateName":"Mac\u00fastica","url":"https:\/\/macustica.com\/ca\/","logo":{"@type":"ImageObject","inLanguage":"ca","@id":"https:\/\/macustica.com\/ca\/#\/schema\/logo\/image\/","url":"https:\/\/macustica.com\/wp-content\/uploads\/2023\/03\/logo-macustica.png","contentUrl":"https:\/\/macustica.com\/wp-content\/uploads\/2023\/03\/logo-macustica.png","width":300,"height":85,"caption":"Mac\u00fastica"},"image":{"@id":"https:\/\/macustica.com\/ca\/#\/schema\/logo\/image\/"},"sameAs":["https:\/\/www.facebook.com\/macusticaingenieria\/?ref=bookmarks","https:\/\/x.com\/m_acustica","https:\/\/www.instagram.com\/macustica\/","https:\/\/www.linkedin.com\/company\/15081962?trk=tyah&trkInfo=clickedVerticalcompanyclickedEntityId15081962idx1-1-1tarId1472140082122tasmacustica"]}]}},"_links":{"self":[{"href":"https:\/\/macustica.com\/ca\/wp-json\/wp\/v2\/pages\/3858","targetHints":{"allow":["GET"]}}],"collection":[{"href":"https:\/\/macustica.com\/ca\/wp-json\/wp\/v2\/pages"}],"about":[{"href":"https:\/\/macustica.com\/ca\/wp-json\/wp\/v2\/types\/page"}],"author":[{"embeddable":true,"href":"https:\/\/macustica.com\/ca\/wp-json\/wp\/v2\/users\/1"}],"replies":[{"embeddable":true,"href":"https:\/\/macustica.com\/ca\/wp-json\/wp\/v2\/comments?post=3858"}],"version-history":[{"count":1,"href":"https:\/\/macustica.com\/ca\/wp-json\/wp\/v2\/pages\/3858\/revisions"}],"predecessor-version":[{"id":3859,"href":"https:\/\/macustica.com\/ca\/wp-json\/wp\/v2\/pages\/3858\/revisions\/3859"}],"up":[{"embeddable":true,"href":"https:\/\/macustica.com\/ca\/wp-json\/wp\/v2\/pages\/3840"}],"wp:attachment":[{"href":"https:\/\/macustica.com\/ca\/wp-json\/wp\/v2\/media?parent=3858"}],"curies":[{"name":"wp","href":"https:\/\/api.w.org\/{rel}","templated":true}]}}