{"id":3834,"date":"2023-04-15T15:28:41","date_gmt":"2023-04-15T13:28:41","guid":{"rendered":"https:\/\/macustica.com\/politica-de-privadesa\/"},"modified":"2023-08-05T23:07:36","modified_gmt":"2023-08-05T21:07:36","slug":"politica-de-privadesa","status":"publish","type":"page","link":"https:\/\/macustica.com\/ca\/politica-de-privadesa\/","title":{"rendered":"Pol\u00edtica de privadesa"},"content":{"rendered":"\t\t<div data-elementor-type=\"wp-page\" data-elementor-id=\"3834\" class=\"elementor elementor-3834 elementor-945\" data-elementor-post-type=\"page\">\n\t\t\t\t<div class=\"elementor-element elementor-element-27c1851 e-flex e-con-boxed e-con e-parent\" data-id=\"27c1851\" data-element_type=\"container\">\n\t\t\t\t\t<div class=\"e-con-inner\">\n\t\t\t\t<div class=\"elementor-element elementor-element-314fb82 elementor-widget elementor-widget-heading\" data-id=\"314fb82\" data-element_type=\"widget\" data-widget_type=\"heading.default\">\n\t\t\t\t<div class=\"elementor-widget-container\">\n\t\t\t\t\t<h1 class=\"elementor-heading-title elementor-size-default\">Pol\u00edtica de privadesa<\/h1>\t\t\t\t<\/div>\n\t\t\t\t<\/div>\n\t\t\t\t<div class=\"elementor-element elementor-element-b6ebd03 elementor-widget elementor-widget-text-editor\" data-id=\"b6ebd03\" data-element_type=\"widget\" data-widget_type=\"text-editor.default\">\n\t\t\t\t<div class=\"elementor-widget-container\">\n\t\t\t\t\t\t\t\t\t<h3>1. Pol\u00edtica de privadesa<\/h3>\n<p>Mac\u00fastica informa els usuaris del lloc web sobre la seva pol\u00edtica respecte del tractament i protecci\u00f3 de les dades de car\u00e0cter personal dels usuaris i clients que puguin ser demanats per la navegaci\u00f3 o contractaci\u00f3 de serveis a trav\u00e9s del seu lloc web.<br \/>En aquest sentit, Mac\u00fastica garanteix el compliment de la normativa vigent en mat\u00e8ria de protecci\u00f3 de dades personals, reflectida a la Llei Org\u00e0nica 15\/1999 de 13 de desembre, de Protecci\u00f3 de Dades de Car\u00e0cter Personal i al Reial Decret 1720\/2007, de 21 desembre, pel qual saprova el Reglament de Desenvolupament de la LOPD.<br \/>L\u00b4\u00fas d\u00b4aquest web implica l\u00b4acceptaci\u00f3 d\u00b4aquesta pol\u00edtica de privadesa.<\/p>\n<h3>2. Recollida, finalitat i tractaments de dades<\/h3>\n<p>Mac\u00fastica t\u00e9 el deure d&#8217;informar els usuaris del seu lloc web sobre la recollida de dades de car\u00e0cter personal que es poden dur a terme, ja sigui mitjan\u00e7ant l&#8217;enviament de correu electr\u00f2nic o en emplenar els formularis inclosos al lloc web. En aquest sentit, Mac\u00fastica ser\u00e0 considerada com a responsable de les dades recollides mitjan\u00e7ant els mitjans anteriorment descrits.<br \/>Alhora, Mac\u00fastica informa els usuaris que la finalitat del tractament de les dades recollides contempla: L&#8217;atenci\u00f3 de sol\u00b7licituds realitzades pels usuaris, la inclusi\u00f3 a l&#8217;agenda de contactes, la prestaci\u00f3 de serveis, la gesti\u00f3 de la relaci\u00f3 comercial i altres finalitats (INDICAR).<br \/>Les operacions, les gestions i els procediments t\u00e8cnics que es realitzin de forma automatitzada o no automatitzada i que possibilitin la recollida, l&#8217;emmagatzematge, la modificaci\u00f3, la transfer\u00e8ncia i altres accions sobre dades de car\u00e0cter personal, tenen la consideraci\u00f3 de tractament de dades personals.<br \/>Totes les dades personals, que siguin recollides a trav\u00e9s del lloc web de Mac\u00fastica, i per tant tingui la consideraci\u00f3 de tractament de dades de car\u00e0cter personal, seran incorporades als fitxers declarats davant l&#8217;Ag\u00e8ncia Espanyola de Protecci\u00f3 de Dades per Mac\u00fastica.<\/p>\n<h3>3. Comunicaci\u00f3 d&#8217;informaci\u00f3 a tercers<\/h3>\n<p>Mac\u00fastica informa als usuaris que les seves dades personals no seran cedides a terceres organitzacions, amb l&#8217;excepci\u00f3 que aquesta cessi\u00f3 de dades estigui emparada en una obligaci\u00f3 legal o quan la prestaci\u00f3 d&#8217;un servei impliqui la necessitat d&#8217;una relaci\u00f3 contractual amb un encarregat de tractament. En aquest darrer cas, nom\u00e9s es dur\u00e0 a terme la cessi\u00f3 de dades al tercer quan Mac\u00fastica disposi del consentiment expr\u00e9s de lusuari.<\/p>\n<h3>4. Drets dels usuaris<\/h3>\n<p>La Llei org\u00e0nica 15\/1999, de 13 de desembre, de protecci\u00f3 de dades de car\u00e0cter personal concedeix als interessats la possibilitat d&#8217;exercir una s\u00e8rie de drets relacionats amb el tractament de les dades personals. Mentre que les dades de l&#8217;usuari s\u00f3n objecte de tractament per part de Mac\u00fastica. Els usuaris podran exercir els drets d&#8217;acc\u00e9s, rectificaci\u00f3, cancel\u00b7laci\u00f3 i oposici\u00f3 d&#8217;acord amb all\u00f2 previst a la normativa legal vigent en mat\u00e8ria de protecci\u00f3 de dades personals.<br \/>Per fer \u00fas de l&#8217;exercici d&#8217;aquests drets, l&#8217;usuari haur\u00e0 de dirigir-se mitjan\u00e7ant comunicaci\u00f3 escrita, aportant documentaci\u00f3 que acrediti la seva identitat (DNI o passaport), a la seg\u00fcent adre\u00e7a:<\/p>\n<p>Mac\u00fastica, Cam\u00ed de Can Blau 10-A 07400 Alc\u00fadia Illes Balears<\/p>\n<p>o l&#8217;adre\u00e7a que sigui substitu\u00efda al Registre General de Protecci\u00f3 de Dades. Aquesta comunicaci\u00f3 ha de reflectir la informaci\u00f3 seg\u00fcent: Nom i cognoms de l&#8217;usuari, la petici\u00f3 de sol\u00b7licitud, el domicili i les dades acreditatives.<br \/>L&#8217;exercici de drets l&#8217;ha de fer el mateix usuari. Aix\u00f2 no obstant, poden ser executats per una persona autoritzada com a representant legal de l&#8217;autoritzat. En aquest cas, cal aportar la documentaci\u00f3 que acrediti aquesta representaci\u00f3 de linteressat.<\/p>\n\t\t\t\t\t\t\t\t<\/div>\n\t\t\t\t<\/div>\n\t\t\t\t\t<\/div>\n\t\t\t\t<\/div>\n\t\t\t\t<\/div>\n\t\t","protected":false},"excerpt":{"rendered":"<p>Pol\u00edtica de privadesa 1. Pol\u00edtica de privadesa Mac\u00fastica informa els usuaris del lloc web sobre la seva pol\u00edtica respecte del tractament i protecci\u00f3 de les dades de car\u00e0cter personal dels usuaris i clients que puguin ser demanats per la navegaci\u00f3 o contractaci\u00f3 de serveis a trav\u00e9s del seu lloc web.En aquest sentit, Mac\u00fastica garanteix el [&hellip;]<\/p>\n","protected":false},"author":1,"featured_media":0,"parent":0,"menu_order":0,"comment_status":"closed","ping_status":"closed","template":"","meta":{"site-sidebar-layout":"no-sidebar","site-content-layout":"page-builder","ast-site-content-layout":"","site-content-style":"default","site-sidebar-style":"default","ast-global-header-display":"","ast-banner-title-visibility":"","ast-main-header-display":"","ast-hfb-above-header-display":"","ast-hfb-below-header-display":"","ast-hfb-mobile-header-display":"","site-post-title":"disabled","ast-breadcrumbs-content":"","ast-featured-img":"disabled","footer-sml-layout":"","theme-transparent-header-meta":"default","adv-header-id-meta":"","stick-header-meta":"default","header-above-stick-meta":"","header-main-stick-meta":"","header-below-stick-meta":"","astra-migrate-meta-layouts":"default","ast-page-background-enabled":"default","ast-page-background-meta":{"desktop":{"background-color":"","background-image":"","background-repeat":"repeat","background-position":"center center","background-size":"auto","background-attachment":"scroll","background-type":"","background-media":"","overlay-type":"","overlay-color":"","overlay-opacity":"","overlay-gradient":""},"tablet":{"background-color":"","background-image":"","background-repeat":"repeat","background-position":"center center","background-size":"auto","background-attachment":"scroll","background-type":"","background-media":"","overlay-type":"","overlay-color":"","overlay-opacity":"","overlay-gradient":""},"mobile":{"background-color":"","background-image":"","background-repeat":"repeat","background-position":"center center","background-size":"auto","background-attachment":"scroll","background-type":"","background-media":"","overlay-type":"","overlay-color":"","overlay-opacity":"","overlay-gradient":""}},"ast-content-background-meta":{"desktop":{"background-color":"var(--ast-global-color-5)","background-image":"","background-repeat":"repeat","background-position":"center center","background-size":"auto","background-attachment":"scroll","background-type":"","background-media":"","overlay-type":"","overlay-color":"","overlay-opacity":"","overlay-gradient":""},"tablet":{"background-color":"var(--ast-global-color-5)","background-image":"","background-repeat":"repeat","background-position":"center center","background-size":"auto","background-attachment":"scroll","background-type":"","background-media":"","overlay-type":"","overlay-color":"","overlay-opacity":"","overlay-gradient":""},"mobile":{"background-color":"var(--ast-global-color-5)","background-image":"","background-repeat":"repeat","background-position":"center center","background-size":"auto","background-attachment":"scroll","background-type":"","background-media":"","overlay-type":"","overlay-color":"","overlay-opacity":"","overlay-gradient":""}},"footnotes":""},"class_list":["post-3834","page","type-page","status-publish","hentry"],"yoast_head":"<!-- This site is optimized with the Yoast SEO plugin v26.4 - https:\/\/yoast.com\/wordpress\/plugins\/seo\/ -->\n<title>Pol\u00edtica de privadesa - Macustica<\/title>\n<meta name=\"description\" content=\"Consulta la nostra pol\u00edtica de privadesa.\" \/>\n<meta name=\"robots\" content=\"noindex, follow\" \/>\n<meta property=\"og:locale\" content=\"ca_ES\" \/>\n<meta property=\"og:type\" content=\"article\" \/>\n<meta property=\"og:title\" content=\"Pol\u00edtica de privadesa - Macustica\" \/>\n<meta property=\"og:description\" content=\"Consulta la nostra pol\u00edtica de privadesa.\" \/>\n<meta property=\"og:url\" content=\"https:\/\/macustica.com\/ca\/politica-de-privadesa\/\" \/>\n<meta property=\"og:site_name\" content=\"Macustica\" \/>\n<meta property=\"article:publisher\" content=\"https:\/\/www.facebook.com\/macusticaingenieria\/?ref=bookmarks\" \/>\n<meta property=\"article:modified_time\" content=\"2023-08-05T21:07:36+00:00\" \/>\n<meta name=\"twitter:card\" content=\"summary_large_image\" \/>\n<meta name=\"twitter:site\" content=\"@m_acustica\" \/>\n<meta name=\"twitter:label1\" content=\"Temps estimat de lectura\" \/>\n\t<meta name=\"twitter:data1\" content=\"3 minuts\" \/>\n<script type=\"application\/ld+json\" class=\"yoast-schema-graph\">{\"@context\":\"https:\/\/schema.org\",\"@graph\":[{\"@type\":\"WebPage\",\"@id\":\"https:\/\/macustica.com\/ca\/politica-de-privadesa\/\",\"url\":\"https:\/\/macustica.com\/ca\/politica-de-privadesa\/\",\"name\":\"Pol\u00edtica de privadesa - Macustica\",\"isPartOf\":{\"@id\":\"https:\/\/macustica.com\/ca\/#website\"},\"datePublished\":\"2023-04-15T13:28:41+00:00\",\"dateModified\":\"2023-08-05T21:07:36+00:00\",\"description\":\"Consulta la nostra pol\u00edtica de privadesa.\",\"breadcrumb\":{\"@id\":\"https:\/\/macustica.com\/ca\/politica-de-privadesa\/#breadcrumb\"},\"inLanguage\":\"ca\",\"potentialAction\":[{\"@type\":\"ReadAction\",\"target\":[\"https:\/\/macustica.com\/ca\/politica-de-privadesa\/\"]}]},{\"@type\":\"BreadcrumbList\",\"@id\":\"https:\/\/macustica.com\/ca\/politica-de-privadesa\/#breadcrumb\",\"itemListElement\":[{\"@type\":\"ListItem\",\"position\":1,\"name\":\"Portada\",\"item\":\"https:\/\/macustica.com\/ca\/inici\/\"},{\"@type\":\"ListItem\",\"position\":2,\"name\":\"Pol\u00edtica de privadesa\"}]},{\"@type\":\"WebSite\",\"@id\":\"https:\/\/macustica.com\/ca\/#website\",\"url\":\"https:\/\/macustica.com\/ca\/\",\"name\":\"Macustica\",\"description\":\"\",\"publisher\":{\"@id\":\"https:\/\/macustica.com\/ca\/#organization\"},\"potentialAction\":[{\"@type\":\"SearchAction\",\"target\":{\"@type\":\"EntryPoint\",\"urlTemplate\":\"https:\/\/macustica.com\/ca\/?s={search_term_string}\"},\"query-input\":{\"@type\":\"PropertyValueSpecification\",\"valueRequired\":true,\"valueName\":\"search_term_string\"}}],\"inLanguage\":\"ca\"},{\"@type\":\"Organization\",\"@id\":\"https:\/\/macustica.com\/ca\/#organization\",\"name\":\"Mac\u00fastica\",\"alternateName\":\"Mac\u00fastica\",\"url\":\"https:\/\/macustica.com\/ca\/\",\"logo\":{\"@type\":\"ImageObject\",\"inLanguage\":\"ca\",\"@id\":\"https:\/\/macustica.com\/ca\/#\/schema\/logo\/image\/\",\"url\":\"https:\/\/macustica.com\/wp-content\/uploads\/2023\/03\/logo-macustica.png\",\"contentUrl\":\"https:\/\/macustica.com\/wp-content\/uploads\/2023\/03\/logo-macustica.png\",\"width\":300,\"height\":85,\"caption\":\"Mac\u00fastica\"},\"image\":{\"@id\":\"https:\/\/macustica.com\/ca\/#\/schema\/logo\/image\/\"},\"sameAs\":[\"https:\/\/www.facebook.com\/macusticaingenieria\/?ref=bookmarks\",\"https:\/\/x.com\/m_acustica\",\"https:\/\/www.instagram.com\/macustica\/\",\"https:\/\/www.linkedin.com\/company\/15081962?trk=tyah&trkInfo=clickedVerticalcompanyclickedEntityId15081962idx1-1-1tarId1472140082122tasmacustica\"]}]}<\/script>\n<!-- \/ Yoast SEO plugin. -->","yoast_head_json":{"title":"Pol\u00edtica de privadesa - Macustica","description":"Consulta la nostra pol\u00edtica de privadesa.","robots":{"index":"noindex","follow":"follow"},"og_locale":"ca_ES","og_type":"article","og_title":"Pol\u00edtica de privadesa - Macustica","og_description":"Consulta la nostra pol\u00edtica de privadesa.","og_url":"https:\/\/macustica.com\/ca\/politica-de-privadesa\/","og_site_name":"Macustica","article_publisher":"https:\/\/www.facebook.com\/macusticaingenieria\/?ref=bookmarks","article_modified_time":"2023-08-05T21:07:36+00:00","twitter_card":"summary_large_image","twitter_site":"@m_acustica","twitter_misc":{"Temps estimat de lectura":"3 minuts"},"schema":{"@context":"https:\/\/schema.org","@graph":[{"@type":"WebPage","@id":"https:\/\/macustica.com\/ca\/politica-de-privadesa\/","url":"https:\/\/macustica.com\/ca\/politica-de-privadesa\/","name":"Pol\u00edtica de privadesa - Macustica","isPartOf":{"@id":"https:\/\/macustica.com\/ca\/#website"},"datePublished":"2023-04-15T13:28:41+00:00","dateModified":"2023-08-05T21:07:36+00:00","description":"Consulta la nostra pol\u00edtica de privadesa.","breadcrumb":{"@id":"https:\/\/macustica.com\/ca\/politica-de-privadesa\/#breadcrumb"},"inLanguage":"ca","potentialAction":[{"@type":"ReadAction","target":["https:\/\/macustica.com\/ca\/politica-de-privadesa\/"]}]},{"@type":"BreadcrumbList","@id":"https:\/\/macustica.com\/ca\/politica-de-privadesa\/#breadcrumb","itemListElement":[{"@type":"ListItem","position":1,"name":"Portada","item":"https:\/\/macustica.com\/ca\/inici\/"},{"@type":"ListItem","position":2,"name":"Pol\u00edtica de privadesa"}]},{"@type":"WebSite","@id":"https:\/\/macustica.com\/ca\/#website","url":"https:\/\/macustica.com\/ca\/","name":"Macustica","description":"","publisher":{"@id":"https:\/\/macustica.com\/ca\/#organization"},"potentialAction":[{"@type":"SearchAction","target":{"@type":"EntryPoint","urlTemplate":"https:\/\/macustica.com\/ca\/?s={search_term_string}"},"query-input":{"@type":"PropertyValueSpecification","valueRequired":true,"valueName":"search_term_string"}}],"inLanguage":"ca"},{"@type":"Organization","@id":"https:\/\/macustica.com\/ca\/#organization","name":"Mac\u00fastica","alternateName":"Mac\u00fastica","url":"https:\/\/macustica.com\/ca\/","logo":{"@type":"ImageObject","inLanguage":"ca","@id":"https:\/\/macustica.com\/ca\/#\/schema\/logo\/image\/","url":"https:\/\/macustica.com\/wp-content\/uploads\/2023\/03\/logo-macustica.png","contentUrl":"https:\/\/macustica.com\/wp-content\/uploads\/2023\/03\/logo-macustica.png","width":300,"height":85,"caption":"Mac\u00fastica"},"image":{"@id":"https:\/\/macustica.com\/ca\/#\/schema\/logo\/image\/"},"sameAs":["https:\/\/www.facebook.com\/macusticaingenieria\/?ref=bookmarks","https:\/\/x.com\/m_acustica","https:\/\/www.instagram.com\/macustica\/","https:\/\/www.linkedin.com\/company\/15081962?trk=tyah&trkInfo=clickedVerticalcompanyclickedEntityId15081962idx1-1-1tarId1472140082122tasmacustica"]}]}},"_links":{"self":[{"href":"https:\/\/macustica.com\/ca\/wp-json\/wp\/v2\/pages\/3834","targetHints":{"allow":["GET"]}}],"collection":[{"href":"https:\/\/macustica.com\/ca\/wp-json\/wp\/v2\/pages"}],"about":[{"href":"https:\/\/macustica.com\/ca\/wp-json\/wp\/v2\/types\/page"}],"author":[{"embeddable":true,"href":"https:\/\/macustica.com\/ca\/wp-json\/wp\/v2\/users\/1"}],"replies":[{"embeddable":true,"href":"https:\/\/macustica.com\/ca\/wp-json\/wp\/v2\/comments?post=3834"}],"version-history":[{"count":1,"href":"https:\/\/macustica.com\/ca\/wp-json\/wp\/v2\/pages\/3834\/revisions"}],"predecessor-version":[{"id":3835,"href":"https:\/\/macustica.com\/ca\/wp-json\/wp\/v2\/pages\/3834\/revisions\/3835"}],"wp:attachment":[{"href":"https:\/\/macustica.com\/ca\/wp-json\/wp\/v2\/media?parent=3834"}],"curies":[{"name":"wp","href":"https:\/\/api.w.org\/{rel}","templated":true}]}}