{"id":3712,"date":"2023-07-30T17:44:47","date_gmt":"2023-07-30T15:44:47","guid":{"rendered":"https:\/\/macustica.com\/arees-de-treball-acustica-ambiental\/"},"modified":"2023-08-04T23:16:31","modified_gmt":"2023-08-04T21:16:31","slug":"arees-de-treball-acustica-ambiental","status":"publish","type":"page","link":"https:\/\/macustica.com\/ca\/arees-de-treball-acustica-ambiental\/","title":{"rendered":"\u00c0rees de Treball &#8211; Ac\u00fastica Ambiental"},"content":{"rendered":"\t\t<div data-elementor-type=\"wp-page\" data-elementor-id=\"3712\" class=\"elementor elementor-3712 elementor-1508\" data-elementor-post-type=\"page\">\n\t\t\t\t<div class=\"elementor-element elementor-element-e27901c e-con-full e-flex e-con e-parent\" data-id=\"e27901c\" data-element_type=\"container\">\n\t\t<div class=\"elementor-element elementor-element-1321b2a e-con-full e-flex e-con e-child\" data-id=\"1321b2a\" data-element_type=\"container\">\n\t\t<div class=\"elementor-element elementor-element-51b5cdb e-flex e-con-boxed e-con e-child\" data-id=\"51b5cdb\" data-element_type=\"container\">\n\t\t\t\t\t<div class=\"e-con-inner\">\n\t\t<div class=\"elementor-element elementor-element-94b41c7 e-con-full e-flex e-con e-child\" data-id=\"94b41c7\" data-element_type=\"container\">\n\t\t\t\t<div class=\"elementor-element elementor-element-8d915d1 elementor-widget elementor-widget-image\" data-id=\"8d915d1\" data-element_type=\"widget\" data-widget_type=\"image.default\">\n\t\t\t\t<div class=\"elementor-widget-container\">\n\t\t\t\t\t\t\t\t\t\t\t\t\t\t\t\t<a href=\"https:\/\/macustica.com\/#areas-de-trabajo\">\n\t\t\t\t\t\t\t<img decoding=\"async\" width=\"150\" height=\"150\" src=\"https:\/\/macustica.com\/wp-content\/uploads\/2023\/07\/icono-acustica-ambiental-150x150.png\" class=\"attachment-thumbnail size-thumbnail wp-image-3197\" alt=\"\" srcset=\"https:\/\/macustica.com\/wp-content\/uploads\/2023\/07\/icono-acustica-ambiental-150x150.png 150w, https:\/\/macustica.com\/wp-content\/uploads\/2023\/07\/icono-acustica-ambiental-100x100.png 100w, https:\/\/macustica.com\/wp-content\/uploads\/2023\/07\/icono-acustica-ambiental.png 263w\" sizes=\"(max-width: 150px) 100vw, 150px\" \/>\t\t\t\t\t\t\t\t<\/a>\n\t\t\t\t\t\t\t\t\t\t\t\t\t\t\t<\/div>\n\t\t\t\t<\/div>\n\t\t\t\t<\/div>\n\t\t<div class=\"elementor-element elementor-element-b852e63 e-flex e-con-boxed e-con e-child\" data-id=\"b852e63\" data-element_type=\"container\">\n\t\t\t\t\t<div class=\"e-con-inner\">\n\t\t\t\t<div class=\"elementor-element elementor-element-1e2512f elementor-widget elementor-widget-heading\" data-id=\"1e2512f\" data-element_type=\"widget\" data-widget_type=\"heading.default\">\n\t\t\t\t<div class=\"elementor-widget-container\">\n\t\t\t\t\t<h1 class=\"elementor-heading-title elementor-size-default\">Ac\u00fastica Ambiental<\/h1>\t\t\t\t<\/div>\n\t\t\t\t<\/div>\n\t\t\t\t<div class=\"elementor-element elementor-element-059ca58 elementor-widget elementor-widget-text-editor\" data-id=\"059ca58\" data-element_type=\"widget\" data-widget_type=\"text-editor.default\">\n\t\t\t\t<div class=\"elementor-widget-container\">\n\t\t\t\t\t\t\t\t\t<p>Estudis predictius i avaluacions ac\u00fastiques<\/p>\n\t\t\t\t\t\t\t\t<\/div>\n\t\t\t\t<\/div>\n\t\t\t\t\t<\/div>\n\t\t\t\t<\/div>\n\t\t\t\t\t<\/div>\n\t\t\t\t<\/div>\n\t\t\t\t<\/div>\n\t\t<div class=\"elementor-element elementor-element-7965be5 e-con-full e-flex e-con e-child\" data-id=\"7965be5\" data-element_type=\"container\">\n\t\t\t\t<div class=\"elementor-element elementor-element-39e1180 elementor-widget elementor-widget-gallery\" data-id=\"39e1180\" data-element_type=\"widget\" data-settings=\"{&quot;lazyload&quot;:&quot;yes&quot;,&quot;gallery_layout&quot;:&quot;grid&quot;,&quot;columns&quot;:4,&quot;columns_tablet&quot;:2,&quot;columns_mobile&quot;:1,&quot;gap&quot;:{&quot;unit&quot;:&quot;px&quot;,&quot;size&quot;:10,&quot;sizes&quot;:[]},&quot;gap_tablet&quot;:{&quot;unit&quot;:&quot;px&quot;,&quot;size&quot;:10,&quot;sizes&quot;:[]},&quot;gap_mobile&quot;:{&quot;unit&quot;:&quot;px&quot;,&quot;size&quot;:10,&quot;sizes&quot;:[]},&quot;link_to&quot;:&quot;file&quot;,&quot;aspect_ratio&quot;:&quot;3:2&quot;,&quot;overlay_background&quot;:&quot;yes&quot;,&quot;content_hover_animation&quot;:&quot;fade-in&quot;}\" data-widget_type=\"gallery.default\">\n\t\t\t\t<div class=\"elementor-widget-container\">\n\t\t\t\t\t\t\t<div class=\"elementor-gallery__container\">\n\t\t\t\t\t\t\t<a class=\"e-gallery-item elementor-gallery-item elementor-animated-content\" href=\"https:\/\/macustica.com\/wp-content\/uploads\/2023\/08\/Area-de-trabajo-Acustica-ambiental-2.png\" data-elementor-open-lightbox=\"yes\" data-elementor-lightbox-slideshow=\"39e1180\" data-elementor-lightbox-title=\"\u00c1rea de trabajo - Ac\u00fastica ambiental (2)\" data-e-action-hash=\"#elementor-action%3Aaction%3Dlightbox%26settings%3DeyJpZCI6MzU5OSwidXJsIjoiaHR0cHM6XC9cL21hY3VzdGljYS5jb21cL3dwLWNvbnRlbnRcL3VwbG9hZHNcLzIwMjNcLzA4XC9BcmVhLWRlLXRyYWJham8tQWN1c3RpY2EtYW1iaWVudGFsLTIucG5nIiwic2xpZGVzaG93IjoiMzllMTE4MCJ9\">\n\t\t\t\t\t<div class=\"e-gallery-image elementor-gallery-item__image\" data-thumbnail=\"https:\/\/macustica.com\/wp-content\/uploads\/2023\/08\/Area-de-trabajo-Acustica-ambiental-2-300x181.png\" data-width=\"300\" data-height=\"181\" aria-label=\"\" role=\"img\" ><\/div>\n\t\t\t\t\t\t\t\t\t\t\t<div class=\"elementor-gallery-item__overlay\"><\/div>\n\t\t\t\t\t\t\t\t\t\t\t\t\t\t<\/a>\n\t\t\t\t\t\t\t<a class=\"e-gallery-item elementor-gallery-item elementor-animated-content\" href=\"https:\/\/macustica.com\/wp-content\/uploads\/2023\/08\/IMG_1682.jpg\" data-elementor-open-lightbox=\"yes\" data-elementor-lightbox-slideshow=\"39e1180\" data-elementor-lightbox-title=\"IMG_1682\" data-e-action-hash=\"#elementor-action%3Aaction%3Dlightbox%26settings%3DeyJpZCI6MzY2MSwidXJsIjoiaHR0cHM6XC9cL21hY3VzdGljYS5jb21cL3dwLWNvbnRlbnRcL3VwbG9hZHNcLzIwMjNcLzA4XC9JTUdfMTY4Mi5qcGciLCJzbGlkZXNob3ciOiIzOWUxMTgwIn0%3D\">\n\t\t\t\t\t<div class=\"e-gallery-image elementor-gallery-item__image\" data-thumbnail=\"https:\/\/macustica.com\/wp-content\/uploads\/2023\/08\/IMG_1682-300x225.jpg\" data-width=\"300\" data-height=\"225\" aria-label=\"\" role=\"img\" ><\/div>\n\t\t\t\t\t\t\t\t\t\t\t<div class=\"elementor-gallery-item__overlay\"><\/div>\n\t\t\t\t\t\t\t\t\t\t\t\t\t\t<\/a>\n\t\t\t\t\t\t\t<a class=\"e-gallery-item elementor-gallery-item elementor-animated-content\" href=\"https:\/\/macustica.com\/wp-content\/uploads\/2023\/08\/IMG_1680.jpg\" data-elementor-open-lightbox=\"yes\" data-elementor-lightbox-slideshow=\"39e1180\" data-elementor-lightbox-title=\"IMG_1680\" data-e-action-hash=\"#elementor-action%3Aaction%3Dlightbox%26settings%3DeyJpZCI6MzY2NSwidXJsIjoiaHR0cHM6XC9cL21hY3VzdGljYS5jb21cL3dwLWNvbnRlbnRcL3VwbG9hZHNcLzIwMjNcLzA4XC9JTUdfMTY4MC5qcGciLCJzbGlkZXNob3ciOiIzOWUxMTgwIn0%3D\">\n\t\t\t\t\t<div class=\"e-gallery-image elementor-gallery-item__image\" data-thumbnail=\"https:\/\/macustica.com\/wp-content\/uploads\/2023\/08\/IMG_1680-300x225.jpg\" data-width=\"300\" data-height=\"225\" aria-label=\"\" role=\"img\" ><\/div>\n\t\t\t\t\t\t\t\t\t\t\t<div class=\"elementor-gallery-item__overlay\"><\/div>\n\t\t\t\t\t\t\t\t\t\t\t\t\t\t<\/a>\n\t\t\t\t\t\t\t<a class=\"e-gallery-item elementor-gallery-item elementor-animated-content\" href=\"https:\/\/macustica.com\/wp-content\/uploads\/2023\/08\/IMG_0077.jpg\" data-elementor-open-lightbox=\"yes\" data-elementor-lightbox-slideshow=\"39e1180\" data-elementor-lightbox-title=\"IMG_0077\" data-e-action-hash=\"#elementor-action%3Aaction%3Dlightbox%26settings%3DeyJpZCI6MzY2OSwidXJsIjoiaHR0cHM6XC9cL21hY3VzdGljYS5jb21cL3dwLWNvbnRlbnRcL3VwbG9hZHNcLzIwMjNcLzA4XC9JTUdfMDA3Ny5qcGciLCJzbGlkZXNob3ciOiIzOWUxMTgwIn0%3D\">\n\t\t\t\t\t<div class=\"e-gallery-image elementor-gallery-item__image\" data-thumbnail=\"https:\/\/macustica.com\/wp-content\/uploads\/2023\/08\/IMG_0077-300x225.jpg\" data-width=\"300\" data-height=\"225\" aria-label=\"\" role=\"img\" ><\/div>\n\t\t\t\t\t\t\t\t\t\t\t<div class=\"elementor-gallery-item__overlay\"><\/div>\n\t\t\t\t\t\t\t\t\t\t\t\t\t\t<\/a>\n\t\t\t\t\t<\/div>\n\t\t\t\t\t<\/div>\n\t\t\t\t<\/div>\n\t\t\t\t<\/div>\n\t\t<div class=\"elementor-element elementor-element-5adccf1 e-con-full e-flex e-con e-child\" data-id=\"5adccf1\" data-element_type=\"container\" data-settings=\"{&quot;background_background&quot;:&quot;classic&quot;}\">\n\t\t<div class=\"elementor-element elementor-element-9885854 e-flex e-con-boxed e-con e-child\" data-id=\"9885854\" data-element_type=\"container\">\n\t\t\t\t\t<div class=\"e-con-inner\">\n\t\t\t\t<div class=\"elementor-element elementor-element-ab68c34 elementor-widget elementor-widget-text-editor\" data-id=\"ab68c34\" data-element_type=\"widget\" data-widget_type=\"text-editor.default\">\n\t\t\t\t<div class=\"elementor-widget-container\">\n\t\t\t\t\t\t\t\t\t<p>Estudis ac\u00fastics i mapes de soroll, per a diferents \u00e0mbits i sectors (infraestructures de transport, instal\u00b7lacions industrials i energ\u00e8tiques, esdeveniments musicals), en base a mesuraments ac\u00fastics previs per a caracteritzaci\u00f3 de l&#8217;estat preoperacional, i posterior simulaci\u00f3 sonora, prescripci\u00f3 de mesures de millora i avaluaci\u00f3 de la seva efic\u00e0cia.<\/p>\n<p>Sistema de monitoritzaci\u00f3 en continu de nivells ac\u00fastics, per a activitats d&#8217;\u00e0mbit comercial, terciari, recreatiu, obres de construcci\u00f3, esdeveniments musicals, etc.<\/p>\n<p>Certificaci\u00f3 mitjan\u00e7ant assaigs normalitzats, d&#8217;acord amb la norma UNE-EN ISO\/IEC 17025, d&#8217;acord amb el RD 1367\/2007 i diferents normes auton\u00f2miques i locals.<\/p>\n\t\t\t\t\t\t\t\t<\/div>\n\t\t\t\t<\/div>\n\t\t\t\t\t<\/div>\n\t\t\t\t<\/div>\n\t\t\t\t<\/div>\n\t\t\t\t<\/div>\n\t\t\t\t<\/div>\n\t\t","protected":false},"excerpt":{"rendered":"<p>Ac\u00fastica Ambiental Estudis predictius i avaluacions ac\u00fastiques Estudis ac\u00fastics i mapes de soroll, per a diferents \u00e0mbits i sectors (infraestructures de transport, instal\u00b7lacions industrials i energ\u00e8tiques, esdeveniments musicals), en base a mesuraments ac\u00fastics previs per a caracteritzaci\u00f3 de l&#8217;estat preoperacional, i posterior simulaci\u00f3 sonora, prescripci\u00f3 de mesures de millora i avaluaci\u00f3 de la seva efic\u00e0cia. [&hellip;]<\/p>\n","protected":false},"author":1,"featured_media":0,"parent":0,"menu_order":0,"comment_status":"closed","ping_status":"closed","template":"","meta":{"site-sidebar-layout":"no-sidebar","site-content-layout":"page-builder","ast-site-content-layout":"","site-content-style":"default","site-sidebar-style":"default","ast-global-header-display":"","ast-banner-title-visibility":"","ast-main-header-display":"","ast-hfb-above-header-display":"","ast-hfb-below-header-display":"","ast-hfb-mobile-header-display":"","site-post-title":"disabled","ast-breadcrumbs-content":"","ast-featured-img":"disabled","footer-sml-layout":"","theme-transparent-header-meta":"default","adv-header-id-meta":"","stick-header-meta":"default","header-above-stick-meta":"","header-main-stick-meta":"","header-below-stick-meta":"","astra-migrate-meta-layouts":"default","ast-page-background-enabled":"default","ast-page-background-meta":{"desktop":{"background-color":"","background-image":"","background-repeat":"repeat","background-position":"center center","background-size":"auto","background-attachment":"scroll","background-type":"","background-media":"","overlay-type":"","overlay-color":"","overlay-opacity":"","overlay-gradient":""},"tablet":{"background-color":"","background-image":"","background-repeat":"repeat","background-position":"center center","background-size":"auto","background-attachment":"scroll","background-type":"","background-media":"","overlay-type":"","overlay-color":"","overlay-opacity":"","overlay-gradient":""},"mobile":{"background-color":"","background-image":"","background-repeat":"repeat","background-position":"center center","background-size":"auto","background-attachment":"scroll","background-type":"","background-media":"","overlay-type":"","overlay-color":"","overlay-opacity":"","overlay-gradient":""}},"ast-content-background-meta":{"desktop":{"background-color":"var(--ast-global-color-5)","background-image":"","background-repeat":"repeat","background-position":"center center","background-size":"auto","background-attachment":"scroll","background-type":"","background-media":"","overlay-type":"","overlay-color":"","overlay-opacity":"","overlay-gradient":""},"tablet":{"background-color":"var(--ast-global-color-5)","background-image":"","background-repeat":"repeat","background-position":"center center","background-size":"auto","background-attachment":"scroll","background-type":"","background-media":"","overlay-type":"","overlay-color":"","overlay-opacity":"","overlay-gradient":""},"mobile":{"background-color":"var(--ast-global-color-5)","background-image":"","background-repeat":"repeat","background-position":"center center","background-size":"auto","background-attachment":"scroll","background-type":"","background-media":"","overlay-type":"","overlay-color":"","overlay-opacity":"","overlay-gradient":""}},"footnotes":""},"class_list":["post-3712","page","type-page","status-publish","hentry"],"yoast_head":"<!-- This site is optimized with the Yoast SEO plugin v26.4 - https:\/\/yoast.com\/wordpress\/plugins\/seo\/ -->\n<title>\u00c0rees de Treball - Ac\u00fastica Ambiental - Macustica<\/title>\n<meta name=\"robots\" content=\"index, follow, max-snippet:-1, max-image-preview:large, max-video-preview:-1\" \/>\n<link rel=\"canonical\" href=\"https:\/\/macustica.com\/ca\/arees-de-treball-acustica-ambiental\/\" \/>\n<meta property=\"og:locale\" content=\"ca_ES\" \/>\n<meta property=\"og:type\" content=\"article\" \/>\n<meta property=\"og:title\" content=\"\u00c0rees de Treball - Ac\u00fastica Ambiental - Macustica\" \/>\n<meta property=\"og:description\" content=\"Ac\u00fastica Ambiental Estudis predictius i avaluacions ac\u00fastiques Estudis ac\u00fastics i mapes de soroll, per a diferents \u00e0mbits i sectors (infraestructures de transport, instal\u00b7lacions industrials i energ\u00e8tiques, esdeveniments musicals), en base a mesuraments ac\u00fastics previs per a caracteritzaci\u00f3 de l&#8217;estat preoperacional, i posterior simulaci\u00f3 sonora, prescripci\u00f3 de mesures de millora i avaluaci\u00f3 de la seva efic\u00e0cia. [&hellip;]\" \/>\n<meta property=\"og:url\" content=\"https:\/\/macustica.com\/ca\/arees-de-treball-acustica-ambiental\/\" \/>\n<meta property=\"og:site_name\" content=\"Macustica\" \/>\n<meta property=\"article:publisher\" content=\"https:\/\/www.facebook.com\/macusticaingenieria\/?ref=bookmarks\" \/>\n<meta property=\"article:modified_time\" content=\"2023-08-04T21:16:31+00:00\" \/>\n<meta property=\"og:image\" content=\"https:\/\/macustica.com\/wp-content\/uploads\/2023\/07\/icono-acustica-ambiental-150x150.png\" \/>\n<meta name=\"twitter:card\" content=\"summary_large_image\" \/>\n<meta name=\"twitter:site\" content=\"@m_acustica\" \/>\n<meta name=\"twitter:label1\" content=\"Temps estimat de lectura\" \/>\n\t<meta name=\"twitter:data1\" content=\"1 minut\" \/>\n<script type=\"application\/ld+json\" class=\"yoast-schema-graph\">{\"@context\":\"https:\/\/schema.org\",\"@graph\":[{\"@type\":\"WebPage\",\"@id\":\"https:\/\/macustica.com\/ca\/arees-de-treball-acustica-ambiental\/\",\"url\":\"https:\/\/macustica.com\/ca\/arees-de-treball-acustica-ambiental\/\",\"name\":\"\u00c0rees de Treball - Ac\u00fastica Ambiental - Macustica\",\"isPartOf\":{\"@id\":\"https:\/\/macustica.com\/ca\/#website\"},\"primaryImageOfPage\":{\"@id\":\"https:\/\/macustica.com\/ca\/arees-de-treball-acustica-ambiental\/#primaryimage\"},\"image\":{\"@id\":\"https:\/\/macustica.com\/ca\/arees-de-treball-acustica-ambiental\/#primaryimage\"},\"thumbnailUrl\":\"https:\/\/macustica.com\/wp-content\/uploads\/2023\/07\/icono-acustica-ambiental-150x150.png\",\"datePublished\":\"2023-07-30T15:44:47+00:00\",\"dateModified\":\"2023-08-04T21:16:31+00:00\",\"breadcrumb\":{\"@id\":\"https:\/\/macustica.com\/ca\/arees-de-treball-acustica-ambiental\/#breadcrumb\"},\"inLanguage\":\"ca\",\"potentialAction\":[{\"@type\":\"ReadAction\",\"target\":[\"https:\/\/macustica.com\/ca\/arees-de-treball-acustica-ambiental\/\"]}]},{\"@type\":\"ImageObject\",\"inLanguage\":\"ca\",\"@id\":\"https:\/\/macustica.com\/ca\/arees-de-treball-acustica-ambiental\/#primaryimage\",\"url\":\"https:\/\/macustica.com\/wp-content\/uploads\/2023\/07\/icono-acustica-ambiental-150x150.png\",\"contentUrl\":\"https:\/\/macustica.com\/wp-content\/uploads\/2023\/07\/icono-acustica-ambiental-150x150.png\"},{\"@type\":\"BreadcrumbList\",\"@id\":\"https:\/\/macustica.com\/ca\/arees-de-treball-acustica-ambiental\/#breadcrumb\",\"itemListElement\":[{\"@type\":\"ListItem\",\"position\":1,\"name\":\"Portada\",\"item\":\"https:\/\/macustica.com\/ca\/inici\/\"},{\"@type\":\"ListItem\",\"position\":2,\"name\":\"\u00c0rees de Treball &#8211; Ac\u00fastica Ambiental\"}]},{\"@type\":\"WebSite\",\"@id\":\"https:\/\/macustica.com\/ca\/#website\",\"url\":\"https:\/\/macustica.com\/ca\/\",\"name\":\"Macustica\",\"description\":\"\",\"publisher\":{\"@id\":\"https:\/\/macustica.com\/ca\/#organization\"},\"potentialAction\":[{\"@type\":\"SearchAction\",\"target\":{\"@type\":\"EntryPoint\",\"urlTemplate\":\"https:\/\/macustica.com\/ca\/?s={search_term_string}\"},\"query-input\":{\"@type\":\"PropertyValueSpecification\",\"valueRequired\":true,\"valueName\":\"search_term_string\"}}],\"inLanguage\":\"ca\"},{\"@type\":\"Organization\",\"@id\":\"https:\/\/macustica.com\/ca\/#organization\",\"name\":\"Mac\u00fastica\",\"alternateName\":\"Mac\u00fastica\",\"url\":\"https:\/\/macustica.com\/ca\/\",\"logo\":{\"@type\":\"ImageObject\",\"inLanguage\":\"ca\",\"@id\":\"https:\/\/macustica.com\/ca\/#\/schema\/logo\/image\/\",\"url\":\"https:\/\/macustica.com\/wp-content\/uploads\/2023\/03\/logo-macustica.png\",\"contentUrl\":\"https:\/\/macustica.com\/wp-content\/uploads\/2023\/03\/logo-macustica.png\",\"width\":300,\"height\":85,\"caption\":\"Mac\u00fastica\"},\"image\":{\"@id\":\"https:\/\/macustica.com\/ca\/#\/schema\/logo\/image\/\"},\"sameAs\":[\"https:\/\/www.facebook.com\/macusticaingenieria\/?ref=bookmarks\",\"https:\/\/x.com\/m_acustica\",\"https:\/\/www.instagram.com\/macustica\/\",\"https:\/\/www.linkedin.com\/company\/15081962?trk=tyah&trkInfo=clickedVerticalcompanyclickedEntityId15081962idx1-1-1tarId1472140082122tasmacustica\"]}]}<\/script>\n<!-- \/ Yoast SEO plugin. -->","yoast_head_json":{"title":"\u00c0rees de Treball - Ac\u00fastica Ambiental - Macustica","robots":{"index":"index","follow":"follow","max-snippet":"max-snippet:-1","max-image-preview":"max-image-preview:large","max-video-preview":"max-video-preview:-1"},"canonical":"https:\/\/macustica.com\/ca\/arees-de-treball-acustica-ambiental\/","og_locale":"ca_ES","og_type":"article","og_title":"\u00c0rees de Treball - Ac\u00fastica Ambiental - Macustica","og_description":"Ac\u00fastica Ambiental Estudis predictius i avaluacions ac\u00fastiques Estudis ac\u00fastics i mapes de soroll, per a diferents \u00e0mbits i sectors (infraestructures de transport, instal\u00b7lacions industrials i energ\u00e8tiques, esdeveniments musicals), en base a mesuraments ac\u00fastics previs per a caracteritzaci\u00f3 de l&#8217;estat preoperacional, i posterior simulaci\u00f3 sonora, prescripci\u00f3 de mesures de millora i avaluaci\u00f3 de la seva efic\u00e0cia. [&hellip;]","og_url":"https:\/\/macustica.com\/ca\/arees-de-treball-acustica-ambiental\/","og_site_name":"Macustica","article_publisher":"https:\/\/www.facebook.com\/macusticaingenieria\/?ref=bookmarks","article_modified_time":"2023-08-04T21:16:31+00:00","og_image":[{"url":"https:\/\/macustica.com\/wp-content\/uploads\/2023\/07\/icono-acustica-ambiental-150x150.png","type":"","width":"","height":""}],"twitter_card":"summary_large_image","twitter_site":"@m_acustica","twitter_misc":{"Temps estimat de lectura":"1 minut"},"schema":{"@context":"https:\/\/schema.org","@graph":[{"@type":"WebPage","@id":"https:\/\/macustica.com\/ca\/arees-de-treball-acustica-ambiental\/","url":"https:\/\/macustica.com\/ca\/arees-de-treball-acustica-ambiental\/","name":"\u00c0rees de Treball - Ac\u00fastica Ambiental - Macustica","isPartOf":{"@id":"https:\/\/macustica.com\/ca\/#website"},"primaryImageOfPage":{"@id":"https:\/\/macustica.com\/ca\/arees-de-treball-acustica-ambiental\/#primaryimage"},"image":{"@id":"https:\/\/macustica.com\/ca\/arees-de-treball-acustica-ambiental\/#primaryimage"},"thumbnailUrl":"https:\/\/macustica.com\/wp-content\/uploads\/2023\/07\/icono-acustica-ambiental-150x150.png","datePublished":"2023-07-30T15:44:47+00:00","dateModified":"2023-08-04T21:16:31+00:00","breadcrumb":{"@id":"https:\/\/macustica.com\/ca\/arees-de-treball-acustica-ambiental\/#breadcrumb"},"inLanguage":"ca","potentialAction":[{"@type":"ReadAction","target":["https:\/\/macustica.com\/ca\/arees-de-treball-acustica-ambiental\/"]}]},{"@type":"ImageObject","inLanguage":"ca","@id":"https:\/\/macustica.com\/ca\/arees-de-treball-acustica-ambiental\/#primaryimage","url":"https:\/\/macustica.com\/wp-content\/uploads\/2023\/07\/icono-acustica-ambiental-150x150.png","contentUrl":"https:\/\/macustica.com\/wp-content\/uploads\/2023\/07\/icono-acustica-ambiental-150x150.png"},{"@type":"BreadcrumbList","@id":"https:\/\/macustica.com\/ca\/arees-de-treball-acustica-ambiental\/#breadcrumb","itemListElement":[{"@type":"ListItem","position":1,"name":"Portada","item":"https:\/\/macustica.com\/ca\/inici\/"},{"@type":"ListItem","position":2,"name":"\u00c0rees de Treball &#8211; Ac\u00fastica Ambiental"}]},{"@type":"WebSite","@id":"https:\/\/macustica.com\/ca\/#website","url":"https:\/\/macustica.com\/ca\/","name":"Macustica","description":"","publisher":{"@id":"https:\/\/macustica.com\/ca\/#organization"},"potentialAction":[{"@type":"SearchAction","target":{"@type":"EntryPoint","urlTemplate":"https:\/\/macustica.com\/ca\/?s={search_term_string}"},"query-input":{"@type":"PropertyValueSpecification","valueRequired":true,"valueName":"search_term_string"}}],"inLanguage":"ca"},{"@type":"Organization","@id":"https:\/\/macustica.com\/ca\/#organization","name":"Mac\u00fastica","alternateName":"Mac\u00fastica","url":"https:\/\/macustica.com\/ca\/","logo":{"@type":"ImageObject","inLanguage":"ca","@id":"https:\/\/macustica.com\/ca\/#\/schema\/logo\/image\/","url":"https:\/\/macustica.com\/wp-content\/uploads\/2023\/03\/logo-macustica.png","contentUrl":"https:\/\/macustica.com\/wp-content\/uploads\/2023\/03\/logo-macustica.png","width":300,"height":85,"caption":"Mac\u00fastica"},"image":{"@id":"https:\/\/macustica.com\/ca\/#\/schema\/logo\/image\/"},"sameAs":["https:\/\/www.facebook.com\/macusticaingenieria\/?ref=bookmarks","https:\/\/x.com\/m_acustica","https:\/\/www.instagram.com\/macustica\/","https:\/\/www.linkedin.com\/company\/15081962?trk=tyah&trkInfo=clickedVerticalcompanyclickedEntityId15081962idx1-1-1tarId1472140082122tasmacustica"]}]}},"_links":{"self":[{"href":"https:\/\/macustica.com\/ca\/wp-json\/wp\/v2\/pages\/3712","targetHints":{"allow":["GET"]}}],"collection":[{"href":"https:\/\/macustica.com\/ca\/wp-json\/wp\/v2\/pages"}],"about":[{"href":"https:\/\/macustica.com\/ca\/wp-json\/wp\/v2\/types\/page"}],"author":[{"embeddable":true,"href":"https:\/\/macustica.com\/ca\/wp-json\/wp\/v2\/users\/1"}],"replies":[{"embeddable":true,"href":"https:\/\/macustica.com\/ca\/wp-json\/wp\/v2\/comments?post=3712"}],"version-history":[{"count":0,"href":"https:\/\/macustica.com\/ca\/wp-json\/wp\/v2\/pages\/3712\/revisions"}],"wp:attachment":[{"href":"https:\/\/macustica.com\/ca\/wp-json\/wp\/v2\/media?parent=3712"}],"curies":[{"name":"wp","href":"https:\/\/api.w.org\/{rel}","templated":true}]}}