{"id":3700,"date":"2020-05-07T07:12:42","date_gmt":"2020-05-07T05:12:42","guid":{"rendered":"https:\/\/macustica.com\/contacte\/"},"modified":"2023-08-04T22:42:22","modified_gmt":"2023-08-04T20:42:22","slug":"contacte","status":"publish","type":"page","link":"https:\/\/macustica.com\/ca\/contacte\/","title":{"rendered":"Contacte"},"content":{"rendered":"\t\t<div data-elementor-type=\"wp-page\" data-elementor-id=\"3700\" class=\"elementor elementor-3700 elementor-183\" data-elementor-post-type=\"page\">\n\t\t\t\t<div class=\"elementor-element elementor-element-61ec780 e-con-full e-flex e-con e-parent\" data-id=\"61ec780\" data-element_type=\"container\">\n\t\t\t\t<div class=\"elementor-element elementor-element-7296db7 elementor-widget elementor-widget-image\" data-id=\"7296db7\" data-element_type=\"widget\" data-widget_type=\"image.default\">\n\t\t\t\t<div class=\"elementor-widget-container\">\n\t\t\t\t\t\t\t\t\t\t\t\t\t\t\t<img fetchpriority=\"high\" decoding=\"async\" width=\"1920\" height=\"500\" src=\"https:\/\/macustica.com\/wp-content\/uploads\/2023\/07\/contacta-con-nosotros.jpg\" class=\"attachment-full size-full wp-image-3257\" alt=\"\" srcset=\"https:\/\/macustica.com\/wp-content\/uploads\/2023\/07\/contacta-con-nosotros.jpg 1920w, https:\/\/macustica.com\/wp-content\/uploads\/2023\/07\/contacta-con-nosotros-300x78.jpg 300w, https:\/\/macustica.com\/wp-content\/uploads\/2023\/07\/contacta-con-nosotros-1024x267.jpg 1024w, https:\/\/macustica.com\/wp-content\/uploads\/2023\/07\/contacta-con-nosotros-768x200.jpg 768w, https:\/\/macustica.com\/wp-content\/uploads\/2023\/07\/contacta-con-nosotros-1536x400.jpg 1536w\" sizes=\"(max-width: 1920px) 100vw, 1920px\" \/>\t\t\t\t\t\t\t\t\t\t\t\t\t\t\t<\/div>\n\t\t\t\t<\/div>\n\t\t\t\t<\/div>\n\t\t<div class=\"elementor-element elementor-element-556f92d e-flex e-con-boxed e-con e-parent\" data-id=\"556f92d\" data-element_type=\"container\">\n\t\t\t\t\t<div class=\"e-con-inner\">\n\t\t<div class=\"elementor-element elementor-element-9832c2d e-con-full e-flex e-con e-child\" data-id=\"9832c2d\" data-element_type=\"container\">\n\t\t\t\t<div class=\"elementor-element elementor-element-0fe877b elementor-widget elementor-widget-heading\" data-id=\"0fe877b\" data-element_type=\"widget\" data-widget_type=\"heading.default\">\n\t\t\t\t<div class=\"elementor-widget-container\">\n\t\t\t\t\t<h1 class=\"elementor-heading-title elementor-size-default\">Contacta amb nosaltres<\/h1>\t\t\t\t<\/div>\n\t\t\t\t<\/div>\n\t\t\t\t<div class=\"elementor-element elementor-element-131e6fd elementor-widget elementor-widget-text-editor\" data-id=\"131e6fd\" data-element_type=\"widget\" data-widget_type=\"text-editor.default\">\n\t\t\t\t<div class=\"elementor-widget-container\">\n\t\t\t\t\t\t\t\t\t<p>Pots posar-te en contacte amb nosaltres a trav\u00e9s del nostre tel\u00e8fon, per Whatsapp o emplenant el seg\u00fcent formulari. Estarem encantats d&#8217;atendre&#8217;t!<\/p>\n\t\t\t\t\t\t\t\t<\/div>\n\t\t\t\t<\/div>\n\t\t\t\t<div class=\"elementor-element elementor-element-db5ddd9 elementor-widget elementor-widget-shortcode\" data-id=\"db5ddd9\" data-element_type=\"widget\" data-widget_type=\"shortcode.default\">\n\t\t\t\t<div class=\"elementor-widget-container\">\n\t\t\t\t\t\t\t<div class=\"elementor-shortcode\">\n<div class=\"wpcf7 no-js\" id=\"wpcf7-f3972-o1\" lang=\"ca\" dir=\"ltr\" data-wpcf7-id=\"3972\">\n<div class=\"screen-reader-response\"><p role=\"status\" aria-live=\"polite\" aria-atomic=\"true\"><\/p> <ul><\/ul><\/div>\n<form action=\"\/ca\/wp-json\/wp\/v2\/pages\/3700#wpcf7-f3972-o1\" method=\"post\" class=\"wpcf7-form init\" aria-label=\"Formulari de contacte\" novalidate=\"novalidate\" data-status=\"init\">\n<fieldset class=\"hidden-fields-container\"><input type=\"hidden\" name=\"_wpcf7\" value=\"3972\" \/><input type=\"hidden\" name=\"_wpcf7_version\" value=\"6.1.3\" \/><input type=\"hidden\" name=\"_wpcf7_locale\" value=\"ca\" \/><input type=\"hidden\" name=\"_wpcf7_unit_tag\" value=\"wpcf7-f3972-o1\" \/><input type=\"hidden\" name=\"_wpcf7_container_post\" value=\"0\" \/><input type=\"hidden\" name=\"_wpcf7_posted_data_hash\" value=\"\" \/><input type=\"hidden\" name=\"_wpcf7_recaptcha_response\" value=\"\" \/>\n<\/fieldset>\n<div class=\"formulario\">\n\t<div class=\"fila1\">\n\t\t<div class=\"campo\">\n\t\t\t<div class=\"texto\">\n\t\t\t\t<p>Nom *\n\t\t\t\t<\/p>\n\t\t\t<\/div>\n\t\t\t<div class=\"input\">\n\t\t\t\t<p><span class=\"wpcf7-form-control-wrap\" data-name=\"tunombre\"><input size=\"40\" maxlength=\"400\" class=\"wpcf7-form-control wpcf7-text wpcf7-validates-as-required\" aria-required=\"true\" aria-invalid=\"false\" placeholder=\"El teu nom (obligatori)\" value=\"\" type=\"text\" name=\"tunombre\" \/><\/span>\n\t\t\t\t<\/p>\n\t\t\t<\/div>\n\t\t<\/div>\n\t<\/div>\n\t<div class=\"fila1\">\n\t\t<div class=\"campo\">\n\t\t\t<div class=\"texto\">\n\t\t\t\t<p>Email *\n\t\t\t\t<\/p>\n\t\t\t<\/div>\n\t\t\t<div class=\"input\">\n\t\t\t\t<p><span class=\"wpcf7-form-control-wrap\" data-name=\"tuemail\"><input size=\"40\" maxlength=\"400\" class=\"wpcf7-form-control wpcf7-email wpcf7-validates-as-required wpcf7-text wpcf7-validates-as-email\" aria-required=\"true\" aria-invalid=\"false\" placeholder=\"El teu Email (obligatori)\" value=\"\" type=\"email\" name=\"tuemail\" \/><\/span>\n\t\t\t\t<\/p>\n\t\t\t<\/div>\n\t\t<\/div>\n\t<\/div>\n\t<div class=\"fila1\">\n\t\t<div class=\"campo\">\n\t\t\t<div class=\"texto\">\n\t\t\t\t<p>Tel\u00e8fon *\n\t\t\t\t<\/p>\n\t\t\t<\/div>\n\t\t\t<div class=\"input\">\n\t\t\t\t<p><span class=\"wpcf7-form-control-wrap\" data-name=\"tutelefono\"><input size=\"40\" maxlength=\"400\" class=\"wpcf7-form-control wpcf7-tel wpcf7-validates-as-required wpcf7-text wpcf7-validates-as-tel\" aria-required=\"true\" aria-invalid=\"false\" placeholder=\"El teu tel\u00e8fon (obligatori)\" value=\"\" type=\"tel\" name=\"tutelefono\" \/><\/span>\n\t\t\t\t<\/p>\n\t\t\t<\/div>\n\t\t<\/div>\n\t<\/div>\n\t<div class=\"fila1\">\n\t\t<div class=\"campo\">\n\t\t\t<div class=\"texto\">\n\t\t\t\t<p>Assumpte *\n\t\t\t\t<\/p>\n\t\t\t<\/div>\n\t\t\t<div class=\"input\">\n\t\t\t\t<p><span class=\"wpcf7-form-control-wrap\" data-name=\"asunto\"><input size=\"40\" maxlength=\"400\" class=\"wpcf7-form-control wpcf7-text wpcf7-validates-as-required\" aria-required=\"true\" aria-invalid=\"false\" placeholder=\"Assumpte de la teva consulta (obligatori)\" value=\"\" type=\"text\" name=\"asunto\" \/><\/span>\n\t\t\t\t<\/p>\n\t\t\t<\/div>\n\t\t<\/div>\n\t<\/div>\n\t<div class=\"fila1\">\n\t\t<div class=\"campo\">\n\t\t\t<div class=\"texto\">\n\t\t\t\t<p>Missatge *\n\t\t\t\t<\/p>\n\t\t\t<\/div>\n\t\t\t<div class=\"input\">\n\t\t\t\t<p><span class=\"wpcf7-form-control-wrap\" data-name=\"tumensaje\"><textarea cols=\"40\" rows=\"10\" maxlength=\"2000\" class=\"wpcf7-form-control wpcf7-textarea wpcf7-validates-as-required\" aria-required=\"true\" aria-invalid=\"false\" placeholder=\"Deixa&#039;ns el teu missatge (obligatori)\" name=\"tumensaje\"><\/textarea><\/span>\n\t\t\t\t<\/p>\n\t\t\t<\/div>\n\t\t<\/div>\n\t<\/div>\n\t<div class=\"fila1\">\n\t\t<div class=\"rgpd\">\n\t\t\t<p><span class=\"wpcf7-form-control-wrap\" data-name=\"rgpd\"><span class=\"wpcf7-form-control wpcf7-acceptance\"><span class=\"wpcf7-list-item\"><label><input type=\"checkbox\" name=\"rgpd\" value=\"1\" aria-invalid=\"false\" \/><span class=\"wpcf7-list-item-label\">He llegit i accepto la Pol\u00edtica de privadesa<\/span><\/label><\/span><\/span><\/span>\n\t\t\t<\/p>\n\t\t<\/div>\n\t<\/div>\n\t<div class=\"fila1\">\n\t\t<div class=\"google\">\n\t\t\t<p>Aquest lloc est\u00e0 protegit per reCAPTCHA i s'apliquen la <a href=\"https:\/\/policies.google.com\/privacy\" target=\"_blank\">Pol\u00edtica de privadesa<\/a> i els <a href=\"https:\/\/policies.google.com\/terms\" target=\"_blank\">Termes de servei<\/a> de Google.\n\t\t\t<\/p>\n\t\t<\/div>\n\t<\/div>\n\t<div class=\"fila1\">\n\t\t<div class=\"enviar\">\n\t\t\t<p><input class=\"wpcf7-form-control wpcf7-submit has-spinner\" type=\"submit\" value=\"Enviar mensaje\" \/>\n\t\t\t<\/p>\n\t\t<\/div>\n\t<\/div>\n<\/div><p style=\"display: none !important;\" class=\"akismet-fields-container\" data-prefix=\"_wpcf7_ak_\"><label>&#916;<textarea name=\"_wpcf7_ak_hp_textarea\" cols=\"45\" rows=\"8\" maxlength=\"100\"><\/textarea><\/label><input type=\"hidden\" id=\"ak_js_1\" name=\"_wpcf7_ak_js\" value=\"198\"\/><script>document.getElementById( \"ak_js_1\" ).setAttribute( \"value\", ( new Date() ).getTime() );<\/script><\/p><div class=\"wpcf7-response-output\" aria-hidden=\"true\"><\/div>\n<\/form>\n<\/div>\n<\/div>\n\t\t\t\t\t\t<\/div>\n\t\t\t\t<\/div>\n\t\t\t\t<\/div>\n\t\t<div class=\"elementor-element elementor-element-eefecb8 e-con-full e-flex e-con e-child\" data-id=\"eefecb8\" data-element_type=\"container\">\n\t\t\t\t<div class=\"elementor-element elementor-element-05f3bfb elementor-widget-divider--view-line elementor-widget elementor-widget-divider\" data-id=\"05f3bfb\" data-element_type=\"widget\" data-widget_type=\"divider.default\">\n\t\t\t\t<div class=\"elementor-widget-container\">\n\t\t\t\t\t\t\t<div class=\"elementor-divider\">\n\t\t\t<span class=\"elementor-divider-separator\">\n\t\t\t\t\t\t<\/span>\n\t\t<\/div>\n\t\t\t\t\t\t<\/div>\n\t\t\t\t<\/div>\n\t\t\t\t<div class=\"elementor-element elementor-element-02f141a elementor-widget elementor-widget-heading\" data-id=\"02f141a\" data-element_type=\"widget\" data-widget_type=\"heading.default\">\n\t\t\t\t<div class=\"elementor-widget-container\">\n\t\t\t\t\t<h5 class=\"elementor-heading-title elementor-size-default\">Informaci\u00f3<\/h5>\t\t\t\t<\/div>\n\t\t\t\t<\/div>\n\t\t\t\t<div class=\"elementor-element elementor-element-e2b327f elementor-icon-list--layout-traditional elementor-list-item-link-full_width elementor-widget elementor-widget-icon-list\" data-id=\"e2b327f\" data-element_type=\"widget\" data-widget_type=\"icon-list.default\">\n\t\t\t\t<div class=\"elementor-widget-container\">\n\t\t\t\t\t\t\t<ul class=\"elementor-icon-list-items\">\n\t\t\t\t\t\t\t<li class=\"elementor-icon-list-item\">\n\t\t\t\t\t\t\t\t\t\t\t<a href=\"tel:0034692319767\">\n\n\t\t\t\t\t\t\t\t\t\t\t\t<span class=\"elementor-icon-list-icon\">\n\t\t\t\t\t\t\t<i aria-hidden=\"true\" class=\"fas fa-phone-alt\"><\/i>\t\t\t\t\t\t<\/span>\n\t\t\t\t\t\t\t\t\t\t<span class=\"elementor-icon-list-text\">     692 31 97 67<\/span>\n\t\t\t\t\t\t\t\t\t\t\t<\/a>\n\t\t\t\t\t\t\t\t\t<\/li>\n\t\t\t\t\t\t\t\t<li class=\"elementor-icon-list-item\">\n\t\t\t\t\t\t\t\t\t\t\t<a href=\"mailto:info@macustica.com\">\n\n\t\t\t\t\t\t\t\t\t\t\t\t<span class=\"elementor-icon-list-icon\">\n\t\t\t\t\t\t\t<i aria-hidden=\"true\" class=\"far fa-envelope\"><\/i>\t\t\t\t\t\t<\/span>\n\t\t\t\t\t\t\t\t\t\t<span class=\"elementor-icon-list-text\">info@macustica.com<\/span>\n\t\t\t\t\t\t\t\t\t\t\t<\/a>\n\t\t\t\t\t\t\t\t\t<\/li>\n\t\t\t\t\t\t\t\t<li class=\"elementor-icon-list-item\">\n\t\t\t\t\t\t\t\t\t\t\t<a href=\"https:\/\/www.google.com\/maps\/place\/Mac%C3%BAstica+Ingenier%C3%ADa\/@39.716846,2.906579,16z\/data=!4m6!3m5!1s0x1297c5cf48879035:0xaf9677921bcfb6f6!8m2!3d39.7168461!4d2.9065794!16s%2Fg%2F11c59n1pcs?hl=es-ES&#038;entry=ttu\" target=\"_blank\">\n\n\t\t\t\t\t\t\t\t\t\t\t\t<span class=\"elementor-icon-list-icon\">\n\t\t\t\t\t\t\t<i aria-hidden=\"true\" class=\"fas fa-map-marker-alt\"><\/i>\t\t\t\t\t\t<\/span>\n\t\t\t\t\t\t\t\t\t\t<span class=\"elementor-icon-list-text\">BALEARES: C\/ Novelista P\u00e9rez Gald\u00f3s 3, 07300, Inca \u2013 Baleares<\/span>\n\t\t\t\t\t\t\t\t\t\t\t<\/a>\n\t\t\t\t\t\t\t\t\t<\/li>\n\t\t\t\t\t\t\t\t<li class=\"elementor-icon-list-item\">\n\t\t\t\t\t\t\t\t\t\t\t<a href=\"https:\/\/www.google.com\/maps\/place\/C.+Huerto,+2,+23760+Arjona,+Ja%C3%A9n,+Espa%C3%B1a\/@37.935945,-4.057682,16z\/data=!4m6!3m5!1s0xd6c356f15fbf963:0xd97fbd4df39c6cd!8m2!3d37.9359448!4d-4.0576816!16s%2Fg%2F11c2d40wbc?hl=es-ES&#038;entry=ttu\" target=\"_blank\">\n\n\t\t\t\t\t\t\t\t\t\t\t\t<span class=\"elementor-icon-list-icon\">\n\t\t\t\t\t\t\t<i aria-hidden=\"true\" class=\"fas fa-map-marker-alt\"><\/i>\t\t\t\t\t\t<\/span>\n\t\t\t\t\t\t\t\t\t\t<span class=\"elementor-icon-list-text\">ANDALUC\u00cdA: C\/ Huerto 2, 23760, Arjona, Ja\u00e9n<\/span>\n\t\t\t\t\t\t\t\t\t\t\t<\/a>\n\t\t\t\t\t\t\t\t\t<\/li>\n\t\t\t\t\t\t<\/ul>\n\t\t\t\t\t\t<\/div>\n\t\t\t\t<\/div>\n\t\t\t\t<div class=\"elementor-element elementor-element-1dad584 elementor-widget elementor-widget-html\" data-id=\"1dad584\" data-element_type=\"widget\" data-widget_type=\"html.default\">\n\t\t\t\t<div class=\"elementor-widget-container\">\n\t\t\t\t\t<iframe src=\"https:\/\/www.google.com\/maps\/embed?pb=!1m14!1m8!1m3!1d6138.02996512312!2d2.906579!3d39.716846!3m2!1i1024!2i768!4f13.1!3m3!1m2!1s0x1297c5cf48879035%3A0xaf9677921bcfb6f6!2sMac%C3%BAstica%20Ingenier%C3%ADa!5e0!3m2!1ses!2sus!4v1690803879381!5m2!1ses!2sus\" width=\"100%\" height=\"250\" style=\"border:0;\" allowfullscreen=\"\" loading=\"lazy\" referrerpolicy=\"no-referrer-when-downgrade\"><\/iframe>\t\t\t\t<\/div>\n\t\t\t\t<\/div>\n\t\t\t\t<div class=\"elementor-element elementor-element-74f8b9b elementor-widget elementor-widget-html\" data-id=\"74f8b9b\" data-element_type=\"widget\" data-widget_type=\"html.default\">\n\t\t\t\t<div class=\"elementor-widget-container\">\n\t\t\t\t\t<iframe src=\"https:\/\/www.google.com\/maps\/embed?pb=!1m14!1m8!1m3!1d6293.527867775218!2d-4.057682!3d37.935945!3m2!1i1024!2i768!4f13.1!3m3!1m2!1s0xd6c356f15fbf963%3A0xd97fbd4df39c6cd!2zQy4gSHVlcnRvLCAyLCAyMzc2MCBBcmpvbmEsIEphw6luLCBFc3Bhw7Fh!5e0!3m2!1ses!2sus!4v1690803925088!5m2!1ses!2sus\" width=\"100%\" height=\"250\" style=\"border:0;\" allowfullscreen=\"\" loading=\"lazy\" referrerpolicy=\"no-referrer-when-downgrade\"><\/iframe>\t\t\t\t<\/div>\n\t\t\t\t<\/div>\n\t\t\t\t<\/div>\n\t\t\t\t\t<\/div>\n\t\t\t\t<\/div>\n\t\t\t\t<\/div>\n\t\t","protected":false},"excerpt":{"rendered":"<p>Contacta amb nosaltres Pots posar-te en contacte amb nosaltres a trav\u00e9s del nostre tel\u00e8fon, per Whatsapp o emplenant el seg\u00fcent formulari. Estarem encantats d&#8217;atendre&#8217;t! Informaci\u00f3 692 31 97 67 info@macustica.com BALEARES: C\/ Novelista P\u00e9rez Gald\u00f3s 3, 07300, Inca \u2013 Baleares ANDALUC\u00cdA: C\/ Huerto 2, 23760, Arjona, Ja\u00e9n<\/p>\n","protected":false},"author":1,"featured_media":0,"parent":0,"menu_order":0,"comment_status":"closed","ping_status":"closed","template":"","meta":{"site-sidebar-layout":"no-sidebar","site-content-layout":"page-builder","ast-site-content-layout":"","site-content-style":"default","site-sidebar-style":"default","ast-global-header-display":"","ast-banner-title-visibility":"","ast-main-header-display":"","ast-hfb-above-header-display":"","ast-hfb-below-header-display":"","ast-hfb-mobile-header-display":"","site-post-title":"disabled","ast-breadcrumbs-content":"disabled","ast-featured-img":"disabled","footer-sml-layout":"","theme-transparent-header-meta":"enabled","adv-header-id-meta":"","stick-header-meta":"default","header-above-stick-meta":"","header-main-stick-meta":"","header-below-stick-meta":"","astra-migrate-meta-layouts":"default","ast-page-background-enabled":"default","ast-page-background-meta":{"desktop":{"background-color":"","background-image":"","background-repeat":"repeat","background-position":"center center","background-size":"auto","background-attachment":"scroll","background-type":"","background-media":"","overlay-type":"","overlay-color":"","overlay-opacity":"","overlay-gradient":""},"tablet":{"background-color":"","background-image":"","background-repeat":"repeat","background-position":"center center","background-size":"auto","background-attachment":"scroll","background-type":"","background-media":"","overlay-type":"","overlay-color":"","overlay-opacity":"","overlay-gradient":""},"mobile":{"background-color":"","background-image":"","background-repeat":"repeat","background-position":"center center","background-size":"auto","background-attachment":"scroll","background-type":"","background-media":"","overlay-type":"","overlay-color":"","overlay-opacity":"","overlay-gradient":""}},"ast-content-background-meta":{"desktop":{"background-color":"var(--ast-global-color-5)","background-image":"","background-repeat":"repeat","background-position":"center center","background-size":"auto","background-attachment":"scroll","background-type":"","background-media":"","overlay-type":"","overlay-color":"","overlay-opacity":"","overlay-gradient":""},"tablet":{"background-color":"var(--ast-global-color-5)","background-image":"","background-repeat":"repeat","background-position":"center center","background-size":"auto","background-attachment":"scroll","background-type":"","background-media":"","overlay-type":"","overlay-color":"","overlay-opacity":"","overlay-gradient":""},"mobile":{"background-color":"var(--ast-global-color-5)","background-image":"","background-repeat":"repeat","background-position":"center center","background-size":"auto","background-attachment":"scroll","background-type":"","background-media":"","overlay-type":"","overlay-color":"","overlay-opacity":"","overlay-gradient":""}},"footnotes":""},"class_list":["post-3700","page","type-page","status-publish","hentry"],"yoast_head":"<!-- This site is optimized with the Yoast SEO plugin v26.4 - https:\/\/yoast.com\/wordpress\/plugins\/seo\/ -->\n<title>Contacte - Macustica<\/title>\n<meta name=\"robots\" content=\"index, follow, max-snippet:-1, max-image-preview:large, max-video-preview:-1\" \/>\n<link rel=\"canonical\" href=\"https:\/\/macustica.com\/ca\/contacte\/\" \/>\n<meta property=\"og:locale\" content=\"ca_ES\" \/>\n<meta property=\"og:type\" content=\"article\" \/>\n<meta property=\"og:title\" content=\"Contacte - Macustica\" \/>\n<meta property=\"og:description\" content=\"Contacta amb nosaltres Pots posar-te en contacte amb nosaltres a trav\u00e9s del nostre tel\u00e8fon, per Whatsapp o emplenant el seg\u00fcent formulari. Estarem encantats d&#8217;atendre&#8217;t! Informaci\u00f3 692 31 97 67 info@macustica.com BALEARES: C\/ Novelista P\u00e9rez Gald\u00f3s 3, 07300, Inca \u2013 Baleares ANDALUC\u00cdA: C\/ Huerto 2, 23760, Arjona, Ja\u00e9n\" \/>\n<meta property=\"og:url\" content=\"https:\/\/macustica.com\/ca\/contacte\/\" \/>\n<meta property=\"og:site_name\" content=\"Macustica\" \/>\n<meta property=\"article:publisher\" content=\"https:\/\/www.facebook.com\/macusticaingenieria\/?ref=bookmarks\" \/>\n<meta property=\"article:modified_time\" content=\"2023-08-04T20:42:22+00:00\" \/>\n<meta property=\"og:image\" content=\"https:\/\/macustica.com\/wp-content\/uploads\/2023\/07\/contacta-con-nosotros.jpg\" \/>\n<meta name=\"twitter:card\" content=\"summary_large_image\" \/>\n<meta name=\"twitter:site\" content=\"@m_acustica\" \/>\n<script type=\"application\/ld+json\" class=\"yoast-schema-graph\">{\"@context\":\"https:\/\/schema.org\",\"@graph\":[{\"@type\":\"WebPage\",\"@id\":\"https:\/\/macustica.com\/ca\/contacte\/\",\"url\":\"https:\/\/macustica.com\/ca\/contacte\/\",\"name\":\"Contacte - Macustica\",\"isPartOf\":{\"@id\":\"https:\/\/macustica.com\/ca\/#website\"},\"primaryImageOfPage\":{\"@id\":\"https:\/\/macustica.com\/ca\/contacte\/#primaryimage\"},\"image\":{\"@id\":\"https:\/\/macustica.com\/ca\/contacte\/#primaryimage\"},\"thumbnailUrl\":\"https:\/\/macustica.com\/wp-content\/uploads\/2023\/07\/contacta-con-nosotros.jpg\",\"datePublished\":\"2020-05-07T05:12:42+00:00\",\"dateModified\":\"2023-08-04T20:42:22+00:00\",\"breadcrumb\":{\"@id\":\"https:\/\/macustica.com\/ca\/contacte\/#breadcrumb\"},\"inLanguage\":\"ca\",\"potentialAction\":[{\"@type\":\"ReadAction\",\"target\":[\"https:\/\/macustica.com\/ca\/contacte\/\"]}]},{\"@type\":\"ImageObject\",\"inLanguage\":\"ca\",\"@id\":\"https:\/\/macustica.com\/ca\/contacte\/#primaryimage\",\"url\":\"https:\/\/macustica.com\/wp-content\/uploads\/2023\/07\/contacta-con-nosotros.jpg\",\"contentUrl\":\"https:\/\/macustica.com\/wp-content\/uploads\/2023\/07\/contacta-con-nosotros.jpg\"},{\"@type\":\"BreadcrumbList\",\"@id\":\"https:\/\/macustica.com\/ca\/contacte\/#breadcrumb\",\"itemListElement\":[{\"@type\":\"ListItem\",\"position\":1,\"name\":\"Portada\",\"item\":\"https:\/\/macustica.com\/ca\/inici\/\"},{\"@type\":\"ListItem\",\"position\":2,\"name\":\"Contacte\"}]},{\"@type\":\"WebSite\",\"@id\":\"https:\/\/macustica.com\/ca\/#website\",\"url\":\"https:\/\/macustica.com\/ca\/\",\"name\":\"Macustica\",\"description\":\"\",\"publisher\":{\"@id\":\"https:\/\/macustica.com\/ca\/#organization\"},\"potentialAction\":[{\"@type\":\"SearchAction\",\"target\":{\"@type\":\"EntryPoint\",\"urlTemplate\":\"https:\/\/macustica.com\/ca\/?s={search_term_string}\"},\"query-input\":{\"@type\":\"PropertyValueSpecification\",\"valueRequired\":true,\"valueName\":\"search_term_string\"}}],\"inLanguage\":\"ca\"},{\"@type\":\"Organization\",\"@id\":\"https:\/\/macustica.com\/ca\/#organization\",\"name\":\"Mac\u00fastica\",\"alternateName\":\"Mac\u00fastica\",\"url\":\"https:\/\/macustica.com\/ca\/\",\"logo\":{\"@type\":\"ImageObject\",\"inLanguage\":\"ca\",\"@id\":\"https:\/\/macustica.com\/ca\/#\/schema\/logo\/image\/\",\"url\":\"https:\/\/macustica.com\/wp-content\/uploads\/2023\/03\/logo-macustica.png\",\"contentUrl\":\"https:\/\/macustica.com\/wp-content\/uploads\/2023\/03\/logo-macustica.png\",\"width\":300,\"height\":85,\"caption\":\"Mac\u00fastica\"},\"image\":{\"@id\":\"https:\/\/macustica.com\/ca\/#\/schema\/logo\/image\/\"},\"sameAs\":[\"https:\/\/www.facebook.com\/macusticaingenieria\/?ref=bookmarks\",\"https:\/\/x.com\/m_acustica\",\"https:\/\/www.instagram.com\/macustica\/\",\"https:\/\/www.linkedin.com\/company\/15081962?trk=tyah&trkInfo=clickedVerticalcompanyclickedEntityId15081962idx1-1-1tarId1472140082122tasmacustica\"]}]}<\/script>\n<!-- \/ Yoast SEO plugin. -->","yoast_head_json":{"title":"Contacte - Macustica","robots":{"index":"index","follow":"follow","max-snippet":"max-snippet:-1","max-image-preview":"max-image-preview:large","max-video-preview":"max-video-preview:-1"},"canonical":"https:\/\/macustica.com\/ca\/contacte\/","og_locale":"ca_ES","og_type":"article","og_title":"Contacte - Macustica","og_description":"Contacta amb nosaltres Pots posar-te en contacte amb nosaltres a trav\u00e9s del nostre tel\u00e8fon, per Whatsapp o emplenant el seg\u00fcent formulari. Estarem encantats d&#8217;atendre&#8217;t! Informaci\u00f3 692 31 97 67 info@macustica.com BALEARES: C\/ Novelista P\u00e9rez Gald\u00f3s 3, 07300, Inca \u2013 Baleares ANDALUC\u00cdA: C\/ Huerto 2, 23760, Arjona, Ja\u00e9n","og_url":"https:\/\/macustica.com\/ca\/contacte\/","og_site_name":"Macustica","article_publisher":"https:\/\/www.facebook.com\/macusticaingenieria\/?ref=bookmarks","article_modified_time":"2023-08-04T20:42:22+00:00","og_image":[{"url":"https:\/\/macustica.com\/wp-content\/uploads\/2023\/07\/contacta-con-nosotros.jpg","type":"","width":"","height":""}],"twitter_card":"summary_large_image","twitter_site":"@m_acustica","schema":{"@context":"https:\/\/schema.org","@graph":[{"@type":"WebPage","@id":"https:\/\/macustica.com\/ca\/contacte\/","url":"https:\/\/macustica.com\/ca\/contacte\/","name":"Contacte - Macustica","isPartOf":{"@id":"https:\/\/macustica.com\/ca\/#website"},"primaryImageOfPage":{"@id":"https:\/\/macustica.com\/ca\/contacte\/#primaryimage"},"image":{"@id":"https:\/\/macustica.com\/ca\/contacte\/#primaryimage"},"thumbnailUrl":"https:\/\/macustica.com\/wp-content\/uploads\/2023\/07\/contacta-con-nosotros.jpg","datePublished":"2020-05-07T05:12:42+00:00","dateModified":"2023-08-04T20:42:22+00:00","breadcrumb":{"@id":"https:\/\/macustica.com\/ca\/contacte\/#breadcrumb"},"inLanguage":"ca","potentialAction":[{"@type":"ReadAction","target":["https:\/\/macustica.com\/ca\/contacte\/"]}]},{"@type":"ImageObject","inLanguage":"ca","@id":"https:\/\/macustica.com\/ca\/contacte\/#primaryimage","url":"https:\/\/macustica.com\/wp-content\/uploads\/2023\/07\/contacta-con-nosotros.jpg","contentUrl":"https:\/\/macustica.com\/wp-content\/uploads\/2023\/07\/contacta-con-nosotros.jpg"},{"@type":"BreadcrumbList","@id":"https:\/\/macustica.com\/ca\/contacte\/#breadcrumb","itemListElement":[{"@type":"ListItem","position":1,"name":"Portada","item":"https:\/\/macustica.com\/ca\/inici\/"},{"@type":"ListItem","position":2,"name":"Contacte"}]},{"@type":"WebSite","@id":"https:\/\/macustica.com\/ca\/#website","url":"https:\/\/macustica.com\/ca\/","name":"Macustica","description":"","publisher":{"@id":"https:\/\/macustica.com\/ca\/#organization"},"potentialAction":[{"@type":"SearchAction","target":{"@type":"EntryPoint","urlTemplate":"https:\/\/macustica.com\/ca\/?s={search_term_string}"},"query-input":{"@type":"PropertyValueSpecification","valueRequired":true,"valueName":"search_term_string"}}],"inLanguage":"ca"},{"@type":"Organization","@id":"https:\/\/macustica.com\/ca\/#organization","name":"Mac\u00fastica","alternateName":"Mac\u00fastica","url":"https:\/\/macustica.com\/ca\/","logo":{"@type":"ImageObject","inLanguage":"ca","@id":"https:\/\/macustica.com\/ca\/#\/schema\/logo\/image\/","url":"https:\/\/macustica.com\/wp-content\/uploads\/2023\/03\/logo-macustica.png","contentUrl":"https:\/\/macustica.com\/wp-content\/uploads\/2023\/03\/logo-macustica.png","width":300,"height":85,"caption":"Mac\u00fastica"},"image":{"@id":"https:\/\/macustica.com\/ca\/#\/schema\/logo\/image\/"},"sameAs":["https:\/\/www.facebook.com\/macusticaingenieria\/?ref=bookmarks","https:\/\/x.com\/m_acustica","https:\/\/www.instagram.com\/macustica\/","https:\/\/www.linkedin.com\/company\/15081962?trk=tyah&trkInfo=clickedVerticalcompanyclickedEntityId15081962idx1-1-1tarId1472140082122tasmacustica"]}]}},"_links":{"self":[{"href":"https:\/\/macustica.com\/ca\/wp-json\/wp\/v2\/pages\/3700","targetHints":{"allow":["GET"]}}],"collection":[{"href":"https:\/\/macustica.com\/ca\/wp-json\/wp\/v2\/pages"}],"about":[{"href":"https:\/\/macustica.com\/ca\/wp-json\/wp\/v2\/types\/page"}],"author":[{"embeddable":true,"href":"https:\/\/macustica.com\/ca\/wp-json\/wp\/v2\/users\/1"}],"replies":[{"embeddable":true,"href":"https:\/\/macustica.com\/ca\/wp-json\/wp\/v2\/comments?post=3700"}],"version-history":[{"count":0,"href":"https:\/\/macustica.com\/ca\/wp-json\/wp\/v2\/pages\/3700\/revisions"}],"wp:attachment":[{"href":"https:\/\/macustica.com\/ca\/wp-json\/wp\/v2\/media?parent=3700"}],"curies":[{"name":"wp","href":"https:\/\/api.w.org\/{rel}","templated":true}]}}